{"id":37964,"date":"2024-09-10T08:28:20","date_gmt":"2024-09-10T08:28:20","guid":{"rendered":"https:\/\/cultivers.es\/abonos\/sementes-de-salsa-encaracolada-biologica-fijne-krul\/"},"modified":"2025-09-22T05:22:05","modified_gmt":"2025-09-22T05:22:05","slug":"sementes-de-salsa-encaracolada-biologica-fijne-krul","status":"publish","type":"product","link":"https:\/\/cultivers.es\/pt-pt\/fertilizantes\/sementes-de-salsa-encaracolada-biologica-fijne-krul\/","title":{"rendered":"Sementes de salsa encaracolada Fijne Krul"},"content":{"rendered":"","protected":false},"excerpt":{"rendered":"<p>Cultiva um toque de sofistica\u00e7\u00e3o no teu jardim com as nossas sementes de salsa encaracolada Organic Fijne Krul. Esta variedade distingue-se pelas suas folhas finamente enroladas, de um verde profundo, ideais para embelezar os teus pratos e enriquec\u00ea-los com um sabor fresco e arom\u00e1tico. A salsa encaracolada Fijne Krul \u00e9 perfeita para aqueles que procuram acrescentar est\u00e9tica e funcionalidade ao seu jardim culin\u00e1rio.  <\/p>\n<ul>\n<li><strong>Folha altamente decorativa:<\/strong> A salsa encaracolada Fijne Krul \u00e9 famosa pelas suas folhas densamente encaracoladas, que n\u00e3o s\u00e3o apenas um deleite visual, mas tamb\u00e9m perfeitas para dar um toque especial a qualquer apresenta\u00e7\u00e3o culin\u00e1ria.<\/li>\n<li><strong>Versatilidade culin\u00e1ria:<\/strong> Este tipo de salsa \u00e9 muito apreciado na cozinha pelo seu sabor fresco e ligeiramente picante, ideal para temperar pratos de carne, peixe, sopas, molhos e saladas.<\/li>\n<li><strong>F\u00e1cil de cultivar:<\/strong> Resistente e adapt\u00e1vel, a Curly Parsley Fijne Krul cresce bem a pleno sol ou sombra parcial, e \u00e9 adequada para uma variedade de climas e tipos de solo. Isto torna-a acess\u00edvel a jardineiros de todos os n\u00edveis de experi\u00eancia. <\/li>\n<li><strong>Cultivo org\u00e2nico:<\/strong> Cultivadas segundo normas org\u00e2nicas rigorosas, as nossas sementes est\u00e3o isentas de pesticidas e fertilizantes qu\u00edmicos, garantindo uma colheita saud\u00e1vel e sustent\u00e1vel.<\/li>\n<li><strong>Benef\u00edcios para a sa\u00fade:<\/strong> Rica em vitaminas e minerais, a salsa n\u00e3o s\u00f3 melhora os teus pratos do ponto de vista gastron\u00f3mico, como tamb\u00e9m proporciona importantes benef\u00edcios nutricionais, como a melhoria da sa\u00fade imunit\u00e1ria e da digest\u00e3o.<\/li>\n<\/ul>\n<p>Embeleza e enriquece o teu jardim e a tua cozinha com a requintada salsa encaracolada Fijne Krul. Compra hoje as nossas sementes biol\u00f3gicas e desfruta da frescura e beleza desta bela erva na tua pr\u00f3pria casa, encomenda agora e transforma os teus pratos com o seu sabor e est\u00e9tica \u00fanicos!  <\/p>\n","protected":false},"featured_media":33822,"comment_status":"open","ping_status":"closed","template":"","meta":{"_acf_changed":false},"product_brand":[],"product_cat":[737,427],"product_tag":[1578],"class_list":{"0":"post-37964","1":"product","2":"type-product","3":"status-publish","4":"has-post-thumbnail","6":"product_cat-sementes-aromaticas-biologicas","7":"product_cat-sementes-organicas-2","8":"product_tag-eco","10":"first","11":"instock","12":"taxable","13":"shipping-taxable","14":"purchasable","15":"product-type-simple"},"acf":[],"_links":{"self":[{"href":"https:\/\/cultivers.es\/pt-pt\/wp-json\/wp\/v2\/product\/37964","targetHints":{"allow":["GET"]}}],"collection":[{"href":"https:\/\/cultivers.es\/pt-pt\/wp-json\/wp\/v2\/product"}],"about":[{"href":"https:\/\/cultivers.es\/pt-pt\/wp-json\/wp\/v2\/types\/product"}],"replies":[{"embeddable":true,"href":"https:\/\/cultivers.es\/pt-pt\/wp-json\/wp\/v2\/comments?post=37964"}],"wp:featuredmedia":[{"embeddable":true,"href":"https:\/\/cultivers.es\/pt-pt\/wp-json\/wp\/v2\/media\/33822"}],"wp:attachment":[{"href":"https:\/\/cultivers.es\/pt-pt\/wp-json\/wp\/v2\/media?parent=37964"}],"wp:term":[{"taxonomy":"product_brand","embeddable":true,"href":"https:\/\/cultivers.es\/pt-pt\/wp-json\/wp\/v2\/product_brand?post=37964"},{"taxonomy":"product_cat","embeddable":true,"href":"https:\/\/cultivers.es\/pt-pt\/wp-json\/wp\/v2\/product_cat?post=37964"},{"taxonomy":"product_tag","embeddable":true,"href":"https:\/\/cultivers.es\/pt-pt\/wp-json\/wp\/v2\/product_tag?post=37964"}],"curies":[{"name":"wp","href":"https:\/\/api.w.org\/{rel}","templated":true}]}}