{"id":37965,"date":"2024-09-10T09:53:20","date_gmt":"2024-09-10T09:53:20","guid":{"rendered":"https:\/\/cultivers.es\/abonos\/sementes-de-pepino-organico-white-wonder\/"},"modified":"2025-09-22T04:50:30","modified_gmt":"2025-09-22T04:50:30","slug":"sementes-de-pepino-organico-white-wonder","status":"publish","type":"product","link":"https:\/\/cultivers.es\/pt-pt\/fertilizantes\/sementes-de-pepino-organico-white-wonder\/","title":{"rendered":"Sementes de pepino White Wonder"},"content":{"rendered":"","protected":false},"excerpt":{"rendered":"<p>Descobre o encanto de cultivar pepinos com um toque distinto com as nossas sementes de pepino org\u00e2nico White Wonder. Esta variedade \u00fanica produz pepinos brancos e cremosos, conhecidos pela sua textura crocante e sabor suave. Perfeitos para saladas, para fazer pickles ou simplesmente para saborear frescos, os pepinos White Wonder acrescentam um elemento surpreendente e elegante ao teu jardim e \u00e0 tua cozinha.  <\/p>\n<ul>\n<li><strong>Cor \u00fanica:<\/strong> Os pepinos White Wonder destacam-se pela sua pele branca e cremosa, o que os torna uma adi\u00e7\u00e3o visualmente apelativa a qualquer prato.<\/li>\n<li><strong>Sabor suave e textura estaladi\u00e7a:<\/strong> Estes pepinos oferecem um sabor refrescante e suave, ideal para quem prefere um sabor menos intenso. A sua textura crocante torna-os perfeitos para saladas frescas ou como um snack saud\u00e1vel. <\/li>\n<li><strong>Cultivo vers\u00e1til:<\/strong> Adequado tanto para o cultivo em campo aberto como em estufa, o pepino White Wonder \u00e9 resistente e adapt\u00e1vel a diversos ambientes e condi\u00e7\u00f5es de solo, tornando-o f\u00e1cil de cultivar numa vasta gama de locais.<\/li>\n<li><strong>Alta Produtividade:<\/strong> Esta variedade produz uma grande quantidade de frutos durante toda a esta\u00e7\u00e3o, garantindo uma colheita abundante ideal para fam\u00edlias numerosas ou para quem gosta de conservar os seus legumes.<\/li>\n<li><strong>Cultivo org\u00e2nico:<\/strong> As nossas sementes s\u00e3o 100% org\u00e2nicas, cultivadas sem o uso de pesticidas ou fertilizantes qu\u00edmicos, garantindo um produto saud\u00e1vel e sustent\u00e1vel.<\/li>\n<\/ul>\n<p>D\u00e1 um toque de eleg\u00e2ncia e frescura ao teu jardim com o Pepino Branco Maravilha. Cultiva os teus pr\u00f3prios pepinos \u00fanicos e desfruta do seu sabor suave e textura estaladi\u00e7a. Compra hoje as nossas sementes de pepino White Wonder org\u00e2nico e come\u00e7a a desfrutar dos benef\u00edcios de um jardim verdadeiramente \u00fanico!  <\/p>\n","protected":false},"featured_media":33829,"comment_status":"open","ping_status":"closed","template":"","meta":{"_acf_changed":false},"product_brand":[],"product_cat":[429,427],"product_tag":[1578],"class_list":{"0":"post-37965","1":"product","2":"type-product","3":"status-publish","4":"has-post-thumbnail","6":"product_cat-sementes-de-frutas-e-legumes-biologicos","7":"product_cat-sementes-organicas-2","8":"product_tag-eco","10":"first","11":"instock","12":"taxable","13":"shipping-taxable","14":"purchasable","15":"product-type-simple"},"acf":[],"_links":{"self":[{"href":"https:\/\/cultivers.es\/pt-pt\/wp-json\/wp\/v2\/product\/37965","targetHints":{"allow":["GET"]}}],"collection":[{"href":"https:\/\/cultivers.es\/pt-pt\/wp-json\/wp\/v2\/product"}],"about":[{"href":"https:\/\/cultivers.es\/pt-pt\/wp-json\/wp\/v2\/types\/product"}],"replies":[{"embeddable":true,"href":"https:\/\/cultivers.es\/pt-pt\/wp-json\/wp\/v2\/comments?post=37965"}],"wp:featuredmedia":[{"embeddable":true,"href":"https:\/\/cultivers.es\/pt-pt\/wp-json\/wp\/v2\/media\/33829"}],"wp:attachment":[{"href":"https:\/\/cultivers.es\/pt-pt\/wp-json\/wp\/v2\/media?parent=37965"}],"wp:term":[{"taxonomy":"product_brand","embeddable":true,"href":"https:\/\/cultivers.es\/pt-pt\/wp-json\/wp\/v2\/product_brand?post=37965"},{"taxonomy":"product_cat","embeddable":true,"href":"https:\/\/cultivers.es\/pt-pt\/wp-json\/wp\/v2\/product_cat?post=37965"},{"taxonomy":"product_tag","embeddable":true,"href":"https:\/\/cultivers.es\/pt-pt\/wp-json\/wp\/v2\/product_tag?post=37965"}],"curies":[{"name":"wp","href":"https:\/\/api.w.org\/{rel}","templated":true}]}}