{"id":37974,"date":"2024-09-10T10:04:21","date_gmt":"2024-09-10T10:04:21","guid":{"rendered":"https:\/\/cultivers.es\/abonos\/sementes-de-raiz-de-salsa-biologica\/"},"modified":"2025-09-22T04:51:03","modified_gmt":"2025-09-22T04:51:03","slug":"sementes-de-raiz-de-salsa-biologica","status":"publish","type":"product","link":"https:\/\/cultivers.es\/pt-pt\/fertilizantes\/sementes-de-raiz-de-salsa-biologica\/","title":{"rendered":"Sementes de raiz de salsa"},"content":{"rendered":"","protected":false},"excerpt":{"rendered":"<p>Explora um lado diferente da salsa com as nossas sementes de salsa de raiz biol\u00f3gica. Ao contr\u00e1rio da salsa normal, a salsa de raiz \u00e9 cultivada pelo seu tub\u00e9rculo comest\u00edvel, que oferece um sabor rico e ligeiramente doce, semelhante ao da pastinaca ou da cenoura branca. \u00c9 perfeita para sopas, guisados e como guarni\u00e7\u00e3o, acrescentando profundidade e nutri\u00e7\u00e3o aos teus pratos.  <\/p>\n<ul>\n<li><strong>Raiz comest\u00edvel:<\/strong> A salsa de raiz produz um tub\u00e9rculo grande e carnudo, ideal para a cozinha gourmet. O seu sabor \u00e9 uma mistura sofisticada e terrosa, que enriquece qualquer receita quente. <\/li>\n<li><strong>Versatilidade culin\u00e1ria:<\/strong> Utiliza a salsa de raiz numa grande variedade de pratos, desde sopas e guisados a pur\u00e9s e assados. A sua textura suave e o seu sabor \u00fanico fazem dela um excelente substituto ou complemento de outras ra\u00edzes e tub\u00e9rculos. <\/li>\n<li><strong>F\u00e1cil de cultivar:<\/strong> Esta planta resistente \u00e9 adequada para uma variedade de climas e tipos de solo, tornando-a acess\u00edvel a jardineiros de todos os n\u00edveis. Requer algum espa\u00e7o para o desenvolvimento das ra\u00edzes, mas geralmente requer pouca manuten\u00e7\u00e3o. <\/li>\n<li><strong>Benef\u00edcios nutricionais:<\/strong> Rica em vitaminas e minerais, a raiz de salsa \u00e9 uma excelente fonte de fibra, vitamina C e ferro, o que a torna t\u00e3o saud\u00e1vel quanto deliciosa.<\/li>\n<li>Cultivada <strong>organicamente:<\/strong> cultivada sob normas org\u00e2nicas rigorosas, esta raiz de salsa n\u00e3o s\u00f3 \u00e9 boa para ti, como tamb\u00e9m \u00e9 boa para o planeta. As nossas sementes s\u00e3o 100% livres de qu\u00edmicos e pesticidas, garantindo-te um produto puro e natural. <\/li>\n<\/ul>\n<p>Expande os limites do teu jardim e da tua cozinha com a salsa de raiz. As nossas sementes org\u00e2nicas permitem-te explorar novos sabores e texturas, ao mesmo tempo que contribuem para um estilo de vida mais saud\u00e1vel e sustent\u00e1vel. Encomenda hoje e come\u00e7a a descobrir os segredos culin\u00e1rios da salsa de raiz!  <\/p>\n","protected":false},"featured_media":33837,"comment_status":"open","ping_status":"closed","template":"","meta":{"_acf_changed":false},"product_brand":[],"product_cat":[737,439,427],"product_tag":[1578],"class_list":{"0":"post-37974","1":"product","2":"type-product","3":"status-publish","4":"has-post-thumbnail","6":"product_cat-sementes-aromaticas-biologicas","7":"product_cat-sementes-de-raizes-organicas","8":"product_cat-sementes-organicas-2","9":"product_tag-eco","11":"first","12":"instock","13":"taxable","14":"shipping-taxable","15":"purchasable","16":"product-type-simple"},"acf":[],"_links":{"self":[{"href":"https:\/\/cultivers.es\/pt-pt\/wp-json\/wp\/v2\/product\/37974","targetHints":{"allow":["GET"]}}],"collection":[{"href":"https:\/\/cultivers.es\/pt-pt\/wp-json\/wp\/v2\/product"}],"about":[{"href":"https:\/\/cultivers.es\/pt-pt\/wp-json\/wp\/v2\/types\/product"}],"replies":[{"embeddable":true,"href":"https:\/\/cultivers.es\/pt-pt\/wp-json\/wp\/v2\/comments?post=37974"}],"wp:featuredmedia":[{"embeddable":true,"href":"https:\/\/cultivers.es\/pt-pt\/wp-json\/wp\/v2\/media\/33837"}],"wp:attachment":[{"href":"https:\/\/cultivers.es\/pt-pt\/wp-json\/wp\/v2\/media?parent=37974"}],"wp:term":[{"taxonomy":"product_brand","embeddable":true,"href":"https:\/\/cultivers.es\/pt-pt\/wp-json\/wp\/v2\/product_brand?post=37974"},{"taxonomy":"product_cat","embeddable":true,"href":"https:\/\/cultivers.es\/pt-pt\/wp-json\/wp\/v2\/product_cat?post=37974"},{"taxonomy":"product_tag","embeddable":true,"href":"https:\/\/cultivers.es\/pt-pt\/wp-json\/wp\/v2\/product_tag?post=37974"}],"curies":[{"name":"wp","href":"https:\/\/api.w.org\/{rel}","templated":true}]}}