{"id":37975,"date":"2024-09-10T10:10:30","date_gmt":"2024-09-10T10:10:30","guid":{"rendered":"https:\/\/cultivers.es\/abonos\/sementes-de-tremoco-azul-organico\/"},"modified":"2025-09-22T04:50:39","modified_gmt":"2025-09-22T04:50:39","slug":"sementes-de-tremoco-azul-organico","status":"publish","type":"product","link":"https:\/\/cultivers.es\/pt-pt\/fertilizantes\/sementes-de-tremoco-azul-organico\/","title":{"rendered":"Sementes de tremo\u00e7o azul"},"content":{"rendered":"","protected":false},"excerpt":{"rendered":"<div class=\"flex-shrink-0 flex flex-col relative items-end\">\n<div>\n<div class=\"pt-0\">\n<div class=\"gizmo-bot-avatar flex h-8 w-8 items-center justify-center overflow-hidden rounded-full\"><\/div>\n<\/div>\n<\/div>\n<\/div>\n<div class=\"group\/conversation-turn relative flex w-full min-w-0 flex-col agent-turn\">\n<div class=\"flex-col gap-1 md:gap-3\">\n<div class=\"flex max-w-full flex-col flex-grow AIPRM__conversation__response\">\n<div class=\"min-h-[20px] text-message flex w-full flex-col items-end gap-2 whitespace-normal break-words [.text-message+&amp;]:mt-5\" dir=\"auto\" data-message-author-role=\"assistant\" data-message-id=\"3111d635-fd30-4d4c-8429-5c710930b4b0\">\n<div class=\"flex w-full flex-col gap-1 empty:hidden first:pt-[3px]\">\n<div class=\"markdown prose w-full break-words dark:prose-invert light\">\n<p>Introduz um espet\u00e1culo de cor e sustentabilidade no teu jardim com as nossas sementes de tremo\u00e7o azul org\u00e2nico. Esta planta n\u00e3o s\u00f3 embeleza o espa\u00e7o com as suas flores azuis vibrantes, como tamb\u00e9m desempenha um papel crucial na melhoria da qualidade do solo, gra\u00e7as \u00e0 sua capacidade de fixar o azoto, enriquecendo o ambiente do teu jardim. <\/p>\n<ul>\n<li><strong>Flores vibrantes:<\/strong> O tremo\u00e7o azul \u00e9 conhecido pelas suas flores deslumbrantes em tons intensos de azul, que d\u00e3o um toque dram\u00e1tico e colorido a qualquer jardim.<\/li>\n<li><strong>Melhoramento do solo:<\/strong> Como leguminosa, o tremo\u00e7o azul fixa naturalmente o azoto no solo, o que melhora a fertilidade do solo sem a necessidade de fertilizantes qu\u00edmicos. Isto torna-o uma excelente escolha para a rota\u00e7\u00e3o de culturas e hortas biol\u00f3gicas. <\/li>\n<li><strong>F\u00e1cil de cultivar:<\/strong> Embora prefira solos bem drenados e uma boa exposi\u00e7\u00e3o solar, o tremo\u00e7o azul \u00e9 relativamente f\u00e1cil de cultivar e pode adaptar-se a uma variedade de condi\u00e7\u00f5es clim\u00e1ticas e de solo.<\/li>\n<li><strong>Sustentabilidade:<\/strong> Cultivar o tremo\u00e7o azul \u00e9 uma forma eficaz de apoiar a sustentabilidade no teu jardim. Ao melhorares a sa\u00fade do solo de forma natural, promoves um ecossistema mais equilibrado e resistente. <\/li>\n<li><strong>Cultivo org\u00e2nico:<\/strong> As nossas sementes s\u00e3o 100% org\u00e2nicas, garantindo que o teu jardim permanece livre de qu\u00edmicos e pesticidas, e promovendo pr\u00e1ticas de jardinagem mais verdes e saud\u00e1veis.<\/li>\n<\/ul>\n<p>Transforma o teu jardim num para\u00edso de cor e sustentabilidade com as nossas sementes de tremo\u00e7o azul org\u00e2nico. N\u00e3o s\u00f3 embelezar\u00e1s o teu espa\u00e7o com flores deslumbrantes, como tamb\u00e9m contribuir\u00e1s para a sa\u00fade ambiental do teu jardim. Encomenda hoje e come\u00e7a a cultivar beleza e benef\u00edcios ecol\u00f3gicos!  <\/p>\n<\/div>\n<\/div>\n<\/div>\n<\/div>\n<\/div>\n<\/div>\n","protected":false},"featured_media":33844,"comment_status":"open","ping_status":"closed","template":"","meta":{"_acf_changed":false},"product_brand":[],"product_cat":[759,427],"product_tag":[1578],"woo-feed-brand":[],"class_list":{"0":"post-37975","1":"product","2":"type-product","3":"status-publish","4":"has-post-thumbnail","6":"product_cat-sementes-de-leguminosas-biologicas","7":"product_cat-sementes-organicas-2","8":"product_tag-eco","10":"first","11":"instock","12":"taxable","13":"shipping-taxable","14":"purchasable","15":"product-type-simple"},"acf":[],"_links":{"self":[{"href":"https:\/\/cultivers.es\/pt-pt\/wp-json\/wp\/v2\/product\/37975","targetHints":{"allow":["GET"]}}],"collection":[{"href":"https:\/\/cultivers.es\/pt-pt\/wp-json\/wp\/v2\/product"}],"about":[{"href":"https:\/\/cultivers.es\/pt-pt\/wp-json\/wp\/v2\/types\/product"}],"replies":[{"embeddable":true,"href":"https:\/\/cultivers.es\/pt-pt\/wp-json\/wp\/v2\/comments?post=37975"}],"wp:featuredmedia":[{"embeddable":true,"href":"https:\/\/cultivers.es\/pt-pt\/wp-json\/wp\/v2\/media\/33844"}],"wp:attachment":[{"href":"https:\/\/cultivers.es\/pt-pt\/wp-json\/wp\/v2\/media?parent=37975"}],"wp:term":[{"taxonomy":"product_brand","embeddable":true,"href":"https:\/\/cultivers.es\/pt-pt\/wp-json\/wp\/v2\/product_brand?post=37975"},{"taxonomy":"product_cat","embeddable":true,"href":"https:\/\/cultivers.es\/pt-pt\/wp-json\/wp\/v2\/product_cat?post=37975"},{"taxonomy":"product_tag","embeddable":true,"href":"https:\/\/cultivers.es\/pt-pt\/wp-json\/wp\/v2\/product_tag?post=37975"},{"taxonomy":"woo-feed-brand","embeddable":true,"href":"https:\/\/cultivers.es\/pt-pt\/wp-json\/wp\/v2\/woo-feed-brand?post=37975"}],"curies":[{"name":"wp","href":"https:\/\/api.w.org\/{rel}","templated":true}]}}