{"id":37984,"date":"2024-09-10T12:08:58","date_gmt":"2024-09-10T12:08:58","guid":{"rendered":"https:\/\/cultivers.es\/abonos\/sementes-de-tomate-cherry-sweetie-organico\/"},"modified":"2026-03-19T07:06:16","modified_gmt":"2026-03-19T07:06:16","slug":"sementes-de-tomate-cherry-sweetie-organico","status":"publish","type":"product","link":"https:\/\/cultivers.es\/pt-pt\/fertilizantes\/sementes-de-tomate-cherry-sweetie-organico\/","title":{"rendered":"Sementes de Tomate Cherry Sweetie"},"content":{"rendered":"","protected":false},"excerpt":{"rendered":"<p>Adiciona um toque de do\u00e7ura ao teu jardim com as nossas sementes de tomate Cherry Sweetie org\u00e2nico. Esta variedade de tomate-cereja \u00e9 conhecida pelo seu elevado teor de a\u00e7\u00facar, que produz frutos pequenos, redondos e excecionalmente doces, perfeitos para saladas, lanches ou simplesmente para desfrutar diretamente do jardim. <\/p>\n<ul>\n<li><strong>Sabor excecionalmente doce:<\/strong> Os tomates Cherry Sweetie s\u00e3o apreciados pelo seu sabor incrivelmente doce e sumarento, o que os torna os favoritos de crian\u00e7as e adultos.<\/li>\n<li><strong>Colheita abundante:<\/strong> Esta variedade produz cachos de tomates que amadurecem simultaneamente, garantindo uma colheita abundante que podes desfrutar durante toda a esta\u00e7\u00e3o.<\/li>\n<li><strong>Crescimento vigoroso:<\/strong> Com o seu crescimento robusto e vigoroso, o Tomate Cherry Sweetie \u00e9 f\u00e1cil de cultivar tanto em vasos como no solo, adaptando-se bem a uma variedade de condi\u00e7\u00f5es de jardim.<\/li>\n<li><strong>Utiliza\u00e7\u00e3o vers\u00e1til:<\/strong> O seu tamanho pequeno e sabor doce fazem do tomate Cherry Sweetie um complemento perfeito para tudo, desde saladas frescas a deliciosas pizzas e molhos.<\/li>\n<li><strong>Cultivo org\u00e2nico:<\/strong> Cultivadas sem o uso de pesticidas ou fertilizantes qu\u00edmicos, as nossas sementes org\u00e2nicas garantem um produto saud\u00e1vel e amigo do ambiente, ideal para um estilo de vida sustent\u00e1vel.<\/li>\n<\/ul>\n<p>Experimenta o doce sabor do sucesso no teu jardim com as nossas sementes org\u00e2nicas de tomate Cherry Sweetie. Cultiva os teus pr\u00f3prios tomates cereja e desfruta da frescura e qualidade que s\u00f3 os tomates cultivados em casa podem oferecer - encomenda agora e come\u00e7a a desfrutar destes deliciosos peda\u00e7os da natureza!  <\/p>\n","protected":false},"featured_media":33853,"comment_status":"open","ping_status":"closed","template":"","meta":{"_acf_changed":false},"product_brand":[],"product_cat":[429,427],"product_tag":[1578],"class_list":{"0":"post-37984","1":"product","2":"type-product","3":"status-publish","4":"has-post-thumbnail","6":"product_cat-sementes-de-frutas-e-legumes-biologicos","7":"product_cat-sementes-organicas-2","8":"product_tag-eco","10":"first","11":"instock","12":"taxable","13":"shipping-taxable","14":"purchasable","15":"product-type-simple"},"acf":[],"_links":{"self":[{"href":"https:\/\/cultivers.es\/pt-pt\/wp-json\/wp\/v2\/product\/37984","targetHints":{"allow":["GET"]}}],"collection":[{"href":"https:\/\/cultivers.es\/pt-pt\/wp-json\/wp\/v2\/product"}],"about":[{"href":"https:\/\/cultivers.es\/pt-pt\/wp-json\/wp\/v2\/types\/product"}],"replies":[{"embeddable":true,"href":"https:\/\/cultivers.es\/pt-pt\/wp-json\/wp\/v2\/comments?post=37984"}],"wp:featuredmedia":[{"embeddable":true,"href":"https:\/\/cultivers.es\/pt-pt\/wp-json\/wp\/v2\/media\/33853"}],"wp:attachment":[{"href":"https:\/\/cultivers.es\/pt-pt\/wp-json\/wp\/v2\/media?parent=37984"}],"wp:term":[{"taxonomy":"product_brand","embeddable":true,"href":"https:\/\/cultivers.es\/pt-pt\/wp-json\/wp\/v2\/product_brand?post=37984"},{"taxonomy":"product_cat","embeddable":true,"href":"https:\/\/cultivers.es\/pt-pt\/wp-json\/wp\/v2\/product_cat?post=37984"},{"taxonomy":"product_tag","embeddable":true,"href":"https:\/\/cultivers.es\/pt-pt\/wp-json\/wp\/v2\/product_tag?post=37984"}],"curies":[{"name":"wp","href":"https:\/\/api.w.org\/{rel}","templated":true}]}}