{"id":37985,"date":"2024-09-10T12:26:31","date_gmt":"2024-09-10T12:26:31","guid":{"rendered":"https:\/\/cultivers.es\/abonos\/sementes-de-tomate-organico-orange-banana\/"},"modified":"2025-09-22T04:50:47","modified_gmt":"2025-09-22T04:50:47","slug":"sementes-de-tomate-organico-orange-banana","status":"publish","type":"product","link":"https:\/\/cultivers.es\/pt-pt\/fertilizantes\/sementes-de-tomate-organico-orange-banana\/","title":{"rendered":"Sementes de tomate Orange Banana"},"content":{"rendered":"","protected":false},"excerpt":{"rendered":"<p>D\u00e1 um toque de inova\u00e7\u00e3o e exotismo ao teu jardim com as nossas sementes de tomate Orange Banana org\u00e2nico. Esta variedade de tomate distinta caracteriza-se pela sua forma alongada e cor laranja vibrante, oferecendo uma textura firme e um sabor doce e frutado que enriquecer\u00e1 as tuas saladas, molhos e conservas. <\/p>\n<ul>\n<li><strong>Cor vibrante e forma \u00fanica:<\/strong> O tomate Orange Banana \u00e9 not\u00e1vel pela sua cor laranja brilhante e pela sua forma alongada, semelhante a uma banana, o que o torna um favorito tanto para jardins decorativos como para cozinhas criativas.<\/li>\n<li><strong>Sabor Doce e Frutado:<\/strong> Com um equil\u00edbrio perfeito entre a do\u00e7ura e a acidez, este tomate \u00e9 ideal para quem procura uma alternativa aos sabores tradicionais do tomate vermelho. O seu sabor complexo torna-o perfeito para ser o protagonista de qualquer prato. <\/li>\n<li><strong>Alta Produtividade:<\/strong> Apesar do seu exotismo, o tomate Orange Banana \u00e9 uma planta robusta e produtiva, oferecendo numerosos frutos por planta e prolongando a colheita durante toda a esta\u00e7\u00e3o.<\/li>\n<li><strong>Versatilidade culin\u00e1ria:<\/strong> Este tomate \u00e9 excecionalmente vers\u00e1til na cozinha, perfeito para comer fresco, em saladas, ou usado em molhos e conservas onde a sua cor e sabor podem realmente brilhar.<\/li>\n<li><strong>Cultivo org\u00e2nico:<\/strong> Cultivadas sob rigorosas normas org\u00e2nicas, as nossas sementes garantem um cultivo livre de qu\u00edmicos, proporcionando um produto saud\u00e1vel e amigo do ambiente.<\/li>\n<\/ul>\n<p>Transforma o teu jardim e a tua mesa com o exclusivo Tomate Orange Banana. As nossas sementes org\u00e2nicas permitem-te cultivar um tomate que n\u00e3o s\u00f3 \u00e9 delicioso e saud\u00e1vel, mas tamb\u00e9m um verdadeiro deleite visual. Encomenda hoje e d\u00e1 um passo em dire\u00e7\u00e3o a um jardim mais vibrante e a uma cozinha mais criativa!  <\/p>\n","protected":false},"featured_media":33860,"comment_status":"open","ping_status":"closed","template":"","meta":{"_acf_changed":false},"product_brand":[],"product_cat":[429,427],"product_tag":[1578],"class_list":{"0":"post-37985","1":"product","2":"type-product","3":"status-publish","4":"has-post-thumbnail","6":"product_cat-sementes-de-frutas-e-legumes-biologicos","7":"product_cat-sementes-organicas-2","8":"product_tag-eco","10":"first","11":"instock","12":"taxable","13":"shipping-taxable","14":"purchasable","15":"product-type-simple"},"acf":[],"_links":{"self":[{"href":"https:\/\/cultivers.es\/pt-pt\/wp-json\/wp\/v2\/product\/37985","targetHints":{"allow":["GET"]}}],"collection":[{"href":"https:\/\/cultivers.es\/pt-pt\/wp-json\/wp\/v2\/product"}],"about":[{"href":"https:\/\/cultivers.es\/pt-pt\/wp-json\/wp\/v2\/types\/product"}],"replies":[{"embeddable":true,"href":"https:\/\/cultivers.es\/pt-pt\/wp-json\/wp\/v2\/comments?post=37985"}],"wp:featuredmedia":[{"embeddable":true,"href":"https:\/\/cultivers.es\/pt-pt\/wp-json\/wp\/v2\/media\/33860"}],"wp:attachment":[{"href":"https:\/\/cultivers.es\/pt-pt\/wp-json\/wp\/v2\/media?parent=37985"}],"wp:term":[{"taxonomy":"product_brand","embeddable":true,"href":"https:\/\/cultivers.es\/pt-pt\/wp-json\/wp\/v2\/product_brand?post=37985"},{"taxonomy":"product_cat","embeddable":true,"href":"https:\/\/cultivers.es\/pt-pt\/wp-json\/wp\/v2\/product_cat?post=37985"},{"taxonomy":"product_tag","embeddable":true,"href":"https:\/\/cultivers.es\/pt-pt\/wp-json\/wp\/v2\/product_tag?post=37985"}],"curies":[{"name":"wp","href":"https:\/\/api.w.org\/{rel}","templated":true}]}}