{"id":37994,"date":"2024-09-10T12:37:19","date_gmt":"2024-09-10T12:37:19","guid":{"rendered":"https:\/\/cultivers.es\/abonos\/sementes-de-tomate-blue-beauty-indigo-organico\/"},"modified":"2026-02-06T16:09:28","modified_gmt":"2026-02-06T16:09:28","slug":"sementes-de-tomate-blue-beauty-indigo-organico","status":"publish","type":"product","link":"https:\/\/cultivers.es\/pt-pt\/fertilizantes\/sementes-de-tomate-blue-beauty-indigo-organico\/","title":{"rendered":"Sementes de Tomate \u00cdndigo Blue Beauty"},"content":{"rendered":"","protected":false},"excerpt":{"rendered":"<p>Introduz um elemento surpreendente no teu jardim com as nossas sementes de tomate Blue Beauty Indigo org\u00e2nico. Esta variedade excecional distingue-se pela sua pele azul escura, que se deve \u00e0 presen\u00e7a de antocianinas, os mesmos antioxidantes encontrados nos mirtilos. Quando maduros, estes tomates revelam uma bela mistura de cores azuis e vermelhas, proporcionando n\u00e3o s\u00f3 um impacto visual deslumbrante, mas tamb\u00e9m um sabor rico e complexo.  <\/p>\n<ul>\n<li><strong>Colora\u00e7\u00e3o \u00fanica:<\/strong> Os tomates Indigo Blue Beauty s\u00e3o famosos pela sua cor azul invulgar, que se torna vermelha nas partes do fruto que recebem o sol mais direto. Esta carater\u00edstica torna-os uma adi\u00e7\u00e3o espetacular a qualquer pomar. <\/li>\n<li><strong>Rico em Antioxidantes:<\/strong> O elevado teor de antocianinas n\u00e3o s\u00f3 proporciona a sua cor distintiva, como tamb\u00e9m oferece benef\u00edcios antioxidantes que s\u00e3o conhecidos por promover a sa\u00fade cardiovascular e fortalecer o sistema imunit\u00e1rio.<\/li>\n<li><strong>Sabor excecional:<\/strong> Estes tomates t\u00eam um sabor equilibrado e ligeiramente doce, o que os torna perfeitos para uma variedade de utiliza\u00e7\u00f5es culin\u00e1rias, desde saladas frescas a molhos e guisados.<\/li>\n<li><strong>Rendimento generoso:<\/strong> O tomate Indigo Blue Beauty \u00e9 uma planta vigorosa e produtiva, capaz de oferecer uma colheita abundante durante toda a esta\u00e7\u00e3o de crescimento.<\/li>\n<li><strong>Cultivo org\u00e2nico:<\/strong> As nossas sementes s\u00e3o 100% org\u00e2nicas, cultivadas sem o uso de pesticidas ou fertilizantes qu\u00edmicos, garantindo um produto saud\u00e1vel e sustent\u00e1vel para o teu jardim.<\/li>\n<\/ul>\n<p>Experimenta a beleza e os benef\u00edcios do tomate Indigo Blue Beauty. Cultiva estes tomates \u00fanicos e desfruta do seu impacto visual e benef\u00edcios nutricionais na tua pr\u00f3pria cozinha, encomenda hoje e leva a tua horta a um novo n\u00edvel de excel\u00eancia!  <\/p>\n","protected":false},"featured_media":33867,"comment_status":"open","ping_status":"closed","template":"","meta":{"_acf_changed":false},"product_brand":[],"product_cat":[429,427],"product_tag":[1578],"class_list":{"0":"post-37994","1":"product","2":"type-product","3":"status-publish","4":"has-post-thumbnail","6":"product_cat-sementes-de-frutas-e-legumes-biologicos","7":"product_cat-sementes-organicas-2","8":"product_tag-eco","10":"first","11":"instock","12":"taxable","13":"shipping-taxable","14":"purchasable","15":"product-type-simple"},"acf":[],"_links":{"self":[{"href":"https:\/\/cultivers.es\/pt-pt\/wp-json\/wp\/v2\/product\/37994","targetHints":{"allow":["GET"]}}],"collection":[{"href":"https:\/\/cultivers.es\/pt-pt\/wp-json\/wp\/v2\/product"}],"about":[{"href":"https:\/\/cultivers.es\/pt-pt\/wp-json\/wp\/v2\/types\/product"}],"replies":[{"embeddable":true,"href":"https:\/\/cultivers.es\/pt-pt\/wp-json\/wp\/v2\/comments?post=37994"}],"wp:featuredmedia":[{"embeddable":true,"href":"https:\/\/cultivers.es\/pt-pt\/wp-json\/wp\/v2\/media\/33867"}],"wp:attachment":[{"href":"https:\/\/cultivers.es\/pt-pt\/wp-json\/wp\/v2\/media?parent=37994"}],"wp:term":[{"taxonomy":"product_brand","embeddable":true,"href":"https:\/\/cultivers.es\/pt-pt\/wp-json\/wp\/v2\/product_brand?post=37994"},{"taxonomy":"product_cat","embeddable":true,"href":"https:\/\/cultivers.es\/pt-pt\/wp-json\/wp\/v2\/product_cat?post=37994"},{"taxonomy":"product_tag","embeddable":true,"href":"https:\/\/cultivers.es\/pt-pt\/wp-json\/wp\/v2\/product_tag?post=37994"}],"curies":[{"name":"wp","href":"https:\/\/api.w.org\/{rel}","templated":true}]}}