{"id":37995,"date":"2024-09-10T12:55:32","date_gmt":"2024-09-10T12:55:32","guid":{"rendered":"https:\/\/cultivers.es\/abonos\/sementes-de-tomate-citrina-organico\/"},"modified":"2025-09-22T04:50:58","modified_gmt":"2025-09-22T04:50:58","slug":"sementes-de-tomate-citrina-organico","status":"publish","type":"product","link":"https:\/\/cultivers.es\/pt-pt\/fertilizantes\/sementes-de-tomate-citrina-organico\/","title":{"rendered":"Sementes de tomate Citrine"},"content":{"rendered":"","protected":false},"excerpt":{"rendered":"<p>D\u00e1 um toque especial ao teu jardim com as nossas sementes de tomate Citrino org\u00e2nico. Este tomate, conhecido pela sua forma oval e cor amarela brilhante, assemelha-se a um pequeno lim\u00e3o tanto na apar\u00eancia como no sabor. O seu sabor ligeiramente c\u00edtrico e a sua textura crocante tornam o Tomate Citrina perfeito para saladas, aperitivos e outras prepara\u00e7\u00f5es culin\u00e1rias onde se deseja um toque refrescante.  <\/p>\n<ul>\n<li><strong>Cor vibrante e forma \u00fanica:<\/strong> Os tomates Citrina destacam-se pela sua cor amarela brilhante e pela sua forma oval, que faz lembrar um lim\u00e3o. Estes tomates n\u00e3o s\u00e3o apenas atraentes, mas tamb\u00e9m adicionam um elemento visual deslumbrante a qualquer prato. <\/li>\n<li><strong>Sabor fresco a citrinos:<\/strong> Com um perfil de sabor ligeiramente \u00e1cido, estes tomates oferecem uma experi\u00eancia culin\u00e1ria \u00fanica, ideal para quem procura inovar na cozinha com novos sabores.<\/li>\n<li><strong>Alta Produtividade:<\/strong> A planta de Tomate Citrina \u00e9 conhecida pela sua robustez e capacidade de produzir uma grande quantidade de frutos ao longo da temporada, garantindo uma colheita generosa.<\/li>\n<li><strong>F\u00e1cil de cultivar:<\/strong> Adequado para crescer numa variedade de climas e condi\u00e7\u00f5es de solo, o Tomate Citrino \u00e9 uma excelente escolha para jardineiros de todos os n\u00edveis, desde principiantes a especialistas.<\/li>\n<li><strong>Cultivo org\u00e2nico:<\/strong> As nossas sementes s\u00e3o 100% org\u00e2nicas, cultivadas sem o uso de pesticidas ou fertilizantes qu\u00edmicos, o que garante um produto saud\u00e1vel e amigo do ambiente.<\/li>\n<\/ul>\n<p>Adiciona sabor, cor e originalidade ao teu jardim com o Tomate Citrina. Estas sementes org\u00e2nicas v\u00e3o permitir-te desfrutar de tomates com um toque c\u00edtrico \u00fanico, perfeito para refrescar as tuas receitas favoritas. Encomenda agora e experimenta o sabor vibrante e a beleza do Tomate Citrina no teu pr\u00f3prio jardim!  <\/p>\n","protected":false},"featured_media":33874,"comment_status":"open","ping_status":"closed","template":"","meta":{"_acf_changed":false},"product_brand":[],"product_cat":[429,427],"product_tag":[1578],"class_list":{"0":"post-37995","1":"product","2":"type-product","3":"status-publish","4":"has-post-thumbnail","6":"product_cat-sementes-de-frutas-e-legumes-biologicos","7":"product_cat-sementes-organicas-2","8":"product_tag-eco","10":"first","11":"instock","12":"taxable","13":"shipping-taxable","14":"purchasable","15":"product-type-simple"},"acf":[],"_links":{"self":[{"href":"https:\/\/cultivers.es\/pt-pt\/wp-json\/wp\/v2\/product\/37995","targetHints":{"allow":["GET"]}}],"collection":[{"href":"https:\/\/cultivers.es\/pt-pt\/wp-json\/wp\/v2\/product"}],"about":[{"href":"https:\/\/cultivers.es\/pt-pt\/wp-json\/wp\/v2\/types\/product"}],"replies":[{"embeddable":true,"href":"https:\/\/cultivers.es\/pt-pt\/wp-json\/wp\/v2\/comments?post=37995"}],"wp:featuredmedia":[{"embeddable":true,"href":"https:\/\/cultivers.es\/pt-pt\/wp-json\/wp\/v2\/media\/33874"}],"wp:attachment":[{"href":"https:\/\/cultivers.es\/pt-pt\/wp-json\/wp\/v2\/media?parent=37995"}],"wp:term":[{"taxonomy":"product_brand","embeddable":true,"href":"https:\/\/cultivers.es\/pt-pt\/wp-json\/wp\/v2\/product_brand?post=37995"},{"taxonomy":"product_cat","embeddable":true,"href":"https:\/\/cultivers.es\/pt-pt\/wp-json\/wp\/v2\/product_cat?post=37995"},{"taxonomy":"product_tag","embeddable":true,"href":"https:\/\/cultivers.es\/pt-pt\/wp-json\/wp\/v2\/product_tag?post=37995"}],"curies":[{"name":"wp","href":"https:\/\/api.w.org\/{rel}","templated":true}]}}