{"id":38004,"date":"2024-09-10T13:08:48","date_gmt":"2024-09-10T13:08:48","guid":{"rendered":"https:\/\/cultivers.es\/abonos\/sementes-organicas-pheno-greco-greco\/"},"modified":"2025-09-22T05:26:59","modified_gmt":"2025-09-22T05:26:59","slug":"sementes-organicas-pheno-greco-greco","status":"publish","type":"product","link":"https:\/\/cultivers.es\/pt-pt\/fertilizantes\/sementes-organicas-pheno-greco-greco\/","title":{"rendered":"Semente de Feno Greco"},"content":{"rendered":"","protected":false},"excerpt":{"rendered":"<p>D\u00e1 um toque de exotismo e sa\u00fade ao teu jardim com as nossas sementes de feno-grego org\u00e2nicas. Tamb\u00e9m conhecido como feno-grego, o feno-grego \u00e9 uma planta vers\u00e1til e medicinal, apreciada tanto pelas suas sementes arom\u00e1ticas utilizadas na cozinha global como pelas suas folhas nutritivas em saladas e pratos cozinhados. Esta cultura n\u00e3o s\u00f3 enriquecer\u00e1 as tuas refei\u00e7\u00f5es como tamb\u00e9m melhorar\u00e1 a qualidade do solo do teu jardim.  <\/p>\n<ul>\n<li><strong>Sabor e aroma intensos:<\/strong> O feno-grego \u00e9 conhecido pelo seu sabor forte, ligeiramente amargo e a nozes, que \u00e9 utilizado tanto em pratos como em ch\u00e1. \u00c9 um ingrediente comum nas misturas de especiarias da cozinha indiana e do M\u00e9dio Oriente. <\/li>\n<li><strong>Benef\u00edcios nutricionais:<\/strong> Rico em prote\u00ednas, vitaminas e minerais como o ferro e o magn\u00e9sio, o feno-grego \u00e9 um excelente complemento para uma dieta saud\u00e1vel, conhecido pelas suas propriedades para melhorar a digest\u00e3o e regular o a\u00e7\u00facar no sangue.<\/li>\n<li><strong>F\u00e1cil de cultivar:<\/strong> Esta planta \u00e9 relativamente f\u00e1cil de cultivar, adaptando-se bem a uma variedade de condi\u00e7\u00f5es clim\u00e1ticas e de solo, o que a torna ideal para principiantes e jardineiros experientes.<\/li>\n<li><strong>Melhoramento do solo:<\/strong> Como leguminosa, o feno-grego tem a capacidade de fixar azoto no solo, enriquecendo a sua fertilidade e beneficiando outras culturas plantadas nas proximidades.<\/li>\n<li><strong>Cultivo org\u00e2nico:<\/strong> Cultivadas sob normas org\u00e2nicas rigorosas, as nossas sementes de feno-grego garantem um produto sem qu\u00edmicos, promovendo um jardim sustent\u00e1vel e saud\u00e1vel.<\/li>\n<\/ul>\n<p>Enriquece a tua cozinha e o teu jardim com as vers\u00e1teis sementes de feno-grego org\u00e2nico. Quer estejas interessado nos seus benef\u00edcios para a sa\u00fade ou nos seus usos culin\u00e1rios, o feno-grego \u00e9 uma adi\u00e7\u00e3o valiosa e sustent\u00e1vel a qualquer jardim - encomenda hoje e descobre os ricos sabores e benef\u00edcios desta planta fant\u00e1stica!  <\/p>\n","protected":false},"featured_media":33888,"comment_status":"open","ping_status":"closed","template":"","meta":{"_acf_changed":false},"product_brand":[],"product_cat":[737,427],"product_tag":[1578],"class_list":{"0":"post-38004","1":"product","2":"type-product","3":"status-publish","4":"has-post-thumbnail","6":"product_cat-sementes-aromaticas-biologicas","7":"product_cat-sementes-organicas-2","8":"product_tag-eco","10":"first","11":"instock","12":"taxable","13":"shipping-taxable","14":"purchasable","15":"product-type-simple"},"acf":[],"_links":{"self":[{"href":"https:\/\/cultivers.es\/pt-pt\/wp-json\/wp\/v2\/product\/38004","targetHints":{"allow":["GET"]}}],"collection":[{"href":"https:\/\/cultivers.es\/pt-pt\/wp-json\/wp\/v2\/product"}],"about":[{"href":"https:\/\/cultivers.es\/pt-pt\/wp-json\/wp\/v2\/types\/product"}],"replies":[{"embeddable":true,"href":"https:\/\/cultivers.es\/pt-pt\/wp-json\/wp\/v2\/comments?post=38004"}],"wp:featuredmedia":[{"embeddable":true,"href":"https:\/\/cultivers.es\/pt-pt\/wp-json\/wp\/v2\/media\/33888"}],"wp:attachment":[{"href":"https:\/\/cultivers.es\/pt-pt\/wp-json\/wp\/v2\/media?parent=38004"}],"wp:term":[{"taxonomy":"product_brand","embeddable":true,"href":"https:\/\/cultivers.es\/pt-pt\/wp-json\/wp\/v2\/product_brand?post=38004"},{"taxonomy":"product_cat","embeddable":true,"href":"https:\/\/cultivers.es\/pt-pt\/wp-json\/wp\/v2\/product_cat?post=38004"},{"taxonomy":"product_tag","embeddable":true,"href":"https:\/\/cultivers.es\/pt-pt\/wp-json\/wp\/v2\/product_tag?post=38004"}],"curies":[{"name":"wp","href":"https:\/\/api.w.org\/{rel}","templated":true}]}}