{"id":38005,"date":"2024-09-10T13:03:22","date_gmt":"2024-09-10T13:03:22","guid":{"rendered":"https:\/\/cultivers.es\/abonos\/sementes-de-tomate-organico-crimee-noire-crimee\/"},"modified":"2025-09-22T05:26:12","modified_gmt":"2025-09-22T05:26:12","slug":"sementes-de-tomate-organico-crimee-noire-crimee","status":"publish","type":"product","link":"https:\/\/cultivers.es\/pt-pt\/fertilizantes\/sementes-de-tomate-organico-crimee-noire-crimee\/","title":{"rendered":"Sementes de tomate Crim\u00e9e Noire"},"content":{"rendered":"","protected":false},"excerpt":{"rendered":"<p>Enriquece o teu jardim com o distinto e requintado Tomate Noire Crim\u00e9e, atrav\u00e9s das nossas Sementes Biol\u00f3gicas. Esta variedade, tamb\u00e9m conhecida como &#8220;Black Crimea&#8221;, \u00e9 famosa pela sua cor escura, quase preta, e pelo seu sabor intenso e doce, o que a torna uma das preferidas de quem procura um tomate fora do comum. Ideal para saladas, molhos ou simplesmente para saborear \u00e0s rodelas com um toque de azeite e sal.  <\/p>\n<ul>\n<li><strong>Cor ex\u00f3tica:<\/strong> O tomate Crim\u00e9e Noire distingue-se pela sua pele castanha escura a p\u00farpura profunda, quase preta, e pela polpa vermelha vibrante, que juntas criam um impacto visual \u00fanico na cozinha.<\/li>\n<li><strong>Sabor complexo:<\/strong> Conhecido pelo seu perfil de sabor rico e ligeiramente fumado, com notas doces e um equil\u00edbrio perfeito de acidez, este tomate \u00e9 ideal para elevar qualquer prato.<\/li>\n<li><strong>Textura carnuda:<\/strong> Os tomates Noire Crim\u00e9e t\u00eam uma textura carnuda e sumarenta, o que os torna perfeitos para serem consumidos frescos ou para serem utilizados em receitas que requerem uma cozedura m\u00ednima para preservar o seu sabor e consist\u00eancia.<\/li>\n<li><strong>Alta Produtividade:<\/strong> Esta variedade produz frutos grandes e consistentes durante toda a esta\u00e7\u00e3o, garantindo uma colheita abundante e satisfat\u00f3ria.<\/li>\n<li><strong>Cultivo org\u00e2nico:<\/strong> As nossas sementes s\u00e3o 100% org\u00e2nicas, cultivadas sem pesticidas ou fertilizantes qu\u00edmicos, garantindo um cultivo sustent\u00e1vel e amigo do ambiente.<\/li>\n<\/ul>\n<p>Descobre o sabor e a beleza do tomate Crim\u00e9e Noire no teu pr\u00f3prio jardim. Com as nossas sementes biol\u00f3gicas, podes cultivar tomates que n\u00e3o s\u00f3 se destacam pelo seu aspeto e sabor \u00fanicos, como tamb\u00e9m contribuem para um jardim mais saud\u00e1vel e amigo do ambiente. Encomenda hoje e prepara-te para uma experi\u00eancia culin\u00e1ria excecional!  <\/p>\n","protected":false},"featured_media":33881,"comment_status":"open","ping_status":"closed","template":"","meta":{"_acf_changed":false},"product_brand":[],"product_cat":[429,427],"product_tag":[1578],"class_list":{"0":"post-38005","1":"product","2":"type-product","3":"status-publish","4":"has-post-thumbnail","6":"product_cat-sementes-de-frutas-e-legumes-biologicos","7":"product_cat-sementes-organicas-2","8":"product_tag-eco","10":"first","11":"instock","12":"taxable","13":"shipping-taxable","14":"purchasable","15":"product-type-simple"},"acf":[],"_links":{"self":[{"href":"https:\/\/cultivers.es\/pt-pt\/wp-json\/wp\/v2\/product\/38005","targetHints":{"allow":["GET"]}}],"collection":[{"href":"https:\/\/cultivers.es\/pt-pt\/wp-json\/wp\/v2\/product"}],"about":[{"href":"https:\/\/cultivers.es\/pt-pt\/wp-json\/wp\/v2\/types\/product"}],"replies":[{"embeddable":true,"href":"https:\/\/cultivers.es\/pt-pt\/wp-json\/wp\/v2\/comments?post=38005"}],"wp:featuredmedia":[{"embeddable":true,"href":"https:\/\/cultivers.es\/pt-pt\/wp-json\/wp\/v2\/media\/33881"}],"wp:attachment":[{"href":"https:\/\/cultivers.es\/pt-pt\/wp-json\/wp\/v2\/media?parent=38005"}],"wp:term":[{"taxonomy":"product_brand","embeddable":true,"href":"https:\/\/cultivers.es\/pt-pt\/wp-json\/wp\/v2\/product_brand?post=38005"},{"taxonomy":"product_cat","embeddable":true,"href":"https:\/\/cultivers.es\/pt-pt\/wp-json\/wp\/v2\/product_cat?post=38005"},{"taxonomy":"product_tag","embeddable":true,"href":"https:\/\/cultivers.es\/pt-pt\/wp-json\/wp\/v2\/product_tag?post=38005"}],"curies":[{"name":"wp","href":"https:\/\/api.w.org\/{rel}","templated":true}]}}