{"id":38014,"date":"2024-09-11T12:12:42","date_gmt":"2024-09-11T12:12:42","guid":{"rendered":"https:\/\/cultivers.es\/abonos\/sementes-de-abobora-biologicas-futsu-black-organic\/"},"modified":"2025-09-22T05:13:00","modified_gmt":"2025-09-22T05:13:00","slug":"sementes-de-abobora-biologicas-futsu-black-organic","status":"publish","type":"product","link":"https:\/\/cultivers.es\/pt-pt\/fertilizantes\/sementes-de-abobora-biologicas-futsu-black-organic\/","title":{"rendered":"Semente de ab\u00f3bora Futsu Preto"},"content":{"rendered":"","protected":false},"excerpt":{"rendered":"<p>Descobre o charme e a eleg\u00e2ncia de uma variedade tradicional japonesa com as nossas sementes de ab\u00f3bora Futsu Black Organic. Esta ab\u00f3bora caracteriza-se pela sua pele escura, quase preta, que amadurece num tom castanho e estriado, com uma polpa laranja profunda e um sabor doce e a nozes. Perfeita para sopas, pur\u00e9s, assados e sobremesas, a ab\u00f3bora Futsu Black \u00e9 uma op\u00e7\u00e3o gourmet que confere distin\u00e7\u00e3o e sabor aos teus cozinhados.  <\/p>\n<ul>\n<li><strong>Sabor doce e delicado:<\/strong> A polpa da ab\u00f3bora Futsu Black Pumpkin tem um sabor suave e doce com um toque de nozes, tornando-a uma del\u00edcia em qualquer prato, desde sopas cremosas a acompanhamentos assados.<\/li>\n<li><strong>Textura aveludada:<\/strong> A sua polpa firme e macia torna-o ideal para todos os tipos de prepara\u00e7\u00f5es culin\u00e1rias. Quer seja assado, cozido ou em pur\u00e9, oferece uma textura fina e cremosa. <\/li>\n<li><strong>Est\u00e9tica \u00fanica:<\/strong> Com a sua pele escura que se torna castanha \u00e0 medida que amadurece e a sua forma estriada, a ab\u00f3bora Futsu Black Pumpkin \u00e9 tamb\u00e9m perfeita para decora\u00e7\u00f5es outonais e apresenta\u00e7\u00f5es elegantes.<\/li>\n<li><strong>Robustez e Produtividade:<\/strong> Esta variedade de ab\u00f3bora \u00e9 f\u00e1cil de cultivar e oferece uma elevada produ\u00e7\u00e3o de frutos de tamanho m\u00e9dio a grande, resistentes e dur\u00e1veis, ideais para colheitas longas.<\/li>\n<li><strong>Cultivo org\u00e2nico:<\/strong> As nossas sementes s\u00e3o 100% org\u00e2nicas, cultivadas sem o uso de qu\u00edmicos, o que garante uma ab\u00f3bora saud\u00e1vel, sustent\u00e1vel e amiga do ambiente.<\/li>\n<\/ul>\n<p>D\u00e1 um toque de sofistica\u00e7\u00e3o e sabor \u00e0 tua horta com as sementes de ab\u00f3bora Futsu Black Organic. Perfeita para os amantes da cozinha gourmet, esta variedade oferece uma experi\u00eancia culin\u00e1ria \u00fanica e um cultivo org\u00e2nico, encomenda hoje mesmo e desfruta da beleza e do sabor desta joia japonesa no teu jardim.  <\/p>\n","protected":false},"featured_media":33928,"comment_status":"open","ping_status":"closed","template":"","meta":{"_acf_changed":false},"product_brand":[],"product_cat":[429,427],"product_tag":[1578],"class_list":{"0":"post-38014","1":"product","2":"type-product","3":"status-publish","4":"has-post-thumbnail","6":"product_cat-sementes-de-frutas-e-legumes-biologicos","7":"product_cat-sementes-organicas-2","8":"product_tag-eco","10":"first","11":"instock","12":"taxable","13":"shipping-taxable","14":"purchasable","15":"product-type-simple"},"acf":[],"_links":{"self":[{"href":"https:\/\/cultivers.es\/pt-pt\/wp-json\/wp\/v2\/product\/38014","targetHints":{"allow":["GET"]}}],"collection":[{"href":"https:\/\/cultivers.es\/pt-pt\/wp-json\/wp\/v2\/product"}],"about":[{"href":"https:\/\/cultivers.es\/pt-pt\/wp-json\/wp\/v2\/types\/product"}],"replies":[{"embeddable":true,"href":"https:\/\/cultivers.es\/pt-pt\/wp-json\/wp\/v2\/comments?post=38014"}],"wp:featuredmedia":[{"embeddable":true,"href":"https:\/\/cultivers.es\/pt-pt\/wp-json\/wp\/v2\/media\/33928"}],"wp:attachment":[{"href":"https:\/\/cultivers.es\/pt-pt\/wp-json\/wp\/v2\/media?parent=38014"}],"wp:term":[{"taxonomy":"product_brand","embeddable":true,"href":"https:\/\/cultivers.es\/pt-pt\/wp-json\/wp\/v2\/product_brand?post=38014"},{"taxonomy":"product_cat","embeddable":true,"href":"https:\/\/cultivers.es\/pt-pt\/wp-json\/wp\/v2\/product_cat?post=38014"},{"taxonomy":"product_tag","embeddable":true,"href":"https:\/\/cultivers.es\/pt-pt\/wp-json\/wp\/v2\/product_tag?post=38014"}],"curies":[{"name":"wp","href":"https:\/\/api.w.org\/{rel}","templated":true}]}}