{"id":38024,"date":"2024-09-11T12:28:12","date_gmt":"2024-09-11T12:28:12","guid":{"rendered":"https:\/\/cultivers.es\/abonos\/sementes-de-nabo-organico-60-dias\/"},"modified":"2025-09-22T05:46:15","modified_gmt":"2025-09-22T05:46:15","slug":"sementes-de-nabo-organico-60-dias","status":"publish","type":"product","link":"https:\/\/cultivers.es\/pt-pt\/fertilizantes\/sementes-de-nabo-organico-60-dias\/","title":{"rendered":"Nabo Nabo verde 60 dias Biodin\u00e2mico Demeter"},"content":{"rendered":"","protected":false},"excerpt":{"rendered":"<p>Cultiva um dos legumes mais apreciados na gastronomia tradicional com as nossas sementes de nabo Turnip 60 Days Organic. Esta variedade \u00e9 conhecida pelo seu r\u00e1pido crescimento e por produzir nabi\u00e7as com um sabor intenso em apenas 60 dias. Ideal para a prepara\u00e7\u00e3o de pratos t\u00edpicos como guisados e ca\u00e7arolas, as nabi\u00e7as s\u00e3o uma excelente fonte de nutrientes e d\u00e3o um toque carater\u00edstico \u00e0s tuas receitas.  <\/p>\n<ul>\n<li><strong>Colheita r\u00e1pida em 60 dias:<\/strong> O nabo Grelos \u00e9 uma das variedades de desenvolvimento mais r\u00e1pido, permitindo-te desfrutar das suas folhas nutritivas em apenas dois meses, ideal para quem procura uma colheita eficiente e produtiva.<\/li>\n<li><strong>Sabor intenso e tradicional:<\/strong> as nabi\u00e7as t\u00eam um sabor ligeiramente amargo e picante, carater\u00edstico da cozinha galega e do norte de Espanha, e s\u00e3o ideais para acompanhar guisados, ca\u00e7arolas e outras receitas tradicionais.<\/li>\n<li><strong>Rico em nutrientes:<\/strong> As nabi\u00e7as s\u00e3o uma excelente fonte de fibras, vitaminas (A, C, K) e minerais essenciais como o ferro e o c\u00e1lcio, contribuindo para uma alimenta\u00e7\u00e3o saud\u00e1vel e equilibrada.<\/li>\n<li><strong>F\u00e1cil de cultivar:<\/strong> Esta variedade \u00e9 resistente e adapta-se bem a diferentes tipos de solo, tolera climas frios e \u00e9 ideal para o cultivo no outono e no inverno. Tamb\u00e9m requer pouca manuten\u00e7\u00e3o, o que a torna adequada tanto para principiantes como para jardineiros experientes. <\/li>\n<li><strong>Cultivo Org\u00e2nico:<\/strong> Nossas sementes s\u00e3o 100% org\u00e2nicas, garantindo um cultivo livre de agrot\u00f3xicos e adubos qu\u00edmicos, o que promove uma colheita saud\u00e1vel e sustent\u00e1vel.<\/li>\n<\/ul>\n<p>Desfruta da tradi\u00e7\u00e3o e do sabor aut\u00eantico das nabi\u00e7as na tua pr\u00f3pria horta com as nossas Sementes de Nabi\u00e7as Biol\u00f3gicas 60 Dias. Adiciona esta joia da cozinha tradicional aos teus pratos e cultiva organicamente - encomenda hoje e desfruta de uma colheita r\u00e1pida e deliciosa!  <\/p>\n","protected":false},"featured_media":33949,"comment_status":"open","ping_status":"closed","template":"","meta":{"_acf_changed":false},"product_brand":[],"product_cat":[428,1269,427],"product_tag":[1270],"woo-feed-brand":[],"class_list":{"0":"post-38024","1":"product","2":"type-product","3":"status-publish","4":"has-post-thumbnail","6":"product_cat-sementes-de-brassicas-biologicas","7":"product_cat-sementes-de-demeter","8":"product_cat-sementes-organicas-2","9":"product_tag-demeter-pt-pt","11":"first","12":"outofstock","13":"sale","14":"taxable","15":"shipping-taxable","16":"purchasable","17":"product-type-variable"},"acf":[],"_links":{"self":[{"href":"https:\/\/cultivers.es\/pt-pt\/wp-json\/wp\/v2\/product\/38024","targetHints":{"allow":["GET"]}}],"collection":[{"href":"https:\/\/cultivers.es\/pt-pt\/wp-json\/wp\/v2\/product"}],"about":[{"href":"https:\/\/cultivers.es\/pt-pt\/wp-json\/wp\/v2\/types\/product"}],"replies":[{"embeddable":true,"href":"https:\/\/cultivers.es\/pt-pt\/wp-json\/wp\/v2\/comments?post=38024"}],"wp:featuredmedia":[{"embeddable":true,"href":"https:\/\/cultivers.es\/pt-pt\/wp-json\/wp\/v2\/media\/33949"}],"wp:attachment":[{"href":"https:\/\/cultivers.es\/pt-pt\/wp-json\/wp\/v2\/media?parent=38024"}],"wp:term":[{"taxonomy":"product_brand","embeddable":true,"href":"https:\/\/cultivers.es\/pt-pt\/wp-json\/wp\/v2\/product_brand?post=38024"},{"taxonomy":"product_cat","embeddable":true,"href":"https:\/\/cultivers.es\/pt-pt\/wp-json\/wp\/v2\/product_cat?post=38024"},{"taxonomy":"product_tag","embeddable":true,"href":"https:\/\/cultivers.es\/pt-pt\/wp-json\/wp\/v2\/product_tag?post=38024"},{"taxonomy":"woo-feed-brand","embeddable":true,"href":"https:\/\/cultivers.es\/pt-pt\/wp-json\/wp\/v2\/woo-feed-brand?post=38024"}],"curies":[{"name":"wp","href":"https:\/\/api.w.org\/{rel}","templated":true}]}}