{"id":38044,"date":"2024-09-11T13:10:32","date_gmt":"2024-09-11T13:10:32","guid":{"rendered":"https:\/\/cultivers.es\/abonos\/sementes-de-cenoura-longue-rouge-sang-sementes-de-cenoura-biologica\/"},"modified":"2025-09-22T05:46:33","modified_gmt":"2025-09-22T05:46:33","slug":"sementes-de-cenoura-longue-rouge-sang-sementes-de-cenoura-biologica","status":"publish","type":"product","link":"https:\/\/cultivers.es\/pt-pt\/fertilizantes\/sementes-de-cenoura-longue-rouge-sang-sementes-de-cenoura-biologica\/","title":{"rendered":"Sementes de cenoura Longue Rouge Sang"},"content":{"rendered":"","protected":false},"excerpt":{"rendered":"<p>D\u00e1 um toque de hist\u00f3ria e distin\u00e7\u00e3o ao teu jardim com as nossas sementes de cenoura Longue Rouge Sang org\u00e2nicas. Esta antiga variedade francesa caracteriza-se pela sua forma alongada e pela sua cor vermelha escura, que n\u00e3o s\u00f3 \u00e9 visualmente impressionante, como tamb\u00e9m oferece um sabor profundo e doce. Ideal para quem procura algo diferente nas suas culturas, esta cenoura \u00e9 perfeita para saladas, guisados e assados.  <\/p>\n<ul>\n<li><strong>Cor \u00fanica e marcante:<\/strong> A cenoura Longue Rouge Sang \u00e9 conhecida pela sua cor vermelha escura carater\u00edstica, que a faz sobressair tanto no jardim como no prato. A sua tonalidade vibrante \u00e9 um indicador do seu elevado teor de antioxidantes. <\/li>\n<li><strong>Sabor doce e rico:<\/strong> Esta variedade tem um sabor doce, intenso e ligeiramente terroso, o que a torna uma escolha deliciosa para uma vasta gama de pratos, desde crua em saladas a cozinhada em sopas e guisados.<\/li>\n<li><strong>Textura firme:<\/strong> A polpa \u00e9 firme e estaladi\u00e7a, o que a torna ideal tanto para consumo fresco como para cozinhar. A sua consist\u00eancia \u00e9 perfeita para quem procura cenouras com corpo e sabor nas suas receitas. <\/li>\n<li><strong>F\u00e1cil de cultivar:<\/strong> A cenoura Longue Rouge Sang \u00e9 uma variedade robusta que se adapta bem a diferentes tipos de solo e condi\u00e7\u00f5es clim\u00e1ticas. \u00c9 adequada para jardineiros de todos os n\u00edveis, proporcionando uma colheita satisfat\u00f3ria em cada esta\u00e7\u00e3o. <\/li>\n<li><strong>Cultivo org\u00e2nico:<\/strong> As nossas sementes s\u00e3o 100% org\u00e2nicas, garantindo um cultivo livre de pesticidas e produtos qu\u00edmicos, respeitador do ambiente e perfeito para quem procura uma alimenta\u00e7\u00e3o mais natural e sustent\u00e1vel.<\/li>\n<\/ul>\n<p>Cultiva uma cenoura com uma diferen\u00e7a e uma hist\u00f3ria com as Sementes de Cenoura Longue Rouge Sang Biol\u00f3gicas. Desfruta da sua cor vibrante e do seu sabor excecional, enquanto cultivas de forma sustent\u00e1vel - encomenda hoje e d\u00e1 um toque especial ao teu jardim e \u00e0 tua cozinha!  <\/p>\n","protected":false},"featured_media":33972,"comment_status":"open","ping_status":"closed","template":"","meta":{"_acf_changed":false},"product_brand":[],"product_cat":[439,427],"product_tag":[1578],"woo-feed-brand":[],"class_list":{"0":"post-38044","1":"product","2":"type-product","3":"status-publish","4":"has-post-thumbnail","6":"product_cat-sementes-de-raizes-organicas","7":"product_cat-sementes-organicas-2","8":"product_tag-eco","10":"first","11":"outofstock","12":"taxable","13":"shipping-taxable","14":"purchasable","15":"product-type-simple"},"acf":[],"_links":{"self":[{"href":"https:\/\/cultivers.es\/pt-pt\/wp-json\/wp\/v2\/product\/38044","targetHints":{"allow":["GET"]}}],"collection":[{"href":"https:\/\/cultivers.es\/pt-pt\/wp-json\/wp\/v2\/product"}],"about":[{"href":"https:\/\/cultivers.es\/pt-pt\/wp-json\/wp\/v2\/types\/product"}],"replies":[{"embeddable":true,"href":"https:\/\/cultivers.es\/pt-pt\/wp-json\/wp\/v2\/comments?post=38044"}],"wp:featuredmedia":[{"embeddable":true,"href":"https:\/\/cultivers.es\/pt-pt\/wp-json\/wp\/v2\/media\/33972"}],"wp:attachment":[{"href":"https:\/\/cultivers.es\/pt-pt\/wp-json\/wp\/v2\/media?parent=38044"}],"wp:term":[{"taxonomy":"product_brand","embeddable":true,"href":"https:\/\/cultivers.es\/pt-pt\/wp-json\/wp\/v2\/product_brand?post=38044"},{"taxonomy":"product_cat","embeddable":true,"href":"https:\/\/cultivers.es\/pt-pt\/wp-json\/wp\/v2\/product_cat?post=38044"},{"taxonomy":"product_tag","embeddable":true,"href":"https:\/\/cultivers.es\/pt-pt\/wp-json\/wp\/v2\/product_tag?post=38044"},{"taxonomy":"woo-feed-brand","embeddable":true,"href":"https:\/\/cultivers.es\/pt-pt\/wp-json\/wp\/v2\/woo-feed-brand?post=38044"}],"curies":[{"name":"wp","href":"https:\/\/api.w.org\/{rel}","templated":true}]}}