{"id":38101,"date":"2023-12-05T09:22:20","date_gmt":"2023-12-05T09:22:20","guid":{"rendered":"https:\/\/cultivers.es\/abonos\/substrato-de-algas-universal-ecological\/"},"modified":"2024-11-17T08:01:29","modified_gmt":"2024-11-17T08:01:29","slug":"substrato-de-algas-universal-ecological","status":"publish","type":"product","link":"https:\/\/cultivers.es\/pt-pt\/fertilizantes\/substrato-de-algas-universal-ecological\/","title":{"rendered":"Substrato de algas Universal Ecological"},"content":{"rendered":"","protected":false},"excerpt":{"rendered":"<p>O nosso substrato universal de algas marinhas, enriquecido com h\u00famus e sem turfa, foi criado para proporcionar um ambiente nutritivo e equilibrado a todos os tipos de plantas. Esta f\u00f3rmula especial oferece uma base rica em nutrientes, ideal para o crescimento saud\u00e1vel e vigoroso das tuas plantas em vasos ou no jardim. <\/p>\n<ul>\n<li>Algas marinhas nutritivas.<\/li>\n<li>H\u00famus para o melhoramento do solo.<\/li>\n<li>N\u00e3o te preocupes.<\/li>\n<li>Equil\u00edbrio de reten\u00e7\u00e3o de humidade.<\/li>\n<li>Utiliza\u00e7\u00e3o vers\u00e1til.<\/li>\n<\/ul>\n<p>Compra o nosso Substrato Universal com Algas e enriquecido com H\u00famus e proporciona \u00e0s tuas plantas uma base natural e completa para o seu crescimento. Cuida das tuas plantas com uma escolha amiga do ambiente! <\/p>\n","protected":false},"featured_media":22858,"comment_status":"open","ping_status":"closed","template":"","meta":{"_acf_changed":false},"product_brand":[],"product_cat":[720],"product_tag":[],"woo-feed-brand":[],"class_list":{"0":"post-38101","1":"product","2":"type-product","3":"status-publish","4":"has-post-thumbnail","6":"product_cat-substratos-e-decorativos","8":"first","9":"outofstock","10":"taxable","11":"shipping-taxable","12":"purchasable","13":"product-type-variable"},"acf":[],"_links":{"self":[{"href":"https:\/\/cultivers.es\/pt-pt\/wp-json\/wp\/v2\/product\/38101","targetHints":{"allow":["GET"]}}],"collection":[{"href":"https:\/\/cultivers.es\/pt-pt\/wp-json\/wp\/v2\/product"}],"about":[{"href":"https:\/\/cultivers.es\/pt-pt\/wp-json\/wp\/v2\/types\/product"}],"replies":[{"embeddable":true,"href":"https:\/\/cultivers.es\/pt-pt\/wp-json\/wp\/v2\/comments?post=38101"}],"wp:featuredmedia":[{"embeddable":true,"href":"https:\/\/cultivers.es\/pt-pt\/wp-json\/wp\/v2\/media\/22858"}],"wp:attachment":[{"href":"https:\/\/cultivers.es\/pt-pt\/wp-json\/wp\/v2\/media?parent=38101"}],"wp:term":[{"taxonomy":"product_brand","embeddable":true,"href":"https:\/\/cultivers.es\/pt-pt\/wp-json\/wp\/v2\/product_brand?post=38101"},{"taxonomy":"product_cat","embeddable":true,"href":"https:\/\/cultivers.es\/pt-pt\/wp-json\/wp\/v2\/product_cat?post=38101"},{"taxonomy":"product_tag","embeddable":true,"href":"https:\/\/cultivers.es\/pt-pt\/wp-json\/wp\/v2\/product_tag?post=38101"},{"taxonomy":"woo-feed-brand","embeddable":true,"href":"https:\/\/cultivers.es\/pt-pt\/wp-json\/wp\/v2\/woo-feed-brand?post=38101"}],"curies":[{"name":"wp","href":"https:\/\/api.w.org\/{rel}","templated":true}]}}