{"id":38130,"date":"2023-11-24T14:23:48","date_gmt":"2023-11-24T14:23:48","guid":{"rendered":"https:\/\/cultivers.es\/abonos\/tabuleiro-de-transporte\/"},"modified":"2025-09-22T04:46:40","modified_gmt":"2025-09-22T04:46:40","slug":"tabuleiro-de-transporte","status":"publish","type":"product","link":"https:\/\/cultivers.es\/pt-pt\/fertilizantes\/tabuleiro-de-transporte\/","title":{"rendered":"Tabuleiro de transporte"},"content":{"rendered":"","protected":false},"excerpt":{"rendered":"<p>Os tabuleiros para mudas resistentes s\u00e3o utilizados para colocar tabuleiros para mudas, recolher o excesso de \u00e1gua da rega e para regar por inunda\u00e7\u00e3o as tuas plantas de interior:<\/p>\n<p>Servem de suporte para os tabuleiros durante todo o processo de germina\u00e7\u00e3o, ou para transportar os tabuleiros de pl\u00e2ntulas de um local para outro em seguran\u00e7a.<\/p>\n<ul>\n<li>Tabuleiros robustos<\/li>\n<li>Dimens\u00e3o adequada para sementeiras<\/li>\n<li>Alta durabilidade.<\/li>\n<\/ul>\n","protected":false},"featured_media":22443,"comment_status":"open","ping_status":"closed","template":"","meta":{"_acf_changed":false},"product_brand":[],"product_cat":[1297,427],"product_tag":[1578],"class_list":{"0":"post-38130","1":"product","2":"type-product","3":"status-publish","4":"has-post-thumbnail","6":"product_cat-bandejas-e-canteiros","7":"product_cat-sementes-organicas-2","8":"product_tag-eco","10":"first","11":"instock","12":"taxable","13":"shipping-taxable","14":"purchasable","15":"product-type-simple"},"acf":[],"_links":{"self":[{"href":"https:\/\/cultivers.es\/pt-pt\/wp-json\/wp\/v2\/product\/38130","targetHints":{"allow":["GET"]}}],"collection":[{"href":"https:\/\/cultivers.es\/pt-pt\/wp-json\/wp\/v2\/product"}],"about":[{"href":"https:\/\/cultivers.es\/pt-pt\/wp-json\/wp\/v2\/types\/product"}],"replies":[{"embeddable":true,"href":"https:\/\/cultivers.es\/pt-pt\/wp-json\/wp\/v2\/comments?post=38130"}],"wp:featuredmedia":[{"embeddable":true,"href":"https:\/\/cultivers.es\/pt-pt\/wp-json\/wp\/v2\/media\/22443"}],"wp:attachment":[{"href":"https:\/\/cultivers.es\/pt-pt\/wp-json\/wp\/v2\/media?parent=38130"}],"wp:term":[{"taxonomy":"product_brand","embeddable":true,"href":"https:\/\/cultivers.es\/pt-pt\/wp-json\/wp\/v2\/product_brand?post=38130"},{"taxonomy":"product_cat","embeddable":true,"href":"https:\/\/cultivers.es\/pt-pt\/wp-json\/wp\/v2\/product_cat?post=38130"},{"taxonomy":"product_tag","embeddable":true,"href":"https:\/\/cultivers.es\/pt-pt\/wp-json\/wp\/v2\/product_tag?post=38130"}],"curies":[{"name":"wp","href":"https:\/\/api.w.org\/{rel}","templated":true}]}}