{"id":38146,"date":"2024-04-28T14:49:12","date_gmt":"2024-04-28T14:49:12","guid":{"rendered":"https:\/\/cultivers.es\/abonos\/adubo-verde-sementes-de-trevo-encarnado-organico\/"},"modified":"2025-09-22T04:48:15","modified_gmt":"2025-09-22T04:48:15","slug":"adubo-verde-sementes-de-trevo-encarnado-organico","status":"publish","type":"product","link":"https:\/\/cultivers.es\/pt-pt\/fertilizantes\/adubo-verde-sementes-de-trevo-encarnado-organico\/","title":{"rendered":"Adubo verde Sementes de trevo encarnado"},"content":{"rendered":"","protected":false},"excerpt":{"rendered":"<p>As nossas sementes org\u00e2nicas de trevo encarnado s\u00e3o uma excelente escolha para melhorar a sa\u00fade e a fertilidade do teu solo de uma forma natural e sustent\u00e1vel. O trevo encarnado \u00e9 conhecido pelas suas propriedades como adubo verde, proporcionando uma s\u00e9rie de benef\u00edcios espec\u00edficos que ajudar\u00e3o a nutrir as tuas culturas e a manter a sa\u00fade do teu jardim de uma forma amiga do ambiente. <\/p>\n<ul>\n<li><strong>Propriedades do adubo verde:<\/strong> O trevo encravado \u00e9 uma leguminosa que tem a capacidade \u00fanica de fixar o azoto atmosf\u00e9rico no solo, enriquecendo-o com este nutriente vital para o crescimento das plantas.<\/li>\n<li><strong>Melhoria da estrutura do solo:<\/strong> Ao cultivar trevo encravado como adubo verde, melhorar\u00e1s a estrutura do solo, aumentar\u00e1s a mat\u00e9ria org\u00e2nica e encorajar\u00e1s a atividade microbiana ben\u00e9fica no solo.<\/li>\n<li><strong>Controlo de ervas daninhas:<\/strong> O crescimento vigoroso do trevo encravado ajuda a suprimir o crescimento das ervas daninhas, competindo pelos recursos do solo, reduzindo assim a necessidade de herbicidas.<\/li>\n<li><strong>Prote\u00e7\u00e3o e conserva\u00e7\u00e3o do solo:<\/strong> A cobertura vegetal proporcionada pelo trevo encravado ajuda a proteger o solo contra a eros\u00e3o causada pelo vento e pela chuva, mantendo a estrutura e a fertilidade do solo a longo prazo.<\/li>\n<li><strong>Cultivo org\u00e2nico:<\/strong> Estas sementes de trevo encravado s\u00e3o produzidas organicamente, sem a utiliza\u00e7\u00e3o de produtos qu\u00edmicos nocivos, garantindo um fornecimento natural e seguro para o teu jardim.<\/li>\n<\/ul>\n<p>Aproveita os benef\u00edcios naturais e a vitalidade que o Incarnate Clover proporciona como adubo verde na tua horta. Cultiva um solo mais f\u00e9rtil, equilibrado e saud\u00e1vel de forma sustent\u00e1vel e contribui para o cuidado do ambiente ao mesmo tempo que melhoras a produtividade das tuas culturas. <\/p>\n","protected":false},"featured_media":24987,"comment_status":"open","ping_status":"closed","template":"","meta":{"_acf_changed":false},"product_brand":[],"product_cat":[1292,427],"product_tag":[1578],"woo-feed-brand":[],"class_list":{"0":"post-38146","1":"product","2":"type-product","3":"status-publish","4":"has-post-thumbnail","6":"product_cat-coberturas-vegetais-de-adubos-verdes","7":"product_cat-sementes-organicas-2","8":"product_tag-eco","10":"first","11":"instock","12":"taxable","13":"shipping-taxable","14":"purchasable","15":"product-type-simple"},"acf":[],"_links":{"self":[{"href":"https:\/\/cultivers.es\/pt-pt\/wp-json\/wp\/v2\/product\/38146","targetHints":{"allow":["GET"]}}],"collection":[{"href":"https:\/\/cultivers.es\/pt-pt\/wp-json\/wp\/v2\/product"}],"about":[{"href":"https:\/\/cultivers.es\/pt-pt\/wp-json\/wp\/v2\/types\/product"}],"replies":[{"embeddable":true,"href":"https:\/\/cultivers.es\/pt-pt\/wp-json\/wp\/v2\/comments?post=38146"}],"wp:featuredmedia":[{"embeddable":true,"href":"https:\/\/cultivers.es\/pt-pt\/wp-json\/wp\/v2\/media\/24987"}],"wp:attachment":[{"href":"https:\/\/cultivers.es\/pt-pt\/wp-json\/wp\/v2\/media?parent=38146"}],"wp:term":[{"taxonomy":"product_brand","embeddable":true,"href":"https:\/\/cultivers.es\/pt-pt\/wp-json\/wp\/v2\/product_brand?post=38146"},{"taxonomy":"product_cat","embeddable":true,"href":"https:\/\/cultivers.es\/pt-pt\/wp-json\/wp\/v2\/product_cat?post=38146"},{"taxonomy":"product_tag","embeddable":true,"href":"https:\/\/cultivers.es\/pt-pt\/wp-json\/wp\/v2\/product_tag?post=38146"},{"taxonomy":"woo-feed-brand","embeddable":true,"href":"https:\/\/cultivers.es\/pt-pt\/wp-json\/wp\/v2\/woo-feed-brand?post=38146"}],"curies":[{"name":"wp","href":"https:\/\/api.w.org\/{rel}","templated":true}]}}