{"id":38154,"date":"2024-05-02T13:12:14","date_gmt":"2024-05-02T13:12:14","guid":{"rendered":"https:\/\/cultivers.es\/abonos\/sementes-de-relva-organica-com-fertilizante-verde\/"},"modified":"2025-09-22T05:26:23","modified_gmt":"2025-09-22T05:26:23","slug":"sementes-de-relva-organica-com-fertilizante-verde","status":"publish","type":"product","link":"https:\/\/cultivers.es\/pt-pt\/fertilizantes\/sementes-de-relva-organica-com-fertilizante-verde\/","title":{"rendered":"Sementes de ervilhaca com fertilizante verde"},"content":{"rendered":"","protected":false},"excerpt":{"rendered":"<p>As nossas sementes de ervilhaca biol\u00f3gica s\u00e3o uma excelente escolha para melhorar a qualidade e a fertilidade do solo de uma forma natural e sustent\u00e1vel no teu jardim. Uma leguminosa vers\u00e1til e ben\u00e9fica, a ervilhaca oferece uma s\u00e9rie de benef\u00edcios espec\u00edficos que promovem o desenvolvimento saud\u00e1vel das culturas e a sa\u00fade do solo de uma forma amiga do ambiente. <\/p>\n<ul>\n<li><strong>Propriedades do adubo verde:<\/strong> A ervilhaca \u00e9 conhecida pela sua capacidade de fixar o azoto atmosf\u00e9rico no solo, enriquecendo-o naturalmente com este nutriente essencial para o crescimento das plantas.<\/li>\n<li><strong>Melhoria da estrutura do solo:<\/strong> Ao cultivar ervilhaca como adubo verde, estar\u00e1s a contribuir para melhorar a estrutura do solo, aumentar a mat\u00e9ria org\u00e2nica e a atividade microbiana ben\u00e9fica no solo.<\/li>\n<li><strong>Controlo de ervas daninhas:<\/strong> O crescimento vigoroso da ervilhaca ajuda a suprimir o crescimento de ervas daninhas ao competir pelos recursos do solo, reduzindo assim a necessidade de herbicidas qu\u00edmicos.<\/li>\n<li><strong>Prote\u00e7\u00e3o do solo:<\/strong> A cobertura vegetal fornecida pela ervilhaca ajuda a proteger o solo contra a eros\u00e3o causada pelo vento e pela chuva, mantendo a estrutura do solo e a sa\u00fade do solo a longo prazo.<\/li>\n<li><strong>Cultivo org\u00e2nico:<\/strong> Estas sementes de ervilhaca s\u00e3o produzidas organicamente, sem a utiliza\u00e7\u00e3o de produtos qu\u00edmicos nocivos, garantindo um fornecimento natural e seguro para o teu jardim.<\/li>\n<\/ul>\n<p>Aproveita os benef\u00edcios naturais e a versatilidade que a Veza proporciona como adubo verde na tua horta. Cultiva um solo mais f\u00e9rtil, equilibrado e saud\u00e1vel de forma sustent\u00e1vel e contribui para o cuidado do meio ambiente, melhorando a produtividade das tuas culturas. <\/p>\n","protected":false},"featured_media":25029,"comment_status":"open","ping_status":"closed","template":"","meta":{"_acf_changed":false},"product_brand":[],"product_cat":[1292,427],"product_tag":[1578],"class_list":{"0":"post-38154","1":"product","2":"type-product","3":"status-publish","4":"has-post-thumbnail","6":"product_cat-coberturas-vegetais-de-adubos-verdes","7":"product_cat-sementes-organicas-2","8":"product_tag-eco","10":"first","11":"instock","12":"taxable","13":"shipping-taxable","14":"purchasable","15":"product-type-simple"},"acf":[],"_links":{"self":[{"href":"https:\/\/cultivers.es\/pt-pt\/wp-json\/wp\/v2\/product\/38154","targetHints":{"allow":["GET"]}}],"collection":[{"href":"https:\/\/cultivers.es\/pt-pt\/wp-json\/wp\/v2\/product"}],"about":[{"href":"https:\/\/cultivers.es\/pt-pt\/wp-json\/wp\/v2\/types\/product"}],"replies":[{"embeddable":true,"href":"https:\/\/cultivers.es\/pt-pt\/wp-json\/wp\/v2\/comments?post=38154"}],"wp:featuredmedia":[{"embeddable":true,"href":"https:\/\/cultivers.es\/pt-pt\/wp-json\/wp\/v2\/media\/25029"}],"wp:attachment":[{"href":"https:\/\/cultivers.es\/pt-pt\/wp-json\/wp\/v2\/media?parent=38154"}],"wp:term":[{"taxonomy":"product_brand","embeddable":true,"href":"https:\/\/cultivers.es\/pt-pt\/wp-json\/wp\/v2\/product_brand?post=38154"},{"taxonomy":"product_cat","embeddable":true,"href":"https:\/\/cultivers.es\/pt-pt\/wp-json\/wp\/v2\/product_cat?post=38154"},{"taxonomy":"product_tag","embeddable":true,"href":"https:\/\/cultivers.es\/pt-pt\/wp-json\/wp\/v2\/product_tag?post=38154"}],"curies":[{"name":"wp","href":"https:\/\/api.w.org\/{rel}","templated":true}]}}