{"id":38165,"date":"2024-05-20T12:36:21","date_gmt":"2024-05-20T12:36:21","guid":{"rendered":"https:\/\/cultivers.es\/abonos\/planta-de-manga-osteen\/"},"modified":"2025-09-22T04:48:12","modified_gmt":"2025-09-22T04:48:12","slug":"planta-de-manga-osteen","status":"publish","type":"product","link":"https:\/\/cultivers.es\/pt-pt\/fertilizantes\/planta-de-manga-osteen\/","title":{"rendered":"Planta de manga Osteen"},"content":{"rendered":"","protected":false},"excerpt":{"rendered":"<p>Planta de manga Osteen para venda, o<strong> pre\u00e7o inclui portes de envio e manuseamento se a tua compra for superior a 20\u20ac.<\/strong><\/p>\n<p>O fruto da manga osteen tem uma forma oblonga, de cor p\u00farpura. O seu peso m\u00e9dio, com a \u00e1rvore carregada, \u00e9 de cerca de 525 gr. <\/p>\n<p>A presen\u00e7a de fibras na polpa \u00e9 fraca a moderada e est\u00e1 bem adaptada ao consumo \u00e0 colher. O tamanho da semente \u00e9 pequeno. A qualidade deste fruto \u00e9 boa.  <\/p>\n<p>A mangueira osteen tem um porte ereto e m\u00e9dio.<\/p>\n<p>Em locais com invernos ligeiramente frios, \u00e9 aconselh\u00e1vel<strong> cobrir as plantas com uma manta t\u00e9rmica<\/strong> at\u00e9 ao in\u00edcio da primavera. Uma \u00e1rvore bem desenvolvida pode suportar temperaturas de dois graus abaixo de zero, desde que n\u00e3o durem muito tempo. Uma \u00e1rvore jovem, de dois a cinco anos, pode morrer com temperaturas de zero e um grau Celsius.  <\/p>\n","protected":false},"featured_media":25557,"comment_status":"open","ping_status":"closed","template":"","meta":{"_acf_changed":false},"product_brand":[],"product_cat":[1325,1407],"product_tag":[],"woo-feed-brand":[],"class_list":{"0":"post-38165","1":"product","2":"type-product","3":"status-publish","4":"has-post-thumbnail","6":"product_cat-bercario","7":"product_cat-plantas-de-manga","9":"first","10":"outofstock","11":"taxable","12":"shipping-taxable","13":"purchasable","14":"product-type-simple"},"acf":[],"_links":{"self":[{"href":"https:\/\/cultivers.es\/pt-pt\/wp-json\/wp\/v2\/product\/38165","targetHints":{"allow":["GET"]}}],"collection":[{"href":"https:\/\/cultivers.es\/pt-pt\/wp-json\/wp\/v2\/product"}],"about":[{"href":"https:\/\/cultivers.es\/pt-pt\/wp-json\/wp\/v2\/types\/product"}],"replies":[{"embeddable":true,"href":"https:\/\/cultivers.es\/pt-pt\/wp-json\/wp\/v2\/comments?post=38165"}],"wp:featuredmedia":[{"embeddable":true,"href":"https:\/\/cultivers.es\/pt-pt\/wp-json\/wp\/v2\/media\/25557"}],"wp:attachment":[{"href":"https:\/\/cultivers.es\/pt-pt\/wp-json\/wp\/v2\/media?parent=38165"}],"wp:term":[{"taxonomy":"product_brand","embeddable":true,"href":"https:\/\/cultivers.es\/pt-pt\/wp-json\/wp\/v2\/product_brand?post=38165"},{"taxonomy":"product_cat","embeddable":true,"href":"https:\/\/cultivers.es\/pt-pt\/wp-json\/wp\/v2\/product_cat?post=38165"},{"taxonomy":"product_tag","embeddable":true,"href":"https:\/\/cultivers.es\/pt-pt\/wp-json\/wp\/v2\/product_tag?post=38165"},{"taxonomy":"woo-feed-brand","embeddable":true,"href":"https:\/\/cultivers.es\/pt-pt\/wp-json\/wp\/v2\/woo-feed-brand?post=38165"}],"curies":[{"name":"wp","href":"https:\/\/api.w.org\/{rel}","templated":true}]}}