{"id":38167,"date":"2024-06-20T11:23:14","date_gmt":"2024-06-20T11:23:14","guid":{"rendered":"https:\/\/cultivers.es\/abonos\/fertilizante-liquido-fosforico-ecologico\/"},"modified":"2025-09-22T05:43:51","modified_gmt":"2025-09-22T05:43:51","slug":"fertilizante-liquido-fosforico-ecologico","status":"publish","type":"product","link":"https:\/\/cultivers.es\/pt-pt\/fertilizantes\/fertilizante-liquido-fosforico-ecologico\/","title":{"rendered":"Fertilizante L\u00edquido Fosf\u00f3rico Ecol\u00f3gico"},"content":{"rendered":"","protected":false},"excerpt":{"rendered":"<ul class=\"a-unordered-list a-vertical a-spacing-mini\">\n<li class=\"a-spacing-mini\"><span class=\"a-list-item\">\ud83c\udf31 Fertilizante de f\u00f3sforo para plantas 100% org\u00e2nico: O nosso fertilizante l\u00edquido super concentrado, derivado da rocha fosf\u00e1tica, garante uma absor\u00e7\u00e3o r\u00e1pida e eficiente dos nutrientes. Ideal para uma agricultura sustent\u00e1vel e amiga do ambiente, melhora o desenvolvimento das ra\u00edzes nas plantas e culturas. <\/span><\/li>\n<li class=\"a-spacing-mini\"><span class=\"a-list-item\">Promove uma flora\u00e7\u00e3o e frutifica\u00e7\u00e3o abundantes: Com CULTIVERS Organic Liquid Phosphorus, as plantas recebem o f\u00f3sforo de que necessitam para uma flora\u00e7\u00e3o mais abundante e frutos de melhor qualidade. Perfeito para pomares, jardins e culturas extensivas que queiram maximizar os seus rendimentos de uma forma amiga do ambiente. <\/span><\/li>\n<li class=\"a-spacing-mini\"><span class=\"a-list-item\">\u2b06\ufe0f Acelera a matura\u00e7\u00e3o das culturas: Este fertilizante org\u00e2nico ajuda as plantas a completar os seus ciclos de crescimento mais rapidamente, resultando em colheitas mais precoces e uniformes. Ideal para agricultores que querem aumentar a produtividade sem comprometer a sustentabilidade. <\/span><\/li>\n<li class=\"a-spacing-mini\"><span class=\"a-list-item\">Colheitas precoces e uniformes: Acelera a matura\u00e7\u00e3o das tuas culturas com o nosso fertilizante l\u00edquido. A quantidade certa de f\u00f3sforo permite que as plantas completem os seus ciclos de crescimento mais rapidamente, resultando em colheitas mais precoces e uniformes, perfeitas para maximizar a produtividade agr\u00edcola. <\/span><\/li>\n<li class=\"a-spacing-mini\"><span class=\"a-list-item\">\ud83c\udf3b Resist\u00eancia a doen\u00e7as e stress: Refor\u00e7a a resist\u00eancia das tuas plantas a doen\u00e7as e condi\u00e7\u00f5es extremas com o nosso f\u00f3sforo org\u00e2nico. Este nutriente melhora a integridade estrutural e funcional das plantas, ajudando-as a lidar com os desafios ambientais de forma mais eficaz, promovendo uma agricultura respons\u00e1vel e sustent\u00e1vel. <\/span><\/li>\n<\/ul>\n","protected":false},"featured_media":26182,"comment_status":"open","ping_status":"closed","template":"","meta":{"_acf_changed":false},"product_brand":[],"product_cat":[1275,613],"product_tag":[],"class_list":{"0":"post-38167","1":"product","2":"type-product","3":"status-publish","4":"has-post-thumbnail","6":"product_cat-adubos-recomendados","7":"product_cat-correctores-de-deficiencias","9":"first","10":"instock","11":"taxable","12":"shipping-taxable","13":"purchasable","14":"product-type-variable"},"acf":[],"_links":{"self":[{"href":"https:\/\/cultivers.es\/pt-pt\/wp-json\/wp\/v2\/product\/38167","targetHints":{"allow":["GET"]}}],"collection":[{"href":"https:\/\/cultivers.es\/pt-pt\/wp-json\/wp\/v2\/product"}],"about":[{"href":"https:\/\/cultivers.es\/pt-pt\/wp-json\/wp\/v2\/types\/product"}],"replies":[{"embeddable":true,"href":"https:\/\/cultivers.es\/pt-pt\/wp-json\/wp\/v2\/comments?post=38167"}],"wp:featuredmedia":[{"embeddable":true,"href":"https:\/\/cultivers.es\/pt-pt\/wp-json\/wp\/v2\/media\/26182"}],"wp:attachment":[{"href":"https:\/\/cultivers.es\/pt-pt\/wp-json\/wp\/v2\/media?parent=38167"}],"wp:term":[{"taxonomy":"product_brand","embeddable":true,"href":"https:\/\/cultivers.es\/pt-pt\/wp-json\/wp\/v2\/product_brand?post=38167"},{"taxonomy":"product_cat","embeddable":true,"href":"https:\/\/cultivers.es\/pt-pt\/wp-json\/wp\/v2\/product_cat?post=38167"},{"taxonomy":"product_tag","embeddable":true,"href":"https:\/\/cultivers.es\/pt-pt\/wp-json\/wp\/v2\/product_tag?post=38167"}],"curies":[{"name":"wp","href":"https:\/\/api.w.org\/{rel}","templated":true}]}}