{"id":38184,"date":"2024-06-24T10:25:02","date_gmt":"2024-06-24T10:25:02","guid":{"rendered":"https:\/\/cultivers.es\/abonos\/ferro-liquido-para-plantas\/"},"modified":"2025-09-22T05:44:22","modified_gmt":"2025-09-22T05:44:22","slug":"ferro-liquido-para-plantas","status":"publish","type":"product","link":"https:\/\/cultivers.es\/pt-pt\/fertilizantes\/ferro-liquido-para-plantas\/","title":{"rendered":"Ferro l\u00edquido para plantas"},"content":{"rendered":"","protected":false},"excerpt":{"rendered":"<ul class=\"a-unordered-list a-vertical a-spacing-mini\">\n<li class=\"a-spacing-mini\"><span class=\"a-list-item\">Revitaliza as tuas plantas com CULTIVERS Liquid Iron: Este fertilizante de alta qualidade previne e corrige o amarelecimento das folhas, garantindo um verde vis\u00edvel e um crescimento saud\u00e1vel em plantas ornamentais, vegetais e \u00e1rvores de fruto.<\/span><\/li>\n<li class=\"a-spacing-mini\"><span class=\"a-list-item\">F\u00f3rmula de r\u00e1pida absor\u00e7\u00e3o: CULTIVERS Ferro L\u00edquido \u00e9 instantaneamente assimilado, fornecendo o ferro necess\u00e1rio para a s\u00edntese de clorofila e fun\u00e7\u00f5es vitais. Ideal para aplica\u00e7\u00f5es no solo ou foliares, garantindo plantas verdes e vigorosas. <\/span><\/li>\n<li class=\"a-spacing-mini\"><span class=\"a-list-item\">CULTIVERS Liquid Iron \u00e9 uma op\u00e7\u00e3o amiga do ambiente, perfeita para agricultores e jardineiros que procuram m\u00e9todos sustent\u00e1veis. Mant\u00e9m as tuas plantas saud\u00e1veis sem prejudicar o ecossistema. <\/span><\/li>\n<li class=\"a-spacing-mini\"><span class=\"a-list-item\">Aumento da produtividade e sa\u00fade geral: Ao corrigir as defici\u00eancias de ferro, CULTIVERS Liquid Iron promove o desenvolvimento de frutos maiores e de melhor qualidade, aumentando o rendimento das tuas culturas e melhorando a resist\u00eancia das plantas.<\/span><\/li>\n<li class=\"a-spacing-mini\"><span class=\"a-list-item\">\ud83c\udf3b Versatilidade nas aplica\u00e7\u00f5es: CULTIVERS Ferro L\u00edquido \u00e9 adequado para todos os tipos de plantas, desde ornamentais a \u00e1rvores de fruto e vegetais. Aplica diretamente no solo ou por pulveriza\u00e7\u00e3o foliar para uma distribui\u00e7\u00e3o eficiente dos nutrientes. <\/span><\/li>\n<\/ul>\n","protected":false},"featured_media":26224,"comment_status":"open","ping_status":"closed","template":"","meta":{"_acf_changed":false},"product_brand":[],"product_cat":[613],"product_tag":[],"woo-feed-brand":[],"class_list":{"0":"post-38184","1":"product","2":"type-product","3":"status-publish","4":"has-post-thumbnail","6":"product_cat-correctores-de-deficiencias","8":"first","9":"instock","10":"taxable","11":"shipping-taxable","12":"purchasable","13":"product-type-variable"},"acf":[],"_links":{"self":[{"href":"https:\/\/cultivers.es\/pt-pt\/wp-json\/wp\/v2\/product\/38184","targetHints":{"allow":["GET"]}}],"collection":[{"href":"https:\/\/cultivers.es\/pt-pt\/wp-json\/wp\/v2\/product"}],"about":[{"href":"https:\/\/cultivers.es\/pt-pt\/wp-json\/wp\/v2\/types\/product"}],"replies":[{"embeddable":true,"href":"https:\/\/cultivers.es\/pt-pt\/wp-json\/wp\/v2\/comments?post=38184"}],"wp:featuredmedia":[{"embeddable":true,"href":"https:\/\/cultivers.es\/pt-pt\/wp-json\/wp\/v2\/media\/26224"}],"wp:attachment":[{"href":"https:\/\/cultivers.es\/pt-pt\/wp-json\/wp\/v2\/media?parent=38184"}],"wp:term":[{"taxonomy":"product_brand","embeddable":true,"href":"https:\/\/cultivers.es\/pt-pt\/wp-json\/wp\/v2\/product_brand?post=38184"},{"taxonomy":"product_cat","embeddable":true,"href":"https:\/\/cultivers.es\/pt-pt\/wp-json\/wp\/v2\/product_cat?post=38184"},{"taxonomy":"product_tag","embeddable":true,"href":"https:\/\/cultivers.es\/pt-pt\/wp-json\/wp\/v2\/product_tag?post=38184"},{"taxonomy":"woo-feed-brand","embeddable":true,"href":"https:\/\/cultivers.es\/pt-pt\/wp-json\/wp\/v2\/woo-feed-brand?post=38184"}],"curies":[{"name":"wp","href":"https:\/\/api.w.org\/{rel}","templated":true}]}}