{"id":38188,"date":"2024-01-12T10:20:37","date_gmt":"2024-01-12T10:20:37","guid":{"rendered":"https:\/\/cultivers.es\/abonos\/sementes-de-tomate-moneymaker-organico\/"},"modified":"2025-09-22T05:41:01","modified_gmt":"2025-09-22T05:41:01","slug":"sementes-de-tomate-moneymaker-organico","status":"publish","type":"product","link":"https:\/\/cultivers.es\/pt-pt\/fertilizantes\/sementes-de-tomate-moneymaker-organico\/","title":{"rendered":"Sementes de tomate Moneymaker org\u00e2nico"},"content":{"rendered":"","protected":false},"excerpt":{"rendered":"<p>As nossas sementes de tomate Moneymaker org\u00e2nico oferecem-te a oportunidade de cultivar tomates com um sabor tradicional e colheitas abundantes no teu jardim. Provenientes de culturas biol\u00f3gicas certificadas, estas sementes garantem uma colheita pura e deliciosa de tomates Moneymaker (Solanum lycopersicum), dando-te a autenticidade de um tomate de qualidade. <\/p>\n<ul>\n<li><strong>Origem certificada.<\/strong><\/li>\n<li><strong>Sabor tradicional.<\/strong><\/li>\n<li><strong>Cultivo sem pesticidas.<\/strong><\/li>\n<li><strong>Adaptabilidade no cultivo.<\/strong><\/li>\n<li><strong>Colheitas abundantes.<\/strong><\/li>\n<\/ul>\n<p>Cultiva a tradi\u00e7\u00e3o com as nossas sementes de tomate Moneymaker org\u00e2nicas. Desfruta do sabor inconfund\u00edvel dos tomates tradicionais cultivados de forma sustent\u00e1vel no teu pr\u00f3prio jardim. <\/p>\n","protected":false},"featured_media":23301,"comment_status":"open","ping_status":"closed","template":"","meta":{"_acf_changed":false},"product_brand":[],"product_cat":[429,427],"product_tag":[1578],"woo-feed-brand":[],"class_list":{"0":"post-38188","1":"product","2":"type-product","3":"status-publish","4":"has-post-thumbnail","6":"product_cat-sementes-de-frutas-e-legumes-biologicos","7":"product_cat-sementes-organicas-2","8":"product_tag-eco","10":"first","11":"instock","12":"sale","13":"taxable","14":"shipping-taxable","15":"purchasable","16":"product-type-simple"},"acf":[],"_links":{"self":[{"href":"https:\/\/cultivers.es\/pt-pt\/wp-json\/wp\/v2\/product\/38188","targetHints":{"allow":["GET"]}}],"collection":[{"href":"https:\/\/cultivers.es\/pt-pt\/wp-json\/wp\/v2\/product"}],"about":[{"href":"https:\/\/cultivers.es\/pt-pt\/wp-json\/wp\/v2\/types\/product"}],"replies":[{"embeddable":true,"href":"https:\/\/cultivers.es\/pt-pt\/wp-json\/wp\/v2\/comments?post=38188"}],"wp:featuredmedia":[{"embeddable":true,"href":"https:\/\/cultivers.es\/pt-pt\/wp-json\/wp\/v2\/media\/23301"}],"wp:attachment":[{"href":"https:\/\/cultivers.es\/pt-pt\/wp-json\/wp\/v2\/media?parent=38188"}],"wp:term":[{"taxonomy":"product_brand","embeddable":true,"href":"https:\/\/cultivers.es\/pt-pt\/wp-json\/wp\/v2\/product_brand?post=38188"},{"taxonomy":"product_cat","embeddable":true,"href":"https:\/\/cultivers.es\/pt-pt\/wp-json\/wp\/v2\/product_cat?post=38188"},{"taxonomy":"product_tag","embeddable":true,"href":"https:\/\/cultivers.es\/pt-pt\/wp-json\/wp\/v2\/product_tag?post=38188"},{"taxonomy":"woo-feed-brand","embeddable":true,"href":"https:\/\/cultivers.es\/pt-pt\/wp-json\/wp\/v2\/woo-feed-brand?post=38188"}],"curies":[{"name":"wp","href":"https:\/\/api.w.org\/{rel}","templated":true}]}}