{"id":38205,"date":"2024-01-12T10:56:22","date_gmt":"2024-01-12T10:56:22","guid":{"rendered":"https:\/\/cultivers.es\/abonos\/sementes-de-tomate-organico-la-carotina\/"},"modified":"2025-09-22T05:40:30","modified_gmt":"2025-09-22T05:40:30","slug":"sementes-de-tomate-organico-la-carotina","status":"publish","type":"product","link":"https:\/\/cultivers.es\/pt-pt\/fertilizantes\/sementes-de-tomate-organico-la-carotina\/","title":{"rendered":"Sementes de tomate org\u00e2nico La Carotina"},"content":{"rendered":"","protected":false},"excerpt":{"rendered":"<p>As nossas sementes de tomate La Carotina org\u00e2nico oferecem-te a oportunidade de cultivar um tesouro nutritivo no teu jardim. Provenientes de culturas biol\u00f3gicas certificadas, estas sementes garantem-te uma colheita pura e deliciosa de tomates La Carotina (Solanum lycopersicum), que se destacam n\u00e3o s\u00f3 pelo seu sabor excecional, mas tamb\u00e9m pelo seu conte\u00fado nutricional. Al\u00e9m disso, esta variedade de tomate \u00e9 muito produtiva e resistente \u00e0s doen\u00e7as. O seu sabor frutado vai surpreender-te.   <\/p>\n<ul>\n<li><strong>Origem certificada.<\/strong><\/li>\n<li><strong>Alto teor de caroten\u00f3ides.<\/strong><\/li>\n<li><strong>Cultivo sem pesticidas.<\/strong><\/li>\n<li><strong>Adaptabilidade no cultivo.<\/strong><\/li>\n<li><strong>Sabor rico e complexo.<\/strong><\/li>\n<\/ul>\n<p>Cultiva o tesouro nutricional com as nossas sementes de tomate org\u00e2nico La Carotina. Desfruta da frescura e da nutri\u00e7\u00e3o excecional destes tomates, cultivados conscientemente na tua pr\u00f3pria horta. <\/p>\n","protected":false},"featured_media":23322,"comment_status":"open","ping_status":"closed","template":"","meta":{"_acf_changed":false},"product_brand":[],"product_cat":[429,427],"product_tag":[1578],"class_list":{"0":"post-38205","1":"product","2":"type-product","3":"status-publish","4":"has-post-thumbnail","6":"product_cat-sementes-de-frutas-e-legumes-biologicos","7":"product_cat-sementes-organicas-2","8":"product_tag-eco","10":"first","11":"instock","12":"sale","13":"taxable","14":"shipping-taxable","15":"purchasable","16":"product-type-simple"},"acf":[],"_links":{"self":[{"href":"https:\/\/cultivers.es\/pt-pt\/wp-json\/wp\/v2\/product\/38205","targetHints":{"allow":["GET"]}}],"collection":[{"href":"https:\/\/cultivers.es\/pt-pt\/wp-json\/wp\/v2\/product"}],"about":[{"href":"https:\/\/cultivers.es\/pt-pt\/wp-json\/wp\/v2\/types\/product"}],"replies":[{"embeddable":true,"href":"https:\/\/cultivers.es\/pt-pt\/wp-json\/wp\/v2\/comments?post=38205"}],"wp:featuredmedia":[{"embeddable":true,"href":"https:\/\/cultivers.es\/pt-pt\/wp-json\/wp\/v2\/media\/23322"}],"wp:attachment":[{"href":"https:\/\/cultivers.es\/pt-pt\/wp-json\/wp\/v2\/media?parent=38205"}],"wp:term":[{"taxonomy":"product_brand","embeddable":true,"href":"https:\/\/cultivers.es\/pt-pt\/wp-json\/wp\/v2\/product_brand?post=38205"},{"taxonomy":"product_cat","embeddable":true,"href":"https:\/\/cultivers.es\/pt-pt\/wp-json\/wp\/v2\/product_cat?post=38205"},{"taxonomy":"product_tag","embeddable":true,"href":"https:\/\/cultivers.es\/pt-pt\/wp-json\/wp\/v2\/product_tag?post=38205"}],"curies":[{"name":"wp","href":"https:\/\/api.w.org\/{rel}","templated":true}]}}