{"id":38230,"date":"2023-10-27T11:00:49","date_gmt":"2023-10-27T11:00:49","guid":{"rendered":"https:\/\/cultivers.es\/abonos\/mistura-de-sementes-flores-para-borboletas-eco\/"},"modified":"2025-11-30T20:44:55","modified_gmt":"2025-11-30T20:44:55","slug":"mistura-de-sementes-flores-para-borboletas-eco","status":"publish","type":"product","link":"https:\/\/cultivers.es\/pt-pt\/fertilizantes\/mistura-de-sementes-flores-para-borboletas-eco\/","title":{"rendered":"Mistura de sementes Flores para borboletas Eco"},"content":{"rendered":"","protected":false},"excerpt":{"rendered":"<p>O <strong>Butterfly Flower Mix<\/strong> \u00e9 uma mistura cuidadosamente selecionada de esp\u00e9cies de flores concebida para atrair <strong>borboletas<\/strong> e outros polinizadores, trazendo cor, vida e biodiversidade ao <strong>jardim e<\/strong> ao <strong>pomar<\/strong>. Com uma combina\u00e7\u00e3o de flores de diferentes tamanhos, formas e cores, esta mistura \u00e9 ideal para criar espa\u00e7os vibrantes e cheios de energia natural. Para al\u00e9m de embelezar o teu ambiente, estas flores favorecem a poliniza\u00e7\u00e3o e o equil\u00edbrio ecol\u00f3gico.  <\/p>\n<p><strong>Flores coloridas e atraentes:<\/strong> A sua mistura de cores vibrantes cria um espet\u00e1culo visual durante toda a esta\u00e7\u00e3o, atraindo borboletas e outros insectos ben\u00e9ficos.<\/p>\n<p>Atrai <strong>polinizadores:<\/strong> Rica em n\u00e9ctar, esta mistura foi especialmente formulada para atrair borboletas, abelhas e outros polinizadores essenciais para o ecossistema.<\/p>\n<p><strong>Flora\u00e7\u00e3o prolongada:<\/strong> floresce da primavera ao outono, garantindo um ambiente cheio de cor e movimento durante v\u00e1rios meses.<\/p>\n<p><strong>F\u00e1cil de cultivar:<\/strong> Adapt\u00e1vel a diferentes tipos de solo e climas, esta mistura requer poucos cuidados, o que a torna perfeita tanto para principiantes como para jardineiros experientes.<\/p>\n<p><strong>Ideal para bordaduras e \u00e1reas naturais: Perfeito<\/strong> para prados floridos, bordas de caminhos, canteiros de flores ou \u00e1reas abertas no pomar e no jardim.<\/p>\n<p><strong>Cultivo org\u00e2nico:<\/strong> As nossas sementes s\u00e3o <strong>100% org\u00e2nicas<\/strong>, livres de pesticidas e fertilizantes qu\u00edmicos, promovendo um <strong>jardim<\/strong> sustent\u00e1vel e amigo do ambiente <strong>.<\/strong> <\/p>\n<p>Enche o teu <strong>pomar e jardim<\/strong> de cor, vida e biodiversidade com a <strong>mistura org\u00e2nica de flores para borboletas<\/strong>- encomenda hoje e cria um para\u00edso natural para estes belos polinizadores! <\/p>\n","protected":false},"featured_media":45415,"comment_status":"open","ping_status":"closed","template":"","meta":{"_acf_changed":false},"product_brand":[],"product_cat":[495,427],"product_tag":[1578],"class_list":{"0":"post-38230","1":"product","2":"type-product","3":"status-publish","4":"has-post-thumbnail","6":"product_cat-sementes-de-flores-organicas","7":"product_cat-sementes-organicas-2","8":"product_tag-eco","10":"first","11":"instock","12":"sale","13":"taxable","14":"shipping-taxable","15":"purchasable","16":"product-type-simple"},"acf":[],"_links":{"self":[{"href":"https:\/\/cultivers.es\/pt-pt\/wp-json\/wp\/v2\/product\/38230","targetHints":{"allow":["GET"]}}],"collection":[{"href":"https:\/\/cultivers.es\/pt-pt\/wp-json\/wp\/v2\/product"}],"about":[{"href":"https:\/\/cultivers.es\/pt-pt\/wp-json\/wp\/v2\/types\/product"}],"replies":[{"embeddable":true,"href":"https:\/\/cultivers.es\/pt-pt\/wp-json\/wp\/v2\/comments?post=38230"}],"wp:featuredmedia":[{"embeddable":true,"href":"https:\/\/cultivers.es\/pt-pt\/wp-json\/wp\/v2\/media\/45415"}],"wp:attachment":[{"href":"https:\/\/cultivers.es\/pt-pt\/wp-json\/wp\/v2\/media?parent=38230"}],"wp:term":[{"taxonomy":"product_brand","embeddable":true,"href":"https:\/\/cultivers.es\/pt-pt\/wp-json\/wp\/v2\/product_brand?post=38230"},{"taxonomy":"product_cat","embeddable":true,"href":"https:\/\/cultivers.es\/pt-pt\/wp-json\/wp\/v2\/product_cat?post=38230"},{"taxonomy":"product_tag","embeddable":true,"href":"https:\/\/cultivers.es\/pt-pt\/wp-json\/wp\/v2\/product_tag?post=38230"}],"curies":[{"name":"wp","href":"https:\/\/api.w.org\/{rel}","templated":true}]}}