{"id":38237,"date":"2023-10-27T11:04:07","date_gmt":"2023-10-27T11:04:07","guid":{"rendered":"https:\/\/cultivers.es\/abonos\/sementes-de-rucula-biologica-selvagem\/"},"modified":"2025-09-22T05:39:31","modified_gmt":"2025-09-22T05:39:31","slug":"sementes-de-rucula-biologica-selvagem","status":"publish","type":"product","link":"https:\/\/cultivers.es\/pt-pt\/fertilizantes\/sementes-de-rucula-biologica-selvagem\/","title":{"rendered":"Sementes de r\u00facula selvagem"},"content":{"rendered":"","protected":false},"excerpt":{"rendered":"<p><strong>A r\u00facula selvagem<\/strong><em>(Diplotaxis tenuifolia<\/em>) \u00e9 uma variedade perene apreciada pelas suas <strong>folhas alongadas e serrilhadas<\/strong>, com um sabor <strong>intenso, apimentado e ligeiramente amargo<\/strong>. Ideal para saladas, pizzas, molhos e pestos, esta r\u00facula \u00e9 rica em nutrientes e antioxidantes. O seu crescimento r\u00e1pido e a sua facilidade de cultivo fazem dela uma escolha perfeita para os jardins urbanos e tradicionais.  <\/p>\n<p><strong>Folhas saborosas e arom\u00e1ticas:<\/strong> O seu sabor picante e ligeiramente amargo d\u00e1 um toque gourmet a saladas, pratos frescos e molhos.<\/p>\n<p><strong>Alto Valor Nutricional:<\/strong> Rico em vitaminas A, C e K, antioxidantes e minerais como o c\u00e1lcio e o ferro, promovendo uma alimenta\u00e7\u00e3o saud\u00e1vel e equilibrada.<\/p>\n<p><strong>Crescimento r\u00e1pido e cont\u00ednuo:<\/strong> Produz folhas frescas e tenras em poucas semanas, permitindo colheitas sucessivas ao longo da esta\u00e7\u00e3o.<\/p>\n<p><strong>Resistente e f\u00e1cil de cultivar:<\/strong> adapt\u00e1vel a diferentes tipos de solo e climas, \u00e9 ideal tanto para principiantes como para jardineiros experientes.<\/p>\n<p><strong>Utiliza\u00e7\u00e3o vers\u00e1til na cozinha:<\/strong> Perfeito para saladas frescas, guarni\u00e7\u00f5es, pizzas, pestos ou como base para pratos gourmet.<\/p>\n<p><strong>Cultivo org\u00e2nico:<\/strong> As nossas sementes s\u00e3o <strong>100% org\u00e2nicas<\/strong>, livres de pesticidas e fertilizantes qu\u00edmicos, garantindo um cultivo sustent\u00e1vel e amigo do ambiente.<\/p>\n<p>Adiciona <strong>Wild Organic Arugula<\/strong> ao teu jardim e desfruta de folhas frescas, nutritivas e saborosas durante todo o ano - encomenda hoje e come\u00e7a a cultiv\u00e1-las facilmente! <\/p>\n","protected":false},"featured_media":22386,"comment_status":"open","ping_status":"closed","template":"","meta":{"_acf_changed":false},"product_brand":[],"product_cat":[503,427],"product_tag":[1578],"class_list":{"0":"post-38237","1":"product","2":"type-product","3":"status-publish","4":"has-post-thumbnail","6":"product_cat-sementes-de-vegetais-de-folha-organicos","7":"product_cat-sementes-organicas-2","8":"product_tag-eco","10":"first","11":"instock","12":"sale","13":"taxable","14":"shipping-taxable","15":"purchasable","16":"product-type-simple"},"acf":[],"_links":{"self":[{"href":"https:\/\/cultivers.es\/pt-pt\/wp-json\/wp\/v2\/product\/38237","targetHints":{"allow":["GET"]}}],"collection":[{"href":"https:\/\/cultivers.es\/pt-pt\/wp-json\/wp\/v2\/product"}],"about":[{"href":"https:\/\/cultivers.es\/pt-pt\/wp-json\/wp\/v2\/types\/product"}],"replies":[{"embeddable":true,"href":"https:\/\/cultivers.es\/pt-pt\/wp-json\/wp\/v2\/comments?post=38237"}],"wp:featuredmedia":[{"embeddable":true,"href":"https:\/\/cultivers.es\/pt-pt\/wp-json\/wp\/v2\/media\/22386"}],"wp:attachment":[{"href":"https:\/\/cultivers.es\/pt-pt\/wp-json\/wp\/v2\/media?parent=38237"}],"wp:term":[{"taxonomy":"product_brand","embeddable":true,"href":"https:\/\/cultivers.es\/pt-pt\/wp-json\/wp\/v2\/product_brand?post=38237"},{"taxonomy":"product_cat","embeddable":true,"href":"https:\/\/cultivers.es\/pt-pt\/wp-json\/wp\/v2\/product_cat?post=38237"},{"taxonomy":"product_tag","embeddable":true,"href":"https:\/\/cultivers.es\/pt-pt\/wp-json\/wp\/v2\/product_tag?post=38237"}],"curies":[{"name":"wp","href":"https:\/\/api.w.org\/{rel}","templated":true}]}}