{"id":38238,"date":"2023-10-27T11:09:19","date_gmt":"2023-10-27T11:09:19","guid":{"rendered":"https:\/\/cultivers.es\/abonos\/flores-de-mistura-de-sementes-para-ramos-ecologicos\/"},"modified":"2025-09-22T05:25:30","modified_gmt":"2025-09-22T05:25:30","slug":"flores-de-mistura-de-sementes-para-ramos-ecologicos","status":"publish","type":"product","link":"https:\/\/cultivers.es\/pt-pt\/fertilizantes\/flores-de-mistura-de-sementes-para-ramos-ecologicos\/","title":{"rendered":"Mistura de sementes para ramos de flores"},"content":{"rendered":"","protected":false},"excerpt":{"rendered":"<p>O <strong>Flower Bouquet Mix<\/strong> \u00e9 uma sele\u00e7\u00e3o especial de variedades florais concebida para criar <strong>bouquets frescos e coloridos<\/strong> diretamente do <strong>jardim e do pomar<\/strong>. Esta mistura combina esp\u00e9cies com <strong>caules longos e flores duradouras<\/strong>, perfeitas para cortar e apreciar em arranjos florais naturais. Para al\u00e9m da sua beleza ornamental, estas flores atraem <strong>polinizadores<\/strong> como abelhas e borboletas, promovendo a biodiversidade e o equil\u00edbrio ecol\u00f3gico.  <\/p>\n<p><strong>Flores variadas e coloridas:<\/strong> Inclui uma combina\u00e7\u00e3o de flores de diferentes cores, formas e tamanhos, ideais para criar ramos de flores apelativos e elegantes.<\/p>\n<p><strong>Caules longos e robustos:<\/strong> Concebidas para serem cortadas, estas flores mant\u00eam a sua frescura e estrutura em bouquets e arranjos decorativos.<\/p>\n<p><strong>Atrativo para os polinizadores:<\/strong> As suas flores ricas em n\u00e9ctar atraem abelhas, borboletas e outros insectos ben\u00e9ficos, favorecendo o ecossistema no <strong>pomar e no jardim<\/strong>.<\/p>\n<p><strong>Flora\u00e7\u00e3o prolongada:<\/strong> Desfruta de uma flora\u00e7\u00e3o cont\u00ednua da primavera ao outono, assegurando um fornecimento constante de flores para corte.<\/p>\n<p><strong>F\u00e1cil de cultivar:<\/strong> adapt\u00e1vel a diferentes tipos de solo e condi\u00e7\u00f5es clim\u00e1ticas, requer poucos cuidados, o que a torna perfeita para principiantes e jardineiros avan\u00e7ados.<\/p>\n<p><strong>Cultivo org\u00e2nico:<\/strong> As nossas sementes s\u00e3o <strong>100% org\u00e2nicas<\/strong>, livres de pesticidas e fertilizantes qu\u00edmicos, promovendo um <strong>jardim<\/strong> sustent\u00e1vel e amigo do ambiente <strong>.<\/strong> <\/p>\n<p>Enche o teu <strong>jardim e pomar<\/strong> de cor e vida com a <strong>mistura de ramos de flores org\u00e2nicas<\/strong> e cria arranjos de flores frescas e naturais durante toda a esta\u00e7\u00e3o - encomenda hoje e come\u00e7a a desfrutar de flores \u00fanicas e sustent\u00e1veis! <\/p>\n","protected":false},"featured_media":50172,"comment_status":"open","ping_status":"closed","template":"","meta":{"_acf_changed":false},"product_brand":[],"product_cat":[495,427],"product_tag":[1578],"class_list":{"0":"post-38238","1":"product","2":"type-product","3":"status-publish","4":"has-post-thumbnail","6":"product_cat-sementes-de-flores-organicas","7":"product_cat-sementes-organicas-2","8":"product_tag-eco","10":"first","11":"outofstock","12":"sale","13":"taxable","14":"shipping-taxable","15":"purchasable","16":"product-type-simple"},"acf":[],"_links":{"self":[{"href":"https:\/\/cultivers.es\/pt-pt\/wp-json\/wp\/v2\/product\/38238","targetHints":{"allow":["GET"]}}],"collection":[{"href":"https:\/\/cultivers.es\/pt-pt\/wp-json\/wp\/v2\/product"}],"about":[{"href":"https:\/\/cultivers.es\/pt-pt\/wp-json\/wp\/v2\/types\/product"}],"replies":[{"embeddable":true,"href":"https:\/\/cultivers.es\/pt-pt\/wp-json\/wp\/v2\/comments?post=38238"}],"wp:featuredmedia":[{"embeddable":true,"href":"https:\/\/cultivers.es\/pt-pt\/wp-json\/wp\/v2\/media\/50172"}],"wp:attachment":[{"href":"https:\/\/cultivers.es\/pt-pt\/wp-json\/wp\/v2\/media?parent=38238"}],"wp:term":[{"taxonomy":"product_brand","embeddable":true,"href":"https:\/\/cultivers.es\/pt-pt\/wp-json\/wp\/v2\/product_brand?post=38238"},{"taxonomy":"product_cat","embeddable":true,"href":"https:\/\/cultivers.es\/pt-pt\/wp-json\/wp\/v2\/product_cat?post=38238"},{"taxonomy":"product_tag","embeddable":true,"href":"https:\/\/cultivers.es\/pt-pt\/wp-json\/wp\/v2\/product_tag?post=38238"}],"curies":[{"name":"wp","href":"https:\/\/api.w.org\/{rel}","templated":true}]}}