{"id":38248,"date":"2023-10-27T11:27:28","date_gmt":"2023-10-27T11:27:28","guid":{"rendered":"https:\/\/cultivers.es\/abonos\/sementes-organicas-de-nabo-bola-de-neve\/"},"modified":"2025-09-22T04:45:53","modified_gmt":"2025-09-22T04:45:53","slug":"sementes-organicas-de-nabo-bola-de-neve","status":"publish","type":"product","link":"https:\/\/cultivers.es\/pt-pt\/fertilizantes\/sementes-organicas-de-nabo-bola-de-neve\/","title":{"rendered":"Sementes de nabo bola de neve"},"content":{"rendered":"","protected":false},"excerpt":{"rendered":"<p><strong>O nabo Snowball<\/strong><em>(Brassica rapa<\/em>) \u00e9 uma variedade tradicional conhecida pelas suas <strong>ra\u00edzes brancas, redondas e lisas<\/strong>, com uma textura tenra e um sabor <strong>suave e doce<\/strong>. \u00c9 ideal para consumo fresco em saladas, cozinhado em guisados, pur\u00e9s ou assados. Al\u00e9m disso, as suas <strong>folhas verdes<\/strong> s\u00e3o comest\u00edveis e perfeitas para salteados e sopas. O seu crescimento r\u00e1pido e a sua facilidade de cultivo fazem dela uma excelente escolha para qualquer <strong>horta<\/strong>.   <\/p>\n<p><strong>Soft White Roots:<\/strong> Produz nabos redondos, lisos, de pele branca, com uma textura estaladi\u00e7a e um sabor doce e delicado.<\/p>\n<p><strong>Folhas comest\u00edveis e nutritivas:<\/strong> As nabi\u00e7as s\u00e3o ricas em vitaminas e minerais, ideais para incorporar em pratos cozinhados ou frescos.<\/p>\n<p><strong>Crescimento r\u00e1pido:<\/strong> Com um ciclo de crescimento curto, esta variedade permite colheitas em apenas algumas semanas, o que a torna perfeita para culturas cont\u00ednuas.<\/p>\n<p><strong>Rico em nutrientes:<\/strong> Fonte de vitamina C, c\u00e1lcio e antioxidantes, \u00e9 um alimento saud\u00e1vel que promove uma alimenta\u00e7\u00e3o equilibrada.<\/p>\n<p><strong>F\u00e1cil de cultivar:<\/strong> Resistente e adapt\u00e1vel a diferentes tipos de solo e climas, \u00e9 ideal para principiantes e jardineiros experientes.<\/p>\n<p><strong>Cultivo org\u00e2nico:<\/strong> As nossas sementes s\u00e3o <strong>100% org\u00e2nicas<\/strong>, livres de pesticidas e fertilizantes qu\u00edmicos, garantindo um cultivo sustent\u00e1vel e amigo do ambiente.<\/p>\n<p>Adiciona o <strong>nabo Organic Snowball<\/strong> ao teu <strong>jardim<\/strong> e desfruta de uma variedade vers\u00e1til, nutritiva e f\u00e1cil de cultivar - encomenda hoje e come\u00e7a a colher qualidade e frescura em casa! <\/p>\n","protected":false},"featured_media":22417,"comment_status":"open","ping_status":"closed","template":"","meta":{"_acf_changed":false},"product_brand":[],"product_cat":[428,427],"product_tag":[1578],"woo-feed-brand":[],"class_list":{"0":"post-38248","1":"product","2":"type-product","3":"status-publish","4":"has-post-thumbnail","6":"product_cat-sementes-de-brassicas-biologicas","7":"product_cat-sementes-organicas-2","8":"product_tag-eco","10":"first","11":"instock","12":"taxable","13":"shipping-taxable","14":"purchasable","15":"product-type-simple"},"acf":[],"_links":{"self":[{"href":"https:\/\/cultivers.es\/pt-pt\/wp-json\/wp\/v2\/product\/38248","targetHints":{"allow":["GET"]}}],"collection":[{"href":"https:\/\/cultivers.es\/pt-pt\/wp-json\/wp\/v2\/product"}],"about":[{"href":"https:\/\/cultivers.es\/pt-pt\/wp-json\/wp\/v2\/types\/product"}],"replies":[{"embeddable":true,"href":"https:\/\/cultivers.es\/pt-pt\/wp-json\/wp\/v2\/comments?post=38248"}],"wp:featuredmedia":[{"embeddable":true,"href":"https:\/\/cultivers.es\/pt-pt\/wp-json\/wp\/v2\/media\/22417"}],"wp:attachment":[{"href":"https:\/\/cultivers.es\/pt-pt\/wp-json\/wp\/v2\/media?parent=38248"}],"wp:term":[{"taxonomy":"product_brand","embeddable":true,"href":"https:\/\/cultivers.es\/pt-pt\/wp-json\/wp\/v2\/product_brand?post=38248"},{"taxonomy":"product_cat","embeddable":true,"href":"https:\/\/cultivers.es\/pt-pt\/wp-json\/wp\/v2\/product_cat?post=38248"},{"taxonomy":"product_tag","embeddable":true,"href":"https:\/\/cultivers.es\/pt-pt\/wp-json\/wp\/v2\/product_tag?post=38248"},{"taxonomy":"woo-feed-brand","embeddable":true,"href":"https:\/\/cultivers.es\/pt-pt\/wp-json\/wp\/v2\/woo-feed-brand?post=38248"}],"curies":[{"name":"wp","href":"https:\/\/api.w.org\/{rel}","templated":true}]}}