{"id":38319,"date":"2024-01-10T14:31:46","date_gmt":"2024-01-10T14:31:46","guid":{"rendered":"https:\/\/cultivers.es\/abonos\/sementes-de-mistura-de-legumes-asiaticos-organicos\/"},"modified":"2025-09-22T04:47:09","modified_gmt":"2025-09-22T04:47:09","slug":"sementes-de-mistura-de-legumes-asiaticos-organicos","status":"publish","type":"product","link":"https:\/\/cultivers.es\/pt-pt\/fertilizantes\/sementes-de-mistura-de-legumes-asiaticos-organicos\/","title":{"rendered":"Sementes de legumes mistos asi\u00e1ticos"},"content":{"rendered":"","protected":false},"excerpt":{"rendered":"<p>As nossas sementes de mistura de legumes asi\u00e1ticos org\u00e2nicos oferecem uma cole\u00e7\u00e3o de plantas asi\u00e1ticas ex\u00f3ticas e saud\u00e1veis para o teu jardim. Provenientes de culturas org\u00e2nicas certificadas e sem pesticidas, estas sementes permitem-te cultivar uma variedade de vegetais da regi\u00e3o asi\u00e1tica, dando-te frescura e diversidade nos teus pratos com a garantia de um abastecimento sustent\u00e1vel. <\/p>\n<ul>\n<li><strong>Origem certificada.<\/strong><\/li>\n<li><strong>Variedade de plantas.<\/strong><\/li>\n<li><strong>Cultivo sustent\u00e1vel.<\/strong><\/li>\n<li><strong>Adaptabilidade no cultivo.<\/strong><\/li>\n<li><strong>Apoio \u00e0 sustentabilidade<\/strong><\/li>\n<\/ul>\n<p>Ao optares por estas sementes biol\u00f3gicas, est\u00e1s a apoiar pr\u00e1ticas de cultivo sustent\u00e1veis e a contribuir para a conserva\u00e7\u00e3o do ambiente.<\/p>\n","protected":false},"featured_media":45440,"comment_status":"open","ping_status":"closed","template":"","meta":{"_acf_changed":false},"product_brand":[],"product_cat":[503,427],"product_tag":[1578],"class_list":{"0":"post-38319","1":"product","2":"type-product","3":"status-publish","4":"has-post-thumbnail","6":"product_cat-sementes-de-vegetais-de-folha-organicos","7":"product_cat-sementes-organicas-2","8":"product_tag-eco","10":"first","11":"instock","12":"sale","13":"taxable","14":"shipping-taxable","15":"purchasable","16":"product-type-simple"},"acf":[],"_links":{"self":[{"href":"https:\/\/cultivers.es\/pt-pt\/wp-json\/wp\/v2\/product\/38319","targetHints":{"allow":["GET"]}}],"collection":[{"href":"https:\/\/cultivers.es\/pt-pt\/wp-json\/wp\/v2\/product"}],"about":[{"href":"https:\/\/cultivers.es\/pt-pt\/wp-json\/wp\/v2\/types\/product"}],"replies":[{"embeddable":true,"href":"https:\/\/cultivers.es\/pt-pt\/wp-json\/wp\/v2\/comments?post=38319"}],"wp:featuredmedia":[{"embeddable":true,"href":"https:\/\/cultivers.es\/pt-pt\/wp-json\/wp\/v2\/media\/45440"}],"wp:attachment":[{"href":"https:\/\/cultivers.es\/pt-pt\/wp-json\/wp\/v2\/media?parent=38319"}],"wp:term":[{"taxonomy":"product_brand","embeddable":true,"href":"https:\/\/cultivers.es\/pt-pt\/wp-json\/wp\/v2\/product_brand?post=38319"},{"taxonomy":"product_cat","embeddable":true,"href":"https:\/\/cultivers.es\/pt-pt\/wp-json\/wp\/v2\/product_cat?post=38319"},{"taxonomy":"product_tag","embeddable":true,"href":"https:\/\/cultivers.es\/pt-pt\/wp-json\/wp\/v2\/product_tag?post=38319"}],"curies":[{"name":"wp","href":"https:\/\/api.w.org\/{rel}","templated":true}]}}