{"id":38320,"date":"2024-01-11T06:33:26","date_gmt":"2024-01-11T06:33:26","guid":{"rendered":"https:\/\/cultivers.es\/abonos\/sementes-de-couve-rabano-organico-star-azur-star\/"},"modified":"2025-09-22T04:46:57","modified_gmt":"2025-09-22T04:46:57","slug":"sementes-de-couve-rabano-organico-star-azur-star","status":"publish","type":"product","link":"https:\/\/cultivers.es\/pt-pt\/fertilizantes\/sementes-de-couve-rabano-organico-star-azur-star\/","title":{"rendered":"Sementes de couve-r\u00e1bano org\u00e2nico Star Azur Star"},"content":{"rendered":"","protected":false},"excerpt":{"rendered":"<p>Descri\u00e7\u00e3o: Mergulha na autenticidade do campo com as nossas sementes de couve-r\u00e1bano org\u00e2nicas Azur Star. Esta joia culin\u00e1ria, parte da fam\u00edlia Brassicaceae, d\u00e1-te a oportunidade de cultivar um membro requintado da fam\u00edlia das couves no teu jardim. <\/p>\n<ul>\n<li><strong>Origem certificada.<\/strong><\/li>\n<li><strong>Sabor distinto.<\/strong><\/li>\n<li><strong>Cultivo sem pesticidas.<\/strong><\/li>\n<li><strong>Adaptabilidade no cultivo.<\/strong><\/li>\n<li><strong>Apoio \u00e0 sustentabilidade.<\/strong><\/li>\n<\/ul>\n<p>Ao escolheres estas sementes biol\u00f3gicas, est\u00e1s a apoiar pr\u00e1ticas de cultivo sustent\u00e1veis e a contribuir para a preserva\u00e7\u00e3o do ambiente.<\/p>\n","protected":false},"featured_media":39218,"comment_status":"open","ping_status":"closed","template":"","meta":{"_acf_changed":false},"product_brand":[],"product_cat":[428,439,427],"product_tag":[1578],"class_list":{"0":"post-38320","1":"product","2":"type-product","3":"status-publish","4":"has-post-thumbnail","6":"product_cat-sementes-de-brassicas-biologicas","7":"product_cat-sementes-de-raizes-organicas","8":"product_cat-sementes-organicas-2","9":"product_tag-eco","11":"first","12":"outofstock","13":"sale","14":"taxable","15":"shipping-taxable","16":"purchasable","17":"product-type-simple"},"acf":[],"_links":{"self":[{"href":"https:\/\/cultivers.es\/pt-pt\/wp-json\/wp\/v2\/product\/38320","targetHints":{"allow":["GET"]}}],"collection":[{"href":"https:\/\/cultivers.es\/pt-pt\/wp-json\/wp\/v2\/product"}],"about":[{"href":"https:\/\/cultivers.es\/pt-pt\/wp-json\/wp\/v2\/types\/product"}],"replies":[{"embeddable":true,"href":"https:\/\/cultivers.es\/pt-pt\/wp-json\/wp\/v2\/comments?post=38320"}],"wp:featuredmedia":[{"embeddable":true,"href":"https:\/\/cultivers.es\/pt-pt\/wp-json\/wp\/v2\/media\/39218"}],"wp:attachment":[{"href":"https:\/\/cultivers.es\/pt-pt\/wp-json\/wp\/v2\/media?parent=38320"}],"wp:term":[{"taxonomy":"product_brand","embeddable":true,"href":"https:\/\/cultivers.es\/pt-pt\/wp-json\/wp\/v2\/product_brand?post=38320"},{"taxonomy":"product_cat","embeddable":true,"href":"https:\/\/cultivers.es\/pt-pt\/wp-json\/wp\/v2\/product_cat?post=38320"},{"taxonomy":"product_tag","embeddable":true,"href":"https:\/\/cultivers.es\/pt-pt\/wp-json\/wp\/v2\/product_tag?post=38320"}],"curies":[{"name":"wp","href":"https:\/\/api.w.org\/{rel}","templated":true}]}}