{"id":38330,"date":"2024-01-11T08:01:00","date_gmt":"2024-01-11T08:01:00","guid":{"rendered":"https:\/\/cultivers.es\/abonos\/sementes-de-aranuela-biologicas\/"},"modified":"2025-09-22T04:46:55","modified_gmt":"2025-09-22T04:46:55","slug":"sementes-de-aranuela-biologicas","status":"publish","type":"product","link":"https:\/\/cultivers.es\/pt-pt\/fertilizantes\/sementes-de-aranuela-biologicas\/","title":{"rendered":"Sementes de ara\u00f1uela biol\u00f3gicas"},"content":{"rendered":"","protected":false},"excerpt":{"rendered":"<p><span>As nossas sementes org\u00e2nicas de erva-aranha convidam-te a trazer a beleza das flores silvestres para o teu pr\u00f3prio jardim.  <\/span><span>Provenientes de um cultivo org\u00e2nico certificado, estas sementes asseguram que podes desfrutar da ador\u00e1vel erva-aranha (Nigelia damascena) de uma forma sustent\u00e1vel e natural, acrescentando um toque selvagem e colorido ao teu ambiente.<\/span><\/p>\n<ul>\n<li><strong><span><span>Origem certificada.<\/span><\/span><\/strong><\/li>\n<li><strong><span><span>Flores silvestres encantadoras.<\/span><\/span><\/strong><\/li>\n<li><strong><span><span>Agricultura biol\u00f3gica e respons\u00e1vel.<\/span><\/span><\/strong><\/li>\n<li><strong><span><span>Adaptabilidade no Jardim ou no H<\/span><\/span><\/strong><strong><span><span>uerto.<\/span><\/span><\/strong><\/li>\n<li><strong><span><span>Contribui\u00e7\u00e3o para a biodiversidade.<\/span><\/span><\/strong><\/li>\n<\/ul>\n<p>Ao cultivares \u00e1caros, est\u00e1s a incentivar a biodiversidade, atraindo abelhas e borboletas, promovendo um ecossistema saud\u00e1vel no teu ambiente.<\/p>\n","protected":false},"featured_media":50184,"comment_status":"open","ping_status":"closed","template":"","meta":{"_acf_changed":false},"product_brand":[],"product_cat":[498,427],"product_tag":[1578],"class_list":{"0":"post-38330","1":"product","2":"type-product","3":"status-publish","4":"has-post-thumbnail","6":"product_cat-sementes-de-flores-comestiveis-organicas","7":"product_cat-sementes-organicas-2","8":"product_tag-eco","10":"first","11":"instock","12":"sale","13":"taxable","14":"shipping-taxable","15":"purchasable","16":"product-type-simple"},"acf":[],"_links":{"self":[{"href":"https:\/\/cultivers.es\/pt-pt\/wp-json\/wp\/v2\/product\/38330","targetHints":{"allow":["GET"]}}],"collection":[{"href":"https:\/\/cultivers.es\/pt-pt\/wp-json\/wp\/v2\/product"}],"about":[{"href":"https:\/\/cultivers.es\/pt-pt\/wp-json\/wp\/v2\/types\/product"}],"replies":[{"embeddable":true,"href":"https:\/\/cultivers.es\/pt-pt\/wp-json\/wp\/v2\/comments?post=38330"}],"wp:featuredmedia":[{"embeddable":true,"href":"https:\/\/cultivers.es\/pt-pt\/wp-json\/wp\/v2\/media\/50184"}],"wp:attachment":[{"href":"https:\/\/cultivers.es\/pt-pt\/wp-json\/wp\/v2\/media?parent=38330"}],"wp:term":[{"taxonomy":"product_brand","embeddable":true,"href":"https:\/\/cultivers.es\/pt-pt\/wp-json\/wp\/v2\/product_brand?post=38330"},{"taxonomy":"product_cat","embeddable":true,"href":"https:\/\/cultivers.es\/pt-pt\/wp-json\/wp\/v2\/product_cat?post=38330"},{"taxonomy":"product_tag","embeddable":true,"href":"https:\/\/cultivers.es\/pt-pt\/wp-json\/wp\/v2\/product_tag?post=38330"}],"curies":[{"name":"wp","href":"https:\/\/api.w.org\/{rel}","templated":true}]}}