{"id":38339,"date":"2024-01-12T08:48:12","date_gmt":"2024-01-12T08:48:12","guid":{"rendered":"https:\/\/cultivers.es\/abonos\/mistura-hola-mariquitas-ecological-mix-seeds\/"},"modified":"2025-09-22T05:41:24","modified_gmt":"2025-09-22T05:41:24","slug":"mistura-hola-mariquitas-ecological-mix-seeds","status":"publish","type":"product","link":"https:\/\/cultivers.es\/pt-pt\/fertilizantes\/mistura-hola-mariquitas-ecological-mix-seeds\/","title":{"rendered":"Mistura Hola Mariquitas Ecological Mix Seeds"},"content":{"rendered":"","protected":false},"excerpt":{"rendered":"<p>A nossa mistura de sementes para atrair joaninhas \u00e9 a chave para atrair estes aliados ben\u00e9ficos para o teu jardim. Este conjunto de sementes foi cuidadosamente selecionado para encorajar a presen\u00e7a de joaninhas. Estas s\u00e3o insectos predadores que ajudam a manter o equil\u00edbrio natural e controlam eficazmente as pragas no teu espa\u00e7o de cultivo.  <\/p>\n<ul>\n<li><strong>Variedade de flores atraentes.<\/strong><\/li>\n<li><strong>Atra\u00e7\u00e3o de insectos ben\u00e9ficos.<\/strong><\/li>\n<li><strong>Cultivo sustent\u00e1vel.<\/strong><\/li>\n<li><strong>Controlo natural de pragas.<\/strong><\/li>\n<li><strong>Cultiva facilmente.<\/strong><\/li>\n<\/ul>\n<p>Convida estes pequenos aliados para o teu jardim com a nossa mistura de sementes para atrair joaninhas. Transforma o teu espa\u00e7o de cultivo num ref\u00fagio natural onde estas criaturas ben\u00e9ficas podem prosperar e contribuir para um jardim mais saud\u00e1vel e equilibrado. <\/p>\n","protected":false},"featured_media":50166,"comment_status":"open","ping_status":"closed","template":"","meta":{"_acf_changed":false},"product_brand":[],"product_cat":[495,427],"product_tag":[1578],"woo-feed-brand":[],"class_list":{"0":"post-38339","1":"product","2":"type-product","3":"status-publish","4":"has-post-thumbnail","6":"product_cat-sementes-de-flores-organicas","7":"product_cat-sementes-organicas-2","8":"product_tag-eco","10":"first","11":"instock","12":"taxable","13":"shipping-taxable","14":"purchasable","15":"product-type-simple"},"acf":[],"_links":{"self":[{"href":"https:\/\/cultivers.es\/pt-pt\/wp-json\/wp\/v2\/product\/38339","targetHints":{"allow":["GET"]}}],"collection":[{"href":"https:\/\/cultivers.es\/pt-pt\/wp-json\/wp\/v2\/product"}],"about":[{"href":"https:\/\/cultivers.es\/pt-pt\/wp-json\/wp\/v2\/types\/product"}],"replies":[{"embeddable":true,"href":"https:\/\/cultivers.es\/pt-pt\/wp-json\/wp\/v2\/comments?post=38339"}],"wp:featuredmedia":[{"embeddable":true,"href":"https:\/\/cultivers.es\/pt-pt\/wp-json\/wp\/v2\/media\/50166"}],"wp:attachment":[{"href":"https:\/\/cultivers.es\/pt-pt\/wp-json\/wp\/v2\/media?parent=38339"}],"wp:term":[{"taxonomy":"product_brand","embeddable":true,"href":"https:\/\/cultivers.es\/pt-pt\/wp-json\/wp\/v2\/product_brand?post=38339"},{"taxonomy":"product_cat","embeddable":true,"href":"https:\/\/cultivers.es\/pt-pt\/wp-json\/wp\/v2\/product_cat?post=38339"},{"taxonomy":"product_tag","embeddable":true,"href":"https:\/\/cultivers.es\/pt-pt\/wp-json\/wp\/v2\/product_tag?post=38339"},{"taxonomy":"woo-feed-brand","embeddable":true,"href":"https:\/\/cultivers.es\/pt-pt\/wp-json\/wp\/v2\/woo-feed-brand?post=38339"}],"curies":[{"name":"wp","href":"https:\/\/api.w.org\/{rel}","templated":true}]}}