{"id":38345,"date":"2024-01-12T09:20:46","date_gmt":"2024-01-12T09:20:46","guid":{"rendered":"https:\/\/cultivers.es\/abonos\/sementes-de-amaranto-redondo-organico\/"},"modified":"2025-09-22T05:41:35","modified_gmt":"2025-09-22T05:41:35","slug":"sementes-de-amaranto-redondo-organico","status":"publish","type":"product","link":"https:\/\/cultivers.es\/pt-pt\/fertilizantes\/sementes-de-amaranto-redondo-organico\/","title":{"rendered":"Sementes de amaranto redondas"},"content":{"rendered":"","protected":false},"excerpt":{"rendered":"<p>Embeleza o teu jardim com as nossas sementes de amaranto redondo org\u00e2nico. Esta variedade anual, apreciada pelas suas deslumbrantes flores violetas e forma globular, \u00e9 ideal para dar um toque ornamental duradouro a qualquer espa\u00e7o verde. Com a sua resist\u00eancia \u00e0 seca e toler\u00e2ncia ao calor, o amaranto redondo \u00e9 perfeito para jardins sustent\u00e1veis e de baixa manuten\u00e7\u00e3o. Al\u00e9m disso, esta planta ornamental \u00e9 utilizada na medicina herbal, o que valoriza o seu cultivo.   <\/p>\n<ul>\n<li><strong>Flores violetas de longa dura\u00e7\u00e3o:<\/strong> O amaranto redondo distingue-se pelas suas flores globulares de cor violeta intensa, que permanecem no jardim durante muito tempo, conferindo um impacto visual duradouro.<\/li>\n<li><strong>Resistente \u00e0 seca:<\/strong> Esta variedade \u00e9 ideal para climas quentes e secos, pois tolera a seca e o calor sem perder o seu vigor, tornando-a uma planta robusta e de baixa manuten\u00e7\u00e3o.<\/li>\n<li><strong>Utiliza\u00e7\u00e3o ornamental e fitoterap\u00eautica:<\/strong> Apesar de n\u00e3o ser comest\u00edvel, o amaranto redondo \u00e9 muito apreciado como planta ornamental pelo seu aspeto marcante. Tamb\u00e9m \u00e9 utilizado em fitoterapia, o que acrescenta uma dimens\u00e3o extra ao seu cultivo. <\/li>\n<li><strong>Ideal para jardins sustent\u00e1veis:<\/strong> A sua capacidade de prosperar em condi\u00e7\u00f5es adversas e a sua baixa necessidade de \u00e1gua fazem dela uma escolha perfeita para jardins ecol\u00f3gicos e sustent\u00e1veis.<\/li>\n<li><strong>Cultivo org\u00e2nico:<\/strong> As nossas sementes de amaranto redondo s\u00e3o 100% org\u00e2nicas, livres de pesticidas e qu\u00edmicos, garantindo um crescimento natural e amigo do ambiente.<\/li>\n<\/ul>\n<p>Transforma o teu jardim num para\u00edso ornamental com o amaranto redondo. Desfruta da beleza das suas flores roxas, enquanto cresces de forma sustent\u00e1vel e sem complica\u00e7\u00f5es, encomenda hoje e adiciona esta planta resistente e elegante ao teu jardim org\u00e2nico!  <\/p>\n","protected":false},"featured_media":23249,"comment_status":"open","ping_status":"closed","template":"","meta":{"_acf_changed":false},"product_brand":[],"product_cat":[498,427],"product_tag":[1578],"class_list":{"0":"post-38345","1":"product","2":"type-product","3":"status-publish","4":"has-post-thumbnail","6":"product_cat-sementes-de-flores-comestiveis-organicas","7":"product_cat-sementes-organicas-2","8":"product_tag-eco","10":"first","11":"instock","12":"taxable","13":"shipping-taxable","14":"purchasable","15":"product-type-simple"},"acf":[],"_links":{"self":[{"href":"https:\/\/cultivers.es\/pt-pt\/wp-json\/wp\/v2\/product\/38345","targetHints":{"allow":["GET"]}}],"collection":[{"href":"https:\/\/cultivers.es\/pt-pt\/wp-json\/wp\/v2\/product"}],"about":[{"href":"https:\/\/cultivers.es\/pt-pt\/wp-json\/wp\/v2\/types\/product"}],"replies":[{"embeddable":true,"href":"https:\/\/cultivers.es\/pt-pt\/wp-json\/wp\/v2\/comments?post=38345"}],"wp:featuredmedia":[{"embeddable":true,"href":"https:\/\/cultivers.es\/pt-pt\/wp-json\/wp\/v2\/media\/23249"}],"wp:attachment":[{"href":"https:\/\/cultivers.es\/pt-pt\/wp-json\/wp\/v2\/media?parent=38345"}],"wp:term":[{"taxonomy":"product_brand","embeddable":true,"href":"https:\/\/cultivers.es\/pt-pt\/wp-json\/wp\/v2\/product_brand?post=38345"},{"taxonomy":"product_cat","embeddable":true,"href":"https:\/\/cultivers.es\/pt-pt\/wp-json\/wp\/v2\/product_cat?post=38345"},{"taxonomy":"product_tag","embeddable":true,"href":"https:\/\/cultivers.es\/pt-pt\/wp-json\/wp\/v2\/product_tag?post=38345"}],"curies":[{"name":"wp","href":"https:\/\/api.w.org\/{rel}","templated":true}]}}