{"id":38355,"date":"2024-01-12T09:31:47","date_gmt":"2024-01-12T09:31:47","guid":{"rendered":"https:\/\/cultivers.es\/abonos\/mistura-de-sementes-de-tapete-de-flores-organicas\/"},"modified":"2025-09-22T05:41:22","modified_gmt":"2025-09-22T05:41:22","slug":"mistura-de-sementes-de-tapete-de-flores-organicas","status":"publish","type":"product","link":"https:\/\/cultivers.es\/pt-pt\/fertilizantes\/mistura-de-sementes-de-tapete-de-flores-organicas\/","title":{"rendered":"Tapete de flores de mistura de sementes"},"content":{"rendered":"","protected":false},"excerpt":{"rendered":"<p>A nossa mistura org\u00e2nica de tapetes de flores \u00e9 a escolha perfeita para embelezar o teu jardim com uma paleta de cores vibrantes. Esta mistura inclui sementes de tremo\u00e7o azul, tremo\u00e7o amarelo, linho e aranha de cultivo org\u00e2nico certificado. Cultiva um tapete de flores que n\u00e3o s\u00f3 cativar\u00e1 visualmente, mas tamb\u00e9m apoiar\u00e1 a biodiversidade no teu espa\u00e7o verde.  <\/p>\n<ul>\n<li><strong>Variedade de flores encantadoras<\/strong>&#8230;<\/li>\n<li><strong>Origem certificada.<\/strong><\/li>\n<li><strong>Atra\u00e7\u00e3o de polinizadores.<\/strong><\/li>\n<li><strong>Cultivo simples.<\/strong><\/li>\n<li><strong>Biodiversidade no teu jardim.<\/strong><\/li>\n<\/ul>\n<p>Transforma o teu jardim num espet\u00e1culo de cor e vida com a nossa mistura org\u00e2nica de tapetes de flores. Cultiva uma variedade de flores com esta mistura que n\u00e3o s\u00f3 deliciar\u00e1 os teus sentidos como tamb\u00e9m dar\u00e1 charme e vitalidade ao teu espa\u00e7o verde. <\/p>\n","protected":false},"featured_media":50160,"comment_status":"open","ping_status":"closed","template":"","meta":{"_acf_changed":false},"product_brand":[],"product_cat":[495,427],"product_tag":[1578],"woo-feed-brand":[],"class_list":{"0":"post-38355","1":"product","2":"type-product","3":"status-publish","4":"has-post-thumbnail","6":"product_cat-sementes-de-flores-organicas","7":"product_cat-sementes-organicas-2","8":"product_tag-eco","10":"first","11":"instock","12":"sale","13":"taxable","14":"shipping-taxable","15":"purchasable","16":"product-type-simple"},"acf":[],"_links":{"self":[{"href":"https:\/\/cultivers.es\/pt-pt\/wp-json\/wp\/v2\/product\/38355","targetHints":{"allow":["GET"]}}],"collection":[{"href":"https:\/\/cultivers.es\/pt-pt\/wp-json\/wp\/v2\/product"}],"about":[{"href":"https:\/\/cultivers.es\/pt-pt\/wp-json\/wp\/v2\/types\/product"}],"replies":[{"embeddable":true,"href":"https:\/\/cultivers.es\/pt-pt\/wp-json\/wp\/v2\/comments?post=38355"}],"wp:featuredmedia":[{"embeddable":true,"href":"https:\/\/cultivers.es\/pt-pt\/wp-json\/wp\/v2\/media\/50160"}],"wp:attachment":[{"href":"https:\/\/cultivers.es\/pt-pt\/wp-json\/wp\/v2\/media?parent=38355"}],"wp:term":[{"taxonomy":"product_brand","embeddable":true,"href":"https:\/\/cultivers.es\/pt-pt\/wp-json\/wp\/v2\/product_brand?post=38355"},{"taxonomy":"product_cat","embeddable":true,"href":"https:\/\/cultivers.es\/pt-pt\/wp-json\/wp\/v2\/product_cat?post=38355"},{"taxonomy":"product_tag","embeddable":true,"href":"https:\/\/cultivers.es\/pt-pt\/wp-json\/wp\/v2\/product_tag?post=38355"},{"taxonomy":"woo-feed-brand","embeddable":true,"href":"https:\/\/cultivers.es\/pt-pt\/wp-json\/wp\/v2\/woo-feed-brand?post=38355"}],"curies":[{"name":"wp","href":"https:\/\/api.w.org\/{rel}","templated":true}]}}