{"id":38364,"date":"2024-01-12T10:12:31","date_gmt":"2024-01-12T10:12:31","guid":{"rendered":"https:\/\/cultivers.es\/abonos\/sementes-de-tomate-vermelho-cereja-organico\/"},"modified":"2025-09-22T05:41:11","modified_gmt":"2025-09-22T05:41:11","slug":"sementes-de-tomate-vermelho-cereja-organico","status":"publish","type":"product","link":"https:\/\/cultivers.es\/pt-pt\/fertilizantes\/sementes-de-tomate-vermelho-cereja-organico\/","title":{"rendered":"Sementes de tomate vermelho cereja"},"content":{"rendered":"","protected":false},"excerpt":{"rendered":"<p>As nossas sementes org\u00e2nicas de tomate vermelho cereja s\u00e3o a escolha perfeita para cultivar tomates cereja suculentos e saborosos no teu pr\u00f3prio jardim. Provenientes de quintas org\u00e2nicas certificadas, estas sementes garantem uma colheita pura e deliciosa de tomates-cereja (Solanum lycopersicum), trazendo-te frescura e do\u00e7ura diretamente do teu jardim. Variedade muito produtiva com cachos de frutos.  <\/p>\n<ul>\n<li><strong>Origem certificada.<\/strong><\/li>\n<li><strong>Sabor doce e intenso.<\/strong><\/li>\n<li><strong>Cultivo sem pesticidas.<\/strong><\/li>\n<li><strong>Adaptabilidade no cultivo.<\/strong><\/li>\n<li><strong>Aproveita a frescura.<\/strong><\/li>\n<\/ul>\n<p>Cultiva a del\u00edcia vermelha no teu jardim com as nossas sementes de tomate vermelho cereja org\u00e2nico. Desfruta da satisfa\u00e7\u00e3o de colher e saborear os teus pr\u00f3prios tomates-cereja, cultivados de forma consciente e deliciosa. <\/p>\n","protected":false},"featured_media":50106,"comment_status":"open","ping_status":"closed","template":"","meta":{"_acf_changed":false},"product_brand":[],"product_cat":[429,427],"product_tag":[1578],"woo-feed-brand":[],"class_list":{"0":"post-38364","1":"product","2":"type-product","3":"status-publish","4":"has-post-thumbnail","6":"product_cat-sementes-de-frutas-e-legumes-biologicos","7":"product_cat-sementes-organicas-2","8":"product_tag-eco","10":"first","11":"instock","12":"taxable","13":"shipping-taxable","14":"purchasable","15":"product-type-simple"},"acf":[],"_links":{"self":[{"href":"https:\/\/cultivers.es\/pt-pt\/wp-json\/wp\/v2\/product\/38364","targetHints":{"allow":["GET"]}}],"collection":[{"href":"https:\/\/cultivers.es\/pt-pt\/wp-json\/wp\/v2\/product"}],"about":[{"href":"https:\/\/cultivers.es\/pt-pt\/wp-json\/wp\/v2\/types\/product"}],"replies":[{"embeddable":true,"href":"https:\/\/cultivers.es\/pt-pt\/wp-json\/wp\/v2\/comments?post=38364"}],"wp:featuredmedia":[{"embeddable":true,"href":"https:\/\/cultivers.es\/pt-pt\/wp-json\/wp\/v2\/media\/50106"}],"wp:attachment":[{"href":"https:\/\/cultivers.es\/pt-pt\/wp-json\/wp\/v2\/media?parent=38364"}],"wp:term":[{"taxonomy":"product_brand","embeddable":true,"href":"https:\/\/cultivers.es\/pt-pt\/wp-json\/wp\/v2\/product_brand?post=38364"},{"taxonomy":"product_cat","embeddable":true,"href":"https:\/\/cultivers.es\/pt-pt\/wp-json\/wp\/v2\/product_cat?post=38364"},{"taxonomy":"product_tag","embeddable":true,"href":"https:\/\/cultivers.es\/pt-pt\/wp-json\/wp\/v2\/product_tag?post=38364"},{"taxonomy":"woo-feed-brand","embeddable":true,"href":"https:\/\/cultivers.es\/pt-pt\/wp-json\/wp\/v2\/woo-feed-brand?post=38364"}],"curies":[{"name":"wp","href":"https:\/\/api.w.org\/{rel}","templated":true}]}}