{"id":38370,"date":"2024-01-12T11:04:29","date_gmt":"2024-01-12T11:04:29","guid":{"rendered":"https:\/\/cultivers.es\/abonos\/sementes-de-tomate-cherry-goldiana-organico\/"},"modified":"2025-09-22T05:40:14","modified_gmt":"2025-09-22T05:40:14","slug":"sementes-de-tomate-cherry-goldiana-organico","status":"publish","type":"product","link":"https:\/\/cultivers.es\/pt-pt\/fertilizantes\/sementes-de-tomate-cherry-goldiana-organico\/","title":{"rendered":"Sementes de Tomate Cherry Goldiana Biodin\u00e2mico Demeter"},"content":{"rendered":"","protected":false},"excerpt":{"rendered":"<p>As nossas sementes de tomate-cereja Goldiana org\u00e2nico d\u00e3o-te a oportunidade de cultivar pequenas j\u00f3ias de do\u00e7ura no teu jardim. Provenientes de culturas biol\u00f3gicas certificadas, estas sementes garantem uma colheita pura e deliciosa de tomates-cereja Goldiana (Solanum lycopersicum), dando um toque de eleg\u00e2ncia e sabor aos teus pratos. De cor alaranjada e com boa resist\u00eancia \u00e0 fissura\u00e7\u00e3o.  <\/p>\n<ul>\n<li><strong>Origem certificada.<\/strong><\/li>\n<li><strong>Sabor doce e sofisticado.<\/strong><\/li>\n<li><strong>Cultivo sem pesticidas.<\/strong><\/li>\n<li><strong>Adaptabilidade no cultivo.<\/strong><\/li>\n<li><strong>Cor laranja requintada.<\/strong><\/li>\n<\/ul>\n<p>Cultiva a do\u00e7ura com as nossas sementes de tomate cereja Goldiana org\u00e2nico. Desfruta da frescura e do sabor excecional destes tomates, cultivados conscientemente na tua pr\u00f3pria horta. <\/p>\n","protected":false},"featured_media":23330,"comment_status":"open","ping_status":"closed","template":"","meta":{"_acf_changed":false},"product_brand":[],"product_cat":[1269,429,427],"product_tag":[1270],"class_list":{"0":"post-38370","1":"product","2":"type-product","3":"status-publish","4":"has-post-thumbnail","6":"product_cat-sementes-de-demeter","7":"product_cat-sementes-de-frutas-e-legumes-biologicos","8":"product_cat-sementes-organicas-2","9":"product_tag-demeter-pt-pt","11":"first","12":"instock","13":"sale","14":"taxable","15":"shipping-taxable","16":"purchasable","17":"product-type-variable"},"acf":[],"_links":{"self":[{"href":"https:\/\/cultivers.es\/pt-pt\/wp-json\/wp\/v2\/product\/38370","targetHints":{"allow":["GET"]}}],"collection":[{"href":"https:\/\/cultivers.es\/pt-pt\/wp-json\/wp\/v2\/product"}],"about":[{"href":"https:\/\/cultivers.es\/pt-pt\/wp-json\/wp\/v2\/types\/product"}],"replies":[{"embeddable":true,"href":"https:\/\/cultivers.es\/pt-pt\/wp-json\/wp\/v2\/comments?post=38370"}],"wp:featuredmedia":[{"embeddable":true,"href":"https:\/\/cultivers.es\/pt-pt\/wp-json\/wp\/v2\/media\/23330"}],"wp:attachment":[{"href":"https:\/\/cultivers.es\/pt-pt\/wp-json\/wp\/v2\/media?parent=38370"}],"wp:term":[{"taxonomy":"product_brand","embeddable":true,"href":"https:\/\/cultivers.es\/pt-pt\/wp-json\/wp\/v2\/product_brand?post=38370"},{"taxonomy":"product_cat","embeddable":true,"href":"https:\/\/cultivers.es\/pt-pt\/wp-json\/wp\/v2\/product_cat?post=38370"},{"taxonomy":"product_tag","embeddable":true,"href":"https:\/\/cultivers.es\/pt-pt\/wp-json\/wp\/v2\/product_tag?post=38370"}],"curies":[{"name":"wp","href":"https:\/\/api.w.org\/{rel}","templated":true}]}}