{"id":38375,"date":"2024-01-12T11:11:06","date_gmt":"2024-01-12T11:11:06","guid":{"rendered":"https:\/\/cultivers.es\/abonos\/rabanete-sora-sementes-biologicas\/"},"modified":"2025-09-22T05:40:05","modified_gmt":"2025-09-22T05:40:05","slug":"rabanete-sora-sementes-biologicas","status":"publish","type":"product","link":"https:\/\/cultivers.es\/pt-pt\/fertilizantes\/rabanete-sora-sementes-biologicas\/","title":{"rendered":"Sementes Biodin\u00e2micas de Rabanete Sora Demeter"},"content":{"rendered":"","protected":false},"excerpt":{"rendered":"<p>As nossas sementes de rabanete org\u00e2nico Sora permitem-te cultivar a frescura e o sabor vibrante destes rabanetes no teu jardim. Provenientes de quintas biol\u00f3gicas certificadas, estas sementes garantem uma colheita pura e deliciosa de rabanetes Sora (Raphanus sativus), dando um toque crocante e nutritivo \u00e0s tuas saladas e pratos favoritos. <\/p>\n<ul>\n<li><strong>Origem certificada.<\/strong><\/li>\n<li><strong>Sabor crocante e refrescante.<\/strong><\/li>\n<li><strong>Cultivo sem pesticidas.<\/strong><\/li>\n<li><strong>Adaptabilidade no cultivo.  <\/strong><\/li>\n<li><strong>Enriquece os teus pratos.<\/strong><\/li>\n<\/ul>\n<p>Cultiva a frescura no teu jardim com as nossas sementes de rabanete org\u00e2nico Sora. Desfruta da satisfa\u00e7\u00e3o de colher e saborear rabanetes crocantes, conscientemente cultivados no teu pr\u00f3prio jardim. <\/p>\n","protected":false},"featured_media":45367,"comment_status":"open","ping_status":"closed","template":"","meta":{"_acf_changed":false},"product_brand":[],"product_cat":[1269,439,427],"product_tag":[1270],"class_list":{"0":"post-38375","1":"product","2":"type-product","3":"status-publish","4":"has-post-thumbnail","6":"product_cat-sementes-de-demeter","7":"product_cat-sementes-de-raizes-organicas","8":"product_cat-sementes-organicas-2","9":"product_tag-demeter-pt-pt","11":"first","12":"instock","13":"sale","14":"taxable","15":"shipping-taxable","16":"purchasable","17":"product-type-variable"},"acf":[],"_links":{"self":[{"href":"https:\/\/cultivers.es\/pt-pt\/wp-json\/wp\/v2\/product\/38375","targetHints":{"allow":["GET"]}}],"collection":[{"href":"https:\/\/cultivers.es\/pt-pt\/wp-json\/wp\/v2\/product"}],"about":[{"href":"https:\/\/cultivers.es\/pt-pt\/wp-json\/wp\/v2\/types\/product"}],"replies":[{"embeddable":true,"href":"https:\/\/cultivers.es\/pt-pt\/wp-json\/wp\/v2\/comments?post=38375"}],"wp:featuredmedia":[{"embeddable":true,"href":"https:\/\/cultivers.es\/pt-pt\/wp-json\/wp\/v2\/media\/45367"}],"wp:attachment":[{"href":"https:\/\/cultivers.es\/pt-pt\/wp-json\/wp\/v2\/media?parent=38375"}],"wp:term":[{"taxonomy":"product_brand","embeddable":true,"href":"https:\/\/cultivers.es\/pt-pt\/wp-json\/wp\/v2\/product_brand?post=38375"},{"taxonomy":"product_cat","embeddable":true,"href":"https:\/\/cultivers.es\/pt-pt\/wp-json\/wp\/v2\/product_cat?post=38375"},{"taxonomy":"product_tag","embeddable":true,"href":"https:\/\/cultivers.es\/pt-pt\/wp-json\/wp\/v2\/product_tag?post=38375"}],"curies":[{"name":"wp","href":"https:\/\/api.w.org\/{rel}","templated":true}]}}