{"id":38378,"date":"2024-01-12T11:26:57","date_gmt":"2024-01-12T11:26:57","guid":{"rendered":"https:\/\/cultivers.es\/abonos\/sementes-de-pepino-organico-la-diva\/"},"modified":"2026-02-06T16:09:28","modified_gmt":"2026-02-06T16:09:28","slug":"sementes-de-pepino-organico-la-diva","status":"publish","type":"product","link":"https:\/\/cultivers.es\/pt-pt\/fertilizantes\/sementes-de-pepino-organico-la-diva\/","title":{"rendered":"Sementes de pepino La Diva"},"content":{"rendered":"","protected":false},"excerpt":{"rendered":"<p>As sementes de pepino org\u00e2nico La Diva convidam-te a cultivar a eleg\u00e2ncia e a frescura destes pepinos \u00fanicos no teu jardim. Provenientes de cultivo org\u00e2nico certificado, estas sementes garantem uma colheita pura e deliciosa de pepinos La Diva (Cucumis sativus), dando um toque sofisticado e refrescante \u00e0s tuas saladas e pratos saud\u00e1veis. Esta variedade de pepino tem uma pele lisa e um tamanho de at\u00e9 15 cm.  <\/p>\n<ul>\n<li><strong>Origem certificada.<\/strong><\/li>\n<li><strong>Sabor refrescante e delicado.<\/strong><\/li>\n<li><strong>Cultivo sem pesticidas.<\/strong><\/li>\n<li><strong>Adaptabilidade no cultivo.<\/strong><\/li>\n<li><strong>Textura estaladi\u00e7a.<\/strong><\/li>\n<\/ul>\n<p>Cultiva a sofistica\u00e7\u00e3o no teu jardim com as nossas sementes de pepino org\u00e2nico La Diva. Desfruta da satisfa\u00e7\u00e3o de colher e saborear pepinos frescos, cultivados conscientemente na tua pr\u00f3pria horta. <\/p>\n","protected":false},"featured_media":23351,"comment_status":"open","ping_status":"closed","template":"","meta":{"_acf_changed":false},"product_brand":[],"product_cat":[429,427],"product_tag":[1578],"class_list":{"0":"post-38378","1":"product","2":"type-product","3":"status-publish","4":"has-post-thumbnail","6":"product_cat-sementes-de-frutas-e-legumes-biologicos","7":"product_cat-sementes-organicas-2","8":"product_tag-eco","10":"first","11":"instock","12":"sale","13":"taxable","14":"shipping-taxable","15":"purchasable","16":"product-type-simple"},"acf":[],"_links":{"self":[{"href":"https:\/\/cultivers.es\/pt-pt\/wp-json\/wp\/v2\/product\/38378","targetHints":{"allow":["GET"]}}],"collection":[{"href":"https:\/\/cultivers.es\/pt-pt\/wp-json\/wp\/v2\/product"}],"about":[{"href":"https:\/\/cultivers.es\/pt-pt\/wp-json\/wp\/v2\/types\/product"}],"replies":[{"embeddable":true,"href":"https:\/\/cultivers.es\/pt-pt\/wp-json\/wp\/v2\/comments?post=38378"}],"wp:featuredmedia":[{"embeddable":true,"href":"https:\/\/cultivers.es\/pt-pt\/wp-json\/wp\/v2\/media\/23351"}],"wp:attachment":[{"href":"https:\/\/cultivers.es\/pt-pt\/wp-json\/wp\/v2\/media?parent=38378"}],"wp:term":[{"taxonomy":"product_brand","embeddable":true,"href":"https:\/\/cultivers.es\/pt-pt\/wp-json\/wp\/v2\/product_brand?post=38378"},{"taxonomy":"product_cat","embeddable":true,"href":"https:\/\/cultivers.es\/pt-pt\/wp-json\/wp\/v2\/product_cat?post=38378"},{"taxonomy":"product_tag","embeddable":true,"href":"https:\/\/cultivers.es\/pt-pt\/wp-json\/wp\/v2\/product_tag?post=38378"}],"curies":[{"name":"wp","href":"https:\/\/api.w.org\/{rel}","templated":true}]}}