{"id":38379,"date":"2024-01-12T11:21:06","date_gmt":"2024-01-12T11:21:06","guid":{"rendered":"https:\/\/cultivers.es\/abonos\/sementes-de-pepino-organico-hokus\/"},"modified":"2025-09-22T05:39:49","modified_gmt":"2025-09-22T05:39:49","slug":"sementes-de-pepino-organico-hokus","status":"publish","type":"product","link":"https:\/\/cultivers.es\/pt-pt\/fertilizantes\/sementes-de-pepino-organico-hokus\/","title":{"rendered":"Sementes de pepino Hokus"},"content":{"rendered":"","protected":false},"excerpt":{"rendered":"<p>As nossas sementes de pepino Hokus org\u00e2nico oferecem-te a oportunidade de cultivar a frescura e o sabor refinado destes pepinos no teu jardim. Provenientes de quintas biol\u00f3gicas certificadas, estas sementes garantem uma colheita pura e deliciosa de pepinos Hokus (Cucumis sativus), dando um toque crocante e nutritivo \u00e0s tuas saladas e pratos saud\u00e1veis. \u00c9 uma variedade excelente para fazer pickles e muito produtiva.  <\/p>\n<ul>\n<li><strong>Origem certificada.<\/strong><\/li>\n<li><strong>Crocante e refinado Sabor.<\/strong><\/li>\n<li><strong>Cultivo sem pesticidas.<\/strong><\/li>\n<li><strong>Adaptabilidade no cultivo.<\/strong><\/li>\n<li><strong>Contribui\u00e7\u00e3o nutricional.<\/strong><\/li>\n<\/ul>\n<p>Cultiva a frescura no teu jardim com as nossas sementes de pepino org\u00e2nico Hokus Cucumber Seeds. Desfruta da satisfa\u00e7\u00e3o de colher e saborear pepinos crocantes, conscientemente cultivados no teu pr\u00f3prio jardim. <\/p>\n","protected":false},"featured_media":23344,"comment_status":"open","ping_status":"closed","template":"","meta":{"_acf_changed":false},"product_brand":[],"product_cat":[429,427],"product_tag":[1578],"woo-feed-brand":[],"class_list":{"0":"post-38379","1":"product","2":"type-product","3":"status-publish","4":"has-post-thumbnail","6":"product_cat-sementes-de-frutas-e-legumes-biologicos","7":"product_cat-sementes-organicas-2","8":"product_tag-eco","10":"first","11":"instock","12":"taxable","13":"shipping-taxable","14":"purchasable","15":"product-type-simple"},"acf":[],"_links":{"self":[{"href":"https:\/\/cultivers.es\/pt-pt\/wp-json\/wp\/v2\/product\/38379","targetHints":{"allow":["GET"]}}],"collection":[{"href":"https:\/\/cultivers.es\/pt-pt\/wp-json\/wp\/v2\/product"}],"about":[{"href":"https:\/\/cultivers.es\/pt-pt\/wp-json\/wp\/v2\/types\/product"}],"replies":[{"embeddable":true,"href":"https:\/\/cultivers.es\/pt-pt\/wp-json\/wp\/v2\/comments?post=38379"}],"wp:featuredmedia":[{"embeddable":true,"href":"https:\/\/cultivers.es\/pt-pt\/wp-json\/wp\/v2\/media\/23344"}],"wp:attachment":[{"href":"https:\/\/cultivers.es\/pt-pt\/wp-json\/wp\/v2\/media?parent=38379"}],"wp:term":[{"taxonomy":"product_brand","embeddable":true,"href":"https:\/\/cultivers.es\/pt-pt\/wp-json\/wp\/v2\/product_brand?post=38379"},{"taxonomy":"product_cat","embeddable":true,"href":"https:\/\/cultivers.es\/pt-pt\/wp-json\/wp\/v2\/product_cat?post=38379"},{"taxonomy":"product_tag","embeddable":true,"href":"https:\/\/cultivers.es\/pt-pt\/wp-json\/wp\/v2\/product_tag?post=38379"},{"taxonomy":"woo-feed-brand","embeddable":true,"href":"https:\/\/cultivers.es\/pt-pt\/wp-json\/wp\/v2\/woo-feed-brand?post=38379"}],"curies":[{"name":"wp","href":"https:\/\/api.w.org\/{rel}","templated":true}]}}