{"id":38388,"date":"2024-01-12T11:41:03","date_gmt":"2024-01-12T11:41:03","guid":{"rendered":"https:\/\/cultivers.es\/abonos\/sementes-de-flores-para-abelhas-biologicas\/"},"modified":"2025-09-22T05:04:29","modified_gmt":"2025-09-22T05:04:29","slug":"sementes-de-flores-para-abelhas-biologicas","status":"publish","type":"product","link":"https:\/\/cultivers.es\/pt-pt\/fertilizantes\/sementes-de-flores-para-abelhas-biologicas\/","title":{"rendered":"Sementes de flores para abelhas"},"content":{"rendered":"","protected":false},"excerpt":{"rendered":"<p>As nossas sementes de flores org\u00e2nicas para abelhas s\u00e3o a escolha perfeita para criar um jardim ou uma horta vibrantes e amigos da natureza. Provenientes de culturas org\u00e2nicas certificadas, estas sementes garantem flores exuberantes que n\u00e3o s\u00f3 embelezam o teu espa\u00e7o exterior, como tamb\u00e9m proporcionam um santu\u00e1rio floral para as abelhas, contribuindo para a poliniza\u00e7\u00e3o e a sa\u00fade do teu ambiente. <\/p>\n<ul>\n<li><strong>Origem certificada.<\/strong><\/li>\n<li><strong>Variedade floral.<\/strong><\/li>\n<li><strong>Cultivo sem pesticidas.<\/strong><\/li>\n<li><strong>Cultiva facilmente.<\/strong><\/li>\n<li><strong>Contribui para a poliniza\u00e7\u00e3o.<\/strong><\/li>\n<\/ul>\n<p>Embeleza o teu pomar e jardim e contribui para a biodiversidade com as nossas sementes de flores de abelha biol\u00f3gicas. Desfruta da maravilha de ver o teu jardim florescer enquanto proporcionas um espa\u00e7o de vida para as abelhas e outros polinizadores. <\/p>\n","protected":false},"featured_media":39206,"comment_status":"open","ping_status":"closed","template":"","meta":{"_acf_changed":false},"product_brand":[],"product_cat":[495,427,1320],"product_tag":[1578],"class_list":{"0":"post-38388","1":"product","2":"type-product","3":"status-publish","4":"has-post-thumbnail","6":"product_cat-sementes-de-flores-organicas","7":"product_cat-sementes-organicas-2","8":"product_cat-tradicional","9":"product_tag-eco","11":"first","12":"instock","13":"taxable","14":"shipping-taxable","15":"purchasable","16":"product-type-simple"},"acf":[],"_links":{"self":[{"href":"https:\/\/cultivers.es\/pt-pt\/wp-json\/wp\/v2\/product\/38388","targetHints":{"allow":["GET"]}}],"collection":[{"href":"https:\/\/cultivers.es\/pt-pt\/wp-json\/wp\/v2\/product"}],"about":[{"href":"https:\/\/cultivers.es\/pt-pt\/wp-json\/wp\/v2\/types\/product"}],"replies":[{"embeddable":true,"href":"https:\/\/cultivers.es\/pt-pt\/wp-json\/wp\/v2\/comments?post=38388"}],"wp:featuredmedia":[{"embeddable":true,"href":"https:\/\/cultivers.es\/pt-pt\/wp-json\/wp\/v2\/media\/39206"}],"wp:attachment":[{"href":"https:\/\/cultivers.es\/pt-pt\/wp-json\/wp\/v2\/media?parent=38388"}],"wp:term":[{"taxonomy":"product_brand","embeddable":true,"href":"https:\/\/cultivers.es\/pt-pt\/wp-json\/wp\/v2\/product_brand?post=38388"},{"taxonomy":"product_cat","embeddable":true,"href":"https:\/\/cultivers.es\/pt-pt\/wp-json\/wp\/v2\/product_cat?post=38388"},{"taxonomy":"product_tag","embeddable":true,"href":"https:\/\/cultivers.es\/pt-pt\/wp-json\/wp\/v2\/product_tag?post=38388"}],"curies":[{"name":"wp","href":"https:\/\/api.w.org\/{rel}","templated":true}]}}