{"id":38389,"date":"2024-01-18T09:56:49","date_gmt":"2024-01-18T09:56:49","guid":{"rendered":"https:\/\/cultivers.es\/abonos\/acido-citrico-liquido-anidro\/"},"modified":"2025-09-22T04:46:47","modified_gmt":"2025-09-22T04:46:47","slug":"acido-citrico-liquido-anidro","status":"publish","type":"product","link":"https:\/\/cultivers.es\/pt-pt\/fertilizantes\/acido-citrico-liquido-anidro\/","title":{"rendered":"\u00c1cido c\u00edtrico l\u00edquido anidro"},"content":{"rendered":"","protected":false},"excerpt":{"rendered":"<p>O \u00e1cido c\u00edtrico \u00e9 <span class=\"a-list-item\">uma <\/span>subst\u00e2ncia vers\u00e1til que se encontra normalmente nos citrinos, como os lim\u00f5es, as laranjas e as limas. As suas propriedades \u00e1cidas e a sua capacidade de decompor os minerais tornam-no \u00fatil numa variedade de aplica\u00e7\u00f5es, incluindo os cuidados com o jardim e o exterior. Eis algumas formas em que o \u00e1cido c\u00edtrico pode ser ben\u00e9fico em jardins:  <\/p>\n<p>&nbsp;<\/p>\n<p><span class=\"a-list-item\"><strong>1. agricultura e corretor de pH:<\/strong> O \u00e1cido c\u00edtrico l\u00edquido CULTIVERS \u00e9 excelente para regular o pH na agricultura biol\u00f3gica, favorecer a microbiologia do solo e desentupir os gotejadores por fertirriga\u00e7\u00e3o. Um aliado para as tuas culturas! <\/span><\/p>\n<p><span class=\"a-list-item\"><strong>2. melhora a \u00e1gua de irriga\u00e7\u00e3o e a desinfe\u00e7\u00e3o:<\/strong> utiliza o nosso \u00e1cido c\u00edtrico como corretor de pH na \u00e1gua de irriga\u00e7\u00e3o, ajudando a atividade microbiana do solo. Tamb\u00e9m \u00e9 perfeito para limpar e desinfetar gotejadores, equipamento e drenos. <\/span><\/p>\n<p><strong>3. Limpeza de canteiros e vasos:<\/strong> O \u00e1cido c\u00edtrico pode ajudar a remover dep\u00f3sitos minerais e manchas de \u00e1gua dura em canteiros e vasos. Ao limpar estas \u00e1reas, proporciona um ambiente mais saud\u00e1vel para o crescimento das plantas. <\/p>\n<p><strong>4. Limpeza de ferramentas de jardinagem:<\/strong> A mistura de \u00e1cido c\u00edtrico com \u00e1gua pode ser eficaz na limpeza de ferramentas de jardinagem, removendo a sujidade acumulada, a ferrugem e outras impurezas. Isto ajuda a manter as ferramentas em boas condi\u00e7\u00f5es e prolonga a sua vida \u00fatil. <\/p>\n<p><strong>5. Manuten\u00e7\u00e3o de grelhadores:<\/strong> O \u00e1cido c\u00edtrico pode ser utilizado para limpar grelhadores e superf\u00edcies de grelhadores. A sua capacidade para dissolver a gordura e remover as manchas pode deixar o churrasco num estado higi\u00e9nico e pronto a ser utilizado. <\/p>\n<p><strong>6. Cuidados com o mobili\u00e1rio de exterior:<\/strong> Diluir \u00e1cido c\u00edtrico em \u00e1gua e aplic\u00e1-lo no mobili\u00e1rio de exterior pode ajudar a remover manchas e sujidade. Isto \u00e9 especialmente \u00fatil para m\u00f3veis de pl\u00e1stico, metal ou madeira. <\/p>\n<p><strong>7. Cuidado com os elementos decorativos:<\/strong> Se tiveres elementos decorativos no jardim, como est\u00e1tuas ou ornamentos, podes usar \u00e1cido c\u00edtrico para limpar e manter o seu aspeto original sem danificar o material.<\/p>\n<p><strong>8. Remo\u00e7\u00e3o de manchas em superf\u00edcies duras:<\/strong> As superf\u00edcies duras, como terra\u00e7os ou caminhos, podem beneficiar da a\u00e7\u00e3o de limpeza do \u00e1cido c\u00edtrico, removendo facilmente as manchas e a sujidade acumulada.<\/p>\n<p>\u00c9 importante notar que, quando utilizas \u00e1cido c\u00edtrico em ambientes exteriores, este deve ser devidamente dilu\u00eddo para evitar poss\u00edveis danos nas plantas ou superf\u00edcies tratadas. Al\u00e9m disso, \u00e9 aconselh\u00e1vel testar uma pequena \u00e1rea antes de aplicar o \u00e1cido c\u00edtrico de forma mais extensa. <\/p>\n","protected":false},"featured_media":23438,"comment_status":"open","ping_status":"closed","template":"","meta":{"_acf_changed":false},"product_brand":[],"product_cat":[613],"product_tag":[],"woo-feed-brand":[],"class_list":{"0":"post-38389","1":"product","2":"type-product","3":"status-publish","4":"has-post-thumbnail","6":"product_cat-correctores-de-deficiencias","8":"first","9":"instock","10":"taxable","11":"shipping-taxable","12":"purchasable","13":"product-type-variable"},"acf":[],"_links":{"self":[{"href":"https:\/\/cultivers.es\/pt-pt\/wp-json\/wp\/v2\/product\/38389","targetHints":{"allow":["GET"]}}],"collection":[{"href":"https:\/\/cultivers.es\/pt-pt\/wp-json\/wp\/v2\/product"}],"about":[{"href":"https:\/\/cultivers.es\/pt-pt\/wp-json\/wp\/v2\/types\/product"}],"replies":[{"embeddable":true,"href":"https:\/\/cultivers.es\/pt-pt\/wp-json\/wp\/v2\/comments?post=38389"}],"wp:featuredmedia":[{"embeddable":true,"href":"https:\/\/cultivers.es\/pt-pt\/wp-json\/wp\/v2\/media\/23438"}],"wp:attachment":[{"href":"https:\/\/cultivers.es\/pt-pt\/wp-json\/wp\/v2\/media?parent=38389"}],"wp:term":[{"taxonomy":"product_brand","embeddable":true,"href":"https:\/\/cultivers.es\/pt-pt\/wp-json\/wp\/v2\/product_brand?post=38389"},{"taxonomy":"product_cat","embeddable":true,"href":"https:\/\/cultivers.es\/pt-pt\/wp-json\/wp\/v2\/product_cat?post=38389"},{"taxonomy":"product_tag","embeddable":true,"href":"https:\/\/cultivers.es\/pt-pt\/wp-json\/wp\/v2\/product_tag?post=38389"},{"taxonomy":"woo-feed-brand","embeddable":true,"href":"https:\/\/cultivers.es\/pt-pt\/wp-json\/wp\/v2\/woo-feed-brand?post=38389"}],"curies":[{"name":"wp","href":"https:\/\/api.w.org\/{rel}","templated":true}]}}