{"id":38424,"date":"2024-02-06T10:03:34","date_gmt":"2024-02-06T10:03:34","guid":{"rendered":"https:\/\/cultivers.es\/abonos\/rosa-albardera-sementes-biologicas\/"},"modified":"2025-11-17T23:14:56","modified_gmt":"2025-11-17T23:14:56","slug":"rosa-albardera-sementes-biologicas","status":"publish","type":"product","link":"https:\/\/cultivers.es\/pt-pt\/fertilizantes\/rosa-albardera-sementes-biologicas\/","title":{"rendered":"Sementes de rosa Albardera"},"content":{"rendered":"","protected":false},"excerpt":{"rendered":"<p>As nossas sementes de Rosa Albardeira s\u00e3o um tributo \u00e0 beleza e tradi\u00e7\u00e3o que caracteriza estas rosas perenes. Provenientes de uma longa hist\u00f3ria de cultivo e cuidado, estas sementes preservam a ess\u00eancia da eleg\u00e2ncia intemporal e da fragr\u00e2ncia inebriante que s\u00f3 as rosas Albardeira podem oferecer. <\/p>\n<ul>\n<li><strong>Proveniente de sementes tradicionais<\/strong><\/li>\n<li><strong>Heran\u00e7a floral.<\/strong><\/li>\n<li><strong>Beleza perene.<\/strong><\/li>\n<li><strong>Fragr\u00e2ncia inebriante.<\/strong><\/li>\n<li><strong>Cuidados de cultivo.<\/strong><\/li>\n<li><strong>Versatilidade no jardim.<\/strong><\/li>\n<\/ul>\n<p>Cultiva a eleg\u00e2ncia e a tradi\u00e7\u00e3o no teu jardim com as nossas sementes de Rosa Albardeira. Desfruta da beleza intemporal e do aroma inebriante destas rosas, cultivadas com amor e carinho no teu pr\u00f3prio jardim. <\/p>\n","protected":false},"featured_media":23719,"comment_status":"open","ping_status":"closed","template":"","meta":{"_acf_changed":false},"product_brand":[],"product_cat":[495,1320],"product_tag":[1578],"class_list":{"0":"post-38424","1":"product","2":"type-product","3":"status-publish","4":"has-post-thumbnail","6":"product_cat-sementes-de-flores-organicas","7":"product_cat-tradicional","8":"product_tag-eco","10":"first","11":"instock","12":"taxable","13":"shipping-taxable","14":"purchasable","15":"product-type-simple"},"acf":[],"_links":{"self":[{"href":"https:\/\/cultivers.es\/pt-pt\/wp-json\/wp\/v2\/product\/38424","targetHints":{"allow":["GET"]}}],"collection":[{"href":"https:\/\/cultivers.es\/pt-pt\/wp-json\/wp\/v2\/product"}],"about":[{"href":"https:\/\/cultivers.es\/pt-pt\/wp-json\/wp\/v2\/types\/product"}],"replies":[{"embeddable":true,"href":"https:\/\/cultivers.es\/pt-pt\/wp-json\/wp\/v2\/comments?post=38424"}],"wp:featuredmedia":[{"embeddable":true,"href":"https:\/\/cultivers.es\/pt-pt\/wp-json\/wp\/v2\/media\/23719"}],"wp:attachment":[{"href":"https:\/\/cultivers.es\/pt-pt\/wp-json\/wp\/v2\/media?parent=38424"}],"wp:term":[{"taxonomy":"product_brand","embeddable":true,"href":"https:\/\/cultivers.es\/pt-pt\/wp-json\/wp\/v2\/product_brand?post=38424"},{"taxonomy":"product_cat","embeddable":true,"href":"https:\/\/cultivers.es\/pt-pt\/wp-json\/wp\/v2\/product_cat?post=38424"},{"taxonomy":"product_tag","embeddable":true,"href":"https:\/\/cultivers.es\/pt-pt\/wp-json\/wp\/v2\/product_tag?post=38424"}],"curies":[{"name":"wp","href":"https:\/\/api.w.org\/{rel}","templated":true}]}}