{"id":38433,"date":"2024-02-06T10:36:29","date_gmt":"2024-02-06T10:36:29","guid":{"rendered":"https:\/\/cultivers.es\/abonos\/sementes-de-cenoura-pau-roxo-das-seis-marias-sementes-de-cenoura-biologicas\/"},"modified":"2025-09-22T05:42:35","modified_gmt":"2025-09-22T05:42:35","slug":"sementes-de-cenoura-pau-roxo-das-seis-marias-sementes-de-cenoura-biologicas","status":"publish","type":"product","link":"https:\/\/cultivers.es\/pt-pt\/fertilizantes\/sementes-de-cenoura-pau-roxo-das-seis-marias-sementes-de-cenoura-biologicas\/","title":{"rendered":"Pau Roxo das Seis Marias Sementes de Cenoura"},"content":{"rendered":"","protected":false},"excerpt":{"rendered":"<p>As nossas sementes de cenoura biol\u00f3gica Pau Roxo das Seis Marias s\u00e3o um tesouro culin\u00e1rio que encerra s\u00e9culos de tradi\u00e7\u00e3o e um sabor excecional. Oriundas de um rico patrim\u00f3nio agr\u00edcola, estas sementes preservam a autenticidade e a liga\u00e7\u00e3o \u00e0 terra que s\u00f3 as cenouras Pau Roxo das Seis Marias podem oferecer. <\/p>\n<ul>\n<li><strong>Proveniente de sementes tradicionais<\/strong><\/li>\n<li><strong>Patrim\u00f3nio agr\u00edcola.<\/strong><\/li>\n<li><strong>Gosto excecional.<\/strong><\/li>\n<li><strong>Cultivo respeitoso.<\/strong><\/li>\n<li><strong>Adaptabilidade no cultivo.<\/strong><\/li>\n<li><strong>Nutri\u00e7\u00e3o e Sabor.<\/strong><\/li>\n<\/ul>\n<p>Cultiva a hist\u00f3ria e o sabor na tua horta com as nossas sementes de cenoura biol\u00f3gica Pau Roxo das Seis Marias. Desfruta da satisfa\u00e7\u00e3o de colher e saborear cenouras com um sabor aut\u00eantico e uma liga\u00e7\u00e3o \u00e0 rica tradi\u00e7\u00e3o agr\u00edcola da regi\u00e3o. <\/p>\n","protected":false},"featured_media":45373,"comment_status":"open","ping_status":"closed","template":"","meta":{"_acf_changed":false},"product_brand":[],"product_cat":[439,427,1320],"product_tag":[1578],"class_list":{"0":"post-38433","1":"product","2":"type-product","3":"status-publish","4":"has-post-thumbnail","6":"product_cat-sementes-de-raizes-organicas","7":"product_cat-sementes-organicas-2","8":"product_cat-tradicional","9":"product_tag-eco","11":"first","12":"instock","13":"taxable","14":"shipping-taxable","15":"purchasable","16":"product-type-simple"},"acf":[],"_links":{"self":[{"href":"https:\/\/cultivers.es\/pt-pt\/wp-json\/wp\/v2\/product\/38433","targetHints":{"allow":["GET"]}}],"collection":[{"href":"https:\/\/cultivers.es\/pt-pt\/wp-json\/wp\/v2\/product"}],"about":[{"href":"https:\/\/cultivers.es\/pt-pt\/wp-json\/wp\/v2\/types\/product"}],"replies":[{"embeddable":true,"href":"https:\/\/cultivers.es\/pt-pt\/wp-json\/wp\/v2\/comments?post=38433"}],"wp:featuredmedia":[{"embeddable":true,"href":"https:\/\/cultivers.es\/pt-pt\/wp-json\/wp\/v2\/media\/45373"}],"wp:attachment":[{"href":"https:\/\/cultivers.es\/pt-pt\/wp-json\/wp\/v2\/media?parent=38433"}],"wp:term":[{"taxonomy":"product_brand","embeddable":true,"href":"https:\/\/cultivers.es\/pt-pt\/wp-json\/wp\/v2\/product_brand?post=38433"},{"taxonomy":"product_cat","embeddable":true,"href":"https:\/\/cultivers.es\/pt-pt\/wp-json\/wp\/v2\/product_cat?post=38433"},{"taxonomy":"product_tag","embeddable":true,"href":"https:\/\/cultivers.es\/pt-pt\/wp-json\/wp\/v2\/product_tag?post=38433"}],"curies":[{"name":"wp","href":"https:\/\/api.w.org\/{rel}","templated":true}]}}