{"id":38434,"date":"2024-02-06T10:53:43","date_gmt":"2024-02-06T10:53:43","guid":{"rendered":"https:\/\/cultivers.es\/abonos\/sementes-de-tremoco-organico\/"},"modified":"2025-09-22T05:42:26","modified_gmt":"2025-09-22T05:42:26","slug":"sementes-de-tremoco-organico","status":"publish","type":"product","link":"https:\/\/cultivers.es\/pt-pt\/fertilizantes\/sementes-de-tremoco-organico\/","title":{"rendered":"Sementes de tremo\u00e7o"},"content":{"rendered":"","protected":false},"excerpt":{"rendered":"<p>As nossas sementes de tremo\u00e7o org\u00e2nico s\u00e3o um legado agr\u00edcola que encerra s\u00e9culos de tradi\u00e7\u00e3o e um sabor \u00fanico. Oriundas de um rico patrim\u00f3nio agr\u00edcola, estas sementes preservam a autenticidade e a liga\u00e7\u00e3o \u00e0 terra que s\u00f3 os tremo\u00e7os podem oferecer. <\/p>\n<ul>\n<li><strong>Proveniente de sementes tradicionais<\/strong><\/li>\n<li><strong>Herencia Campesina.<\/strong><\/li>\n<li><strong>Gosto excecional.<\/strong><\/li>\n<li><strong>Cultivo respeitoso.<\/strong><\/li>\n<li><strong>Adaptabilidade no cultivo.<\/strong><\/li>\n<li><strong>Nutri\u00e7\u00e3o e Sabor.<\/strong><\/li>\n<\/ul>\n<p>Cultiva a tradi\u00e7\u00e3o e o sabor no teu jardim com as nossas sementes de tremo\u00e7o org\u00e2nico. Desfruta da satisfa\u00e7\u00e3o de colher e saborear tremo\u00e7os com um sabor aut\u00eantico e uma liga\u00e7\u00e3o \u00e0 rica hist\u00f3ria agr\u00edcola do campo. <\/p>\n","protected":false},"featured_media":42575,"comment_status":"open","ping_status":"closed","template":"","meta":{"_acf_changed":false},"product_brand":[],"product_cat":[759,427,1320],"product_tag":[1578],"class_list":{"0":"post-38434","1":"product","2":"type-product","3":"status-publish","4":"has-post-thumbnail","6":"product_cat-sementes-de-leguminosas-biologicas","7":"product_cat-sementes-organicas-2","8":"product_cat-tradicional","9":"product_tag-eco","11":"first","12":"instock","13":"taxable","14":"shipping-taxable","15":"purchasable","16":"product-type-simple"},"acf":[],"_links":{"self":[{"href":"https:\/\/cultivers.es\/pt-pt\/wp-json\/wp\/v2\/product\/38434","targetHints":{"allow":["GET"]}}],"collection":[{"href":"https:\/\/cultivers.es\/pt-pt\/wp-json\/wp\/v2\/product"}],"about":[{"href":"https:\/\/cultivers.es\/pt-pt\/wp-json\/wp\/v2\/types\/product"}],"replies":[{"embeddable":true,"href":"https:\/\/cultivers.es\/pt-pt\/wp-json\/wp\/v2\/comments?post=38434"}],"wp:featuredmedia":[{"embeddable":true,"href":"https:\/\/cultivers.es\/pt-pt\/wp-json\/wp\/v2\/media\/42575"}],"wp:attachment":[{"href":"https:\/\/cultivers.es\/pt-pt\/wp-json\/wp\/v2\/media?parent=38434"}],"wp:term":[{"taxonomy":"product_brand","embeddable":true,"href":"https:\/\/cultivers.es\/pt-pt\/wp-json\/wp\/v2\/product_brand?post=38434"},{"taxonomy":"product_cat","embeddable":true,"href":"https:\/\/cultivers.es\/pt-pt\/wp-json\/wp\/v2\/product_cat?post=38434"},{"taxonomy":"product_tag","embeddable":true,"href":"https:\/\/cultivers.es\/pt-pt\/wp-json\/wp\/v2\/product_tag?post=38434"}],"curies":[{"name":"wp","href":"https:\/\/api.w.org\/{rel}","templated":true}]}}