{"id":38443,"date":"2024-02-06T11:09:33","date_gmt":"2024-02-06T11:09:33","guid":{"rendered":"https:\/\/cultivers.es\/abonos\/sementes-de-cebola-branca-de-lisboa-biologica\/"},"modified":"2025-09-22T05:42:20","modified_gmt":"2025-09-22T05:42:20","slug":"sementes-de-cebola-branca-de-lisboa-biologica","status":"publish","type":"product","link":"https:\/\/cultivers.es\/pt-pt\/fertilizantes\/sementes-de-cebola-branca-de-lisboa-biologica\/","title":{"rendered":"Sementes de cebola branca de Lisboa biol\u00f3gica"},"content":{"rendered":"","protected":false},"excerpt":{"rendered":"<p>As nossas sementes de cebola branca Lisbon s\u00e3o a escolha ideal para cultivares cebolas frescas e saborosas no teu jardim. Provenientes de uma variedade de cebolas especialmente selecionadas pelo seu sabor e qualidade, estas sementes garantem uma colheita abundante de cebolas brancas, perfeitas para utilizar numa grande variedade de pratos culin\u00e1rios. <\/p>\n<ul>\n<li><strong>Variedade selecionada.<\/strong><\/li>\n<li><strong>Cultivo simples.<\/strong><\/li>\n<li><strong>Versatilidade na cozinha.<\/strong><\/li>\n<li><strong>Colheita abundante.<\/strong><\/li>\n<li><strong>Qualidade garantida.<\/strong><\/li>\n<\/ul>\n<p>D\u00e1 um toque de frescura e sabor aos teus pratos com as nossas sementes de cebola branca de Lisboa. Cultiva as tuas pr\u00f3prias cebolas frescas e saborosas no teu pr\u00f3prio jardim e desfruta da satisfa\u00e7\u00e3o de colher os teus pr\u00f3prios ingredientes. <\/p>\n","protected":false},"featured_media":45343,"comment_status":"open","ping_status":"closed","template":"","meta":{"_acf_changed":false},"product_brand":[],"product_cat":[439,427],"product_tag":[1578],"class_list":{"0":"post-38443","1":"product","2":"type-product","3":"status-publish","4":"has-post-thumbnail","6":"product_cat-sementes-de-raizes-organicas","7":"product_cat-sementes-organicas-2","8":"product_tag-eco","10":"first","11":"instock","12":"sale","13":"taxable","14":"shipping-taxable","15":"purchasable","16":"product-type-simple"},"acf":[],"_links":{"self":[{"href":"https:\/\/cultivers.es\/pt-pt\/wp-json\/wp\/v2\/product\/38443","targetHints":{"allow":["GET"]}}],"collection":[{"href":"https:\/\/cultivers.es\/pt-pt\/wp-json\/wp\/v2\/product"}],"about":[{"href":"https:\/\/cultivers.es\/pt-pt\/wp-json\/wp\/v2\/types\/product"}],"replies":[{"embeddable":true,"href":"https:\/\/cultivers.es\/pt-pt\/wp-json\/wp\/v2\/comments?post=38443"}],"wp:featuredmedia":[{"embeddable":true,"href":"https:\/\/cultivers.es\/pt-pt\/wp-json\/wp\/v2\/media\/45343"}],"wp:attachment":[{"href":"https:\/\/cultivers.es\/pt-pt\/wp-json\/wp\/v2\/media?parent=38443"}],"wp:term":[{"taxonomy":"product_brand","embeddable":true,"href":"https:\/\/cultivers.es\/pt-pt\/wp-json\/wp\/v2\/product_brand?post=38443"},{"taxonomy":"product_cat","embeddable":true,"href":"https:\/\/cultivers.es\/pt-pt\/wp-json\/wp\/v2\/product_cat?post=38443"},{"taxonomy":"product_tag","embeddable":true,"href":"https:\/\/cultivers.es\/pt-pt\/wp-json\/wp\/v2\/product_tag?post=38443"}],"curies":[{"name":"wp","href":"https:\/\/api.w.org\/{rel}","templated":true}]}}