{"id":38483,"date":"2024-04-15T09:00:07","date_gmt":"2024-04-15T09:00:07","guid":{"rendered":"https:\/\/cultivers.es\/abonos\/sementes-de-tomate-dorenia-organico\/"},"modified":"2025-09-22T05:17:37","modified_gmt":"2025-09-22T05:17:37","slug":"sementes-de-tomate-dorenia-organico","status":"publish","type":"product","link":"https:\/\/cultivers.es\/pt-pt\/fertilizantes\/sementes-de-tomate-dorenia-organico\/","title":{"rendered":"Sementes de tomate Dorenia"},"content":{"rendered":"","protected":false},"excerpt":{"rendered":"<p>As nossas Sementes de Tomate Dorenia Biol\u00f3gicas s\u00e3o a escolha perfeita para cultivares tomates frescos e saborosos no teu jardim. Provenientes de uma variedade especialmente selecionada pelo seu excelente sabor, textura suculenta e aroma irresist\u00edvel, estas sementes garantem uma colheita abundante de tomates de alta qualidade, ideais para uma variedade de pratos culin\u00e1rios e para desfrutar frescos do jardim para a mesa. <\/p>\n<ul>\n<li><strong>Variedade selecionada.<\/strong><\/li>\n<li><strong>Agricultura biol\u00f3gica.<\/strong><\/li>\n<li><strong>Cultiva facilmente.<\/strong><\/li>\n<li><strong>Versatilidade culin\u00e1ria.<\/strong><\/li>\n<li><strong>Alto valor nutritivo.<\/strong><\/li>\n<\/ul>\n<p>Cultiva um sabor e uma frescura excepcionais no teu jardim com as nossas Sementes de Tomate Dorenia Biol\u00f3gicas. Desfruta da satisfa\u00e7\u00e3o de colher em casa os teus pr\u00f3prios tomates deliciosos e saud\u00e1veis, enchendo os teus pratos com o aut\u00eantico sabor da horta. <\/p>\n","protected":false},"featured_media":24681,"comment_status":"open","ping_status":"closed","template":"","meta":{"_acf_changed":false},"product_brand":[],"product_cat":[429,427],"product_tag":[1578],"class_list":{"0":"post-38483","1":"product","2":"type-product","3":"status-publish","4":"has-post-thumbnail","6":"product_cat-sementes-de-frutas-e-legumes-biologicos","7":"product_cat-sementes-organicas-2","8":"product_tag-eco","10":"first","11":"instock","12":"sale","13":"taxable","14":"shipping-taxable","15":"purchasable","16":"product-type-simple"},"acf":[],"_links":{"self":[{"href":"https:\/\/cultivers.es\/pt-pt\/wp-json\/wp\/v2\/product\/38483","targetHints":{"allow":["GET"]}}],"collection":[{"href":"https:\/\/cultivers.es\/pt-pt\/wp-json\/wp\/v2\/product"}],"about":[{"href":"https:\/\/cultivers.es\/pt-pt\/wp-json\/wp\/v2\/types\/product"}],"replies":[{"embeddable":true,"href":"https:\/\/cultivers.es\/pt-pt\/wp-json\/wp\/v2\/comments?post=38483"}],"wp:featuredmedia":[{"embeddable":true,"href":"https:\/\/cultivers.es\/pt-pt\/wp-json\/wp\/v2\/media\/24681"}],"wp:attachment":[{"href":"https:\/\/cultivers.es\/pt-pt\/wp-json\/wp\/v2\/media?parent=38483"}],"wp:term":[{"taxonomy":"product_brand","embeddable":true,"href":"https:\/\/cultivers.es\/pt-pt\/wp-json\/wp\/v2\/product_brand?post=38483"},{"taxonomy":"product_cat","embeddable":true,"href":"https:\/\/cultivers.es\/pt-pt\/wp-json\/wp\/v2\/product_cat?post=38483"},{"taxonomy":"product_tag","embeddable":true,"href":"https:\/\/cultivers.es\/pt-pt\/wp-json\/wp\/v2\/product_tag?post=38483"}],"curies":[{"name":"wp","href":"https:\/\/api.w.org\/{rel}","templated":true}]}}