{"id":38493,"date":"2024-04-19T08:10:51","date_gmt":"2024-04-19T08:10:51","guid":{"rendered":"https:\/\/cultivers.es\/abonos\/sementes-de-alho-frances-de-carentan-2-biologico\/"},"modified":"2025-09-22T04:47:57","modified_gmt":"2025-09-22T04:47:57","slug":"sementes-de-alho-frances-de-carentan-2-biologico","status":"publish","type":"product","link":"https:\/\/cultivers.es\/pt-pt\/fertilizantes\/sementes-de-alho-frances-de-carentan-2-biologico\/","title":{"rendered":"Sementes de alho franc\u00eas Carentan 2"},"content":{"rendered":"","protected":false},"excerpt":{"rendered":"<p>As nossas sementes org\u00e2nicas de alho franc\u00eas Carentan 2 s\u00e3o a escolha perfeita para cultivares alhos franceses arom\u00e1ticos e de alta qualidade no teu jardim. Provenientes de uma variedade especialmente selecionada pelo seu sabor suave e textura tenra, estas sementes garantem uma colheita abundante de alho-franc\u00eas ideal para uma variedade de pratos culin\u00e1rios, sopas, guisados e muito mais. <\/p>\n<ul>\n<li><strong>Variedade selecionada.<\/strong><\/li>\n<li><strong>Agricultura biol\u00f3gica.<\/strong><\/li>\n<li><strong>Cultivo f\u00e1cil<\/strong>.<\/li>\n<li><strong>Versatilidade culin\u00e1ria.<\/strong><\/li>\n<li><strong>Alto valor nutritivo.<\/strong><\/li>\n<\/ul>\n<p>Desfruta de um sabor delicado e de versatilidade culin\u00e1ria com as nossas sementes de alho franc\u00eas org\u00e2nico Carentan 2. Cultiva os teus pr\u00f3prios alhos franceses frescos e saborosos em casa e desfruta da satisfa\u00e7\u00e3o de colher os teus pr\u00f3prios ingredientes. <\/p>\n","protected":false},"featured_media":24784,"comment_status":"open","ping_status":"closed","template":"","meta":{"_acf_changed":false},"product_brand":[],"product_cat":[439,427],"product_tag":[1578],"woo-feed-brand":[],"class_list":{"0":"post-38493","1":"product","2":"type-product","3":"status-publish","4":"has-post-thumbnail","6":"product_cat-sementes-de-raizes-organicas","7":"product_cat-sementes-organicas-2","8":"product_tag-eco","10":"first","11":"instock","12":"taxable","13":"shipping-taxable","14":"purchasable","15":"product-type-simple"},"acf":[],"_links":{"self":[{"href":"https:\/\/cultivers.es\/pt-pt\/wp-json\/wp\/v2\/product\/38493","targetHints":{"allow":["GET"]}}],"collection":[{"href":"https:\/\/cultivers.es\/pt-pt\/wp-json\/wp\/v2\/product"}],"about":[{"href":"https:\/\/cultivers.es\/pt-pt\/wp-json\/wp\/v2\/types\/product"}],"replies":[{"embeddable":true,"href":"https:\/\/cultivers.es\/pt-pt\/wp-json\/wp\/v2\/comments?post=38493"}],"wp:featuredmedia":[{"embeddable":true,"href":"https:\/\/cultivers.es\/pt-pt\/wp-json\/wp\/v2\/media\/24784"}],"wp:attachment":[{"href":"https:\/\/cultivers.es\/pt-pt\/wp-json\/wp\/v2\/media?parent=38493"}],"wp:term":[{"taxonomy":"product_brand","embeddable":true,"href":"https:\/\/cultivers.es\/pt-pt\/wp-json\/wp\/v2\/product_brand?post=38493"},{"taxonomy":"product_cat","embeddable":true,"href":"https:\/\/cultivers.es\/pt-pt\/wp-json\/wp\/v2\/product_cat?post=38493"},{"taxonomy":"product_tag","embeddable":true,"href":"https:\/\/cultivers.es\/pt-pt\/wp-json\/wp\/v2\/product_tag?post=38493"},{"taxonomy":"woo-feed-brand","embeddable":true,"href":"https:\/\/cultivers.es\/pt-pt\/wp-json\/wp\/v2\/woo-feed-brand?post=38493"}],"curies":[{"name":"wp","href":"https:\/\/api.w.org\/{rel}","templated":true}]}}