{"id":38503,"date":"2024-04-19T08:26:17","date_gmt":"2024-04-19T08:26:17","guid":{"rendered":"https:\/\/cultivers.es\/abonos\/sementes-de-couve-organica-san-martino\/"},"modified":"2025-09-22T04:47:36","modified_gmt":"2025-09-22T04:47:36","slug":"sementes-de-couve-organica-san-martino","status":"publish","type":"product","link":"https:\/\/cultivers.es\/pt-pt\/fertilizantes\/sementes-de-couve-organica-san-martino\/","title":{"rendered":"Sementes de couve San Martino"},"content":{"rendered":"","protected":false},"excerpt":{"rendered":"<p>As nossas sementes de couve org\u00e2nica San Martino s\u00e3o a escolha perfeita para cultivares couves frescas e nutritivas no teu jardim. Provenientes de uma variedade especialmente selecionada pelo seu sabor doce e suave e pela capacidade de manter a sua frescura durante mais tempo, estas sementes garantem uma colheita abundante de couve de alta qualidade, ideal para saladas, guisados, salteados e muito mais. <\/p>\n<ul>\n<li><strong>Variedade selecionada.<\/strong><\/li>\n<li><strong>Agricultura biol\u00f3gica.<\/strong><\/li>\n<li><strong>Cultiva facilmente.<\/strong><\/li>\n<li><strong>Versatilidade culin\u00e1ria.<\/strong><\/li>\n<li><strong>Alto valor nutritivo.<\/strong><\/li>\n<\/ul>\n<p>Desfruta da frescura e da nutri\u00e7\u00e3o na tua cozinha com as nossas sementes de couve org\u00e2nica San Martino. Cultiva as tuas pr\u00f3prias couves frescas e saborosas em casa e desfruta da satisfa\u00e7\u00e3o de colher os teus pr\u00f3prios ingredientes cheios de vitalidade. <\/p>\n","protected":false},"featured_media":50118,"comment_status":"open","ping_status":"closed","template":"","meta":{"_acf_changed":false},"product_brand":[],"product_cat":[428,427],"product_tag":[1578],"class_list":{"0":"post-38503","1":"product","2":"type-product","3":"status-publish","4":"has-post-thumbnail","6":"product_cat-sementes-de-brassicas-biologicas","7":"product_cat-sementes-organicas-2","8":"product_tag-eco","10":"first","11":"instock","12":"sale","13":"taxable","14":"shipping-taxable","15":"purchasable","16":"product-type-simple"},"acf":[],"_links":{"self":[{"href":"https:\/\/cultivers.es\/pt-pt\/wp-json\/wp\/v2\/product\/38503","targetHints":{"allow":["GET"]}}],"collection":[{"href":"https:\/\/cultivers.es\/pt-pt\/wp-json\/wp\/v2\/product"}],"about":[{"href":"https:\/\/cultivers.es\/pt-pt\/wp-json\/wp\/v2\/types\/product"}],"replies":[{"embeddable":true,"href":"https:\/\/cultivers.es\/pt-pt\/wp-json\/wp\/v2\/comments?post=38503"}],"wp:featuredmedia":[{"embeddable":true,"href":"https:\/\/cultivers.es\/pt-pt\/wp-json\/wp\/v2\/media\/50118"}],"wp:attachment":[{"href":"https:\/\/cultivers.es\/pt-pt\/wp-json\/wp\/v2\/media?parent=38503"}],"wp:term":[{"taxonomy":"product_brand","embeddable":true,"href":"https:\/\/cultivers.es\/pt-pt\/wp-json\/wp\/v2\/product_brand?post=38503"},{"taxonomy":"product_cat","embeddable":true,"href":"https:\/\/cultivers.es\/pt-pt\/wp-json\/wp\/v2\/product_cat?post=38503"},{"taxonomy":"product_tag","embeddable":true,"href":"https:\/\/cultivers.es\/pt-pt\/wp-json\/wp\/v2\/product_tag?post=38503"}],"curies":[{"name":"wp","href":"https:\/\/api.w.org\/{rel}","templated":true}]}}