{"id":38523,"date":"2024-04-22T07:16:48","date_gmt":"2024-04-22T07:16:48","guid":{"rendered":"https:\/\/cultivers.es\/abonos\/alface-de-folha-de-carvalho-organica-cocarde-sementes\/"},"modified":"2026-02-06T16:09:25","modified_gmt":"2026-02-06T16:09:25","slug":"alface-de-folha-de-carvalho-organica-cocarde-sementes","status":"publish","type":"product","link":"https:\/\/cultivers.es\/pt-pt\/fertilizantes\/alface-de-folha-de-carvalho-organica-cocarde-sementes\/","title":{"rendered":"Sementes de alface Cocarde"},"content":{"rendered":"","protected":false},"excerpt":{"rendered":"<p>As nossas sementes de alface Cocarde Organic Oak Leaf permitem-te cultivar alfaces frescas e saborosas no teu jardim de uma forma saud\u00e1vel e org\u00e2nica. Provenientes de uma variedade especialmente selecionada pela sua textura estaladi\u00e7a, sabor suave e forma elegante da folha, estas sementes garantem-te uma colheita abundante de alfaces de alta qualidade, ideais para saladas frescas e pratos leves. <\/p>\n<ul>\n<li><strong>Variedade selecionada.<\/strong><\/li>\n<li><strong>Agricultura biol\u00f3gica.<\/strong><\/li>\n<li><strong>Cultiva facilmente.<\/strong><\/li>\n<li><strong>Versatilidade culin\u00e1ria.<\/strong><\/li>\n<li><strong>Alto valor nutritivo.<\/strong><\/li>\n<\/ul>\n<p>Desfruta de frescura e eleg\u00e2ncia na tua cozinha com as nossas sementes de alface Cocarde Organic Oak Leaf Seeds. Cultiva as tuas pr\u00f3prias alfaces de qualidade e desfruta da satisfa\u00e7\u00e3o de colher os teus pr\u00f3prios ingredientes frescos e saborosos. <\/p>\n","protected":false},"featured_media":45446,"comment_status":"open","ping_status":"closed","template":"","meta":{"_acf_changed":false},"product_brand":[],"product_cat":[503,427],"product_tag":[1578],"woo-feed-brand":[],"class_list":{"0":"post-38523","1":"product","2":"type-product","3":"status-publish","4":"has-post-thumbnail","6":"product_cat-sementes-de-vegetais-de-folha-organicos","7":"product_cat-sementes-organicas-2","8":"product_tag-eco","10":"first","11":"instock","12":"sale","13":"taxable","14":"shipping-taxable","15":"purchasable","16":"product-type-simple"},"acf":[],"_links":{"self":[{"href":"https:\/\/cultivers.es\/pt-pt\/wp-json\/wp\/v2\/product\/38523","targetHints":{"allow":["GET"]}}],"collection":[{"href":"https:\/\/cultivers.es\/pt-pt\/wp-json\/wp\/v2\/product"}],"about":[{"href":"https:\/\/cultivers.es\/pt-pt\/wp-json\/wp\/v2\/types\/product"}],"replies":[{"embeddable":true,"href":"https:\/\/cultivers.es\/pt-pt\/wp-json\/wp\/v2\/comments?post=38523"}],"wp:featuredmedia":[{"embeddable":true,"href":"https:\/\/cultivers.es\/pt-pt\/wp-json\/wp\/v2\/media\/45446"}],"wp:attachment":[{"href":"https:\/\/cultivers.es\/pt-pt\/wp-json\/wp\/v2\/media?parent=38523"}],"wp:term":[{"taxonomy":"product_brand","embeddable":true,"href":"https:\/\/cultivers.es\/pt-pt\/wp-json\/wp\/v2\/product_brand?post=38523"},{"taxonomy":"product_cat","embeddable":true,"href":"https:\/\/cultivers.es\/pt-pt\/wp-json\/wp\/v2\/product_cat?post=38523"},{"taxonomy":"product_tag","embeddable":true,"href":"https:\/\/cultivers.es\/pt-pt\/wp-json\/wp\/v2\/product_tag?post=38523"},{"taxonomy":"woo-feed-brand","embeddable":true,"href":"https:\/\/cultivers.es\/pt-pt\/wp-json\/wp\/v2\/woo-feed-brand?post=38523"}],"curies":[{"name":"wp","href":"https:\/\/api.w.org\/{rel}","templated":true}]}}