{"id":38534,"date":"2024-04-28T14:48:57","date_gmt":"2024-04-28T14:48:57","guid":{"rendered":"https:\/\/cultivers.es\/abonos\/sementes-de-tremoco-azul-organico-da-green-fertiliser\/"},"modified":"2025-09-22T05:25:59","modified_gmt":"2025-09-22T05:25:59","slug":"sementes-de-tremoco-azul-organico-da-green-fertiliser","status":"publish","type":"product","link":"https:\/\/cultivers.es\/pt-pt\/fertilizantes\/sementes-de-tremoco-azul-organico-da-green-fertiliser\/","title":{"rendered":"Fertilizante Verde Sementes de Tremo\u00e7o Azul"},"content":{"rendered":"","protected":false},"excerpt":{"rendered":"<p>As nossas sementes de tremo\u00e7o azul org\u00e2nico s\u00e3o uma excelente escolha para melhorar a qualidade e a fertilidade do solo de uma forma natural e sustent\u00e1vel no teu jardim. O tremo\u00e7o azul, uma leguminosa resistente e ben\u00e9fica, oferece uma s\u00e9rie de benef\u00edcios espec\u00edficos que apoiam o desenvolvimento saud\u00e1vel das culturas e a sa\u00fade do solo de uma forma amiga do ambiente. <\/p>\n<ul>\n<li><strong>Propriedades do adubo verde:<\/strong> O tremo\u00e7o azul \u00e9 conhecido pela sua capacidade de fixar o azoto atmosf\u00e9rico no solo, enriquecendo-o naturalmente com este nutriente essencial para o crescimento das plantas.<\/li>\n<li><strong>Melhoria da estrutura do solo:<\/strong> Ao cultivar tremo\u00e7os azuis como adubo verde, estar\u00e1s a contribuir para melhorar a estrutura do solo, aumentar a mat\u00e9ria org\u00e2nica e a atividade microbiana ben\u00e9fica no solo.<\/li>\n<li><strong>Controlo de ervas daninhas:<\/strong> O crescimento vigoroso do tremo\u00e7o azul ajuda a suprimir o crescimento de ervas daninhas ao competir pelos recursos do solo, reduzindo assim a necessidade de herbicidas qu\u00edmicos.<\/li>\n<li><strong>Prote\u00e7\u00e3o do solo:<\/strong> A cobertura vegetal fornecida pelo tremo\u00e7o azul ajuda a proteger o solo contra a eros\u00e3o causada pelo vento e pela chuva, mantendo a estrutura do solo e a sa\u00fade do solo a longo prazo.<\/li>\n<li><strong>Cultivo org\u00e2nico:<\/strong> Estas sementes de tremo\u00e7o azul s\u00e3o produzidas organicamente, sem o uso de produtos qu\u00edmicos nocivos, garantindo um fornecimento natural e seguro para o teu jardim.<\/li>\n<\/ul>\n<p>Aproveita os benef\u00edcios naturais e a resist\u00eancia que o Tremo\u00e7o Azul proporciona como adubo verde na tua horta. Cultiva um solo mais f\u00e9rtil, equilibrado e saud\u00e1vel de forma sustent\u00e1vel e contribui para o cuidado do ambiente ao mesmo tempo que melhoras a produtividade das tuas culturas. <\/p>\n","protected":false},"featured_media":39188,"comment_status":"open","ping_status":"closed","template":"","meta":{"_acf_changed":false},"product_brand":[],"product_cat":[1292,427],"product_tag":[1578],"woo-feed-brand":[],"class_list":{"0":"post-38534","1":"product","2":"type-product","3":"status-publish","4":"has-post-thumbnail","6":"product_cat-coberturas-vegetais-de-adubos-verdes","7":"product_cat-sementes-organicas-2","8":"product_tag-eco","10":"first","11":"outofstock","12":"taxable","13":"shipping-taxable","14":"purchasable","15":"product-type-simple"},"acf":[],"_links":{"self":[{"href":"https:\/\/cultivers.es\/pt-pt\/wp-json\/wp\/v2\/product\/38534","targetHints":{"allow":["GET"]}}],"collection":[{"href":"https:\/\/cultivers.es\/pt-pt\/wp-json\/wp\/v2\/product"}],"about":[{"href":"https:\/\/cultivers.es\/pt-pt\/wp-json\/wp\/v2\/types\/product"}],"replies":[{"embeddable":true,"href":"https:\/\/cultivers.es\/pt-pt\/wp-json\/wp\/v2\/comments?post=38534"}],"wp:featuredmedia":[{"embeddable":true,"href":"https:\/\/cultivers.es\/pt-pt\/wp-json\/wp\/v2\/media\/39188"}],"wp:attachment":[{"href":"https:\/\/cultivers.es\/pt-pt\/wp-json\/wp\/v2\/media?parent=38534"}],"wp:term":[{"taxonomy":"product_brand","embeddable":true,"href":"https:\/\/cultivers.es\/pt-pt\/wp-json\/wp\/v2\/product_brand?post=38534"},{"taxonomy":"product_cat","embeddable":true,"href":"https:\/\/cultivers.es\/pt-pt\/wp-json\/wp\/v2\/product_cat?post=38534"},{"taxonomy":"product_tag","embeddable":true,"href":"https:\/\/cultivers.es\/pt-pt\/wp-json\/wp\/v2\/product_tag?post=38534"},{"taxonomy":"woo-feed-brand","embeddable":true,"href":"https:\/\/cultivers.es\/pt-pt\/wp-json\/wp\/v2\/woo-feed-brand?post=38534"}],"curies":[{"name":"wp","href":"https:\/\/api.w.org\/{rel}","templated":true}]}}