{"id":38574,"date":"2024-07-16T13:55:34","date_gmt":"2024-07-16T13:55:34","guid":{"rendered":"https:\/\/cultivers.es\/abonos\/fertilizante-universal-para-interiores-e-varandas\/"},"modified":"2025-09-22T05:44:17","modified_gmt":"2025-09-22T05:44:17","slug":"fertilizante-universal-para-interiores-e-varandas","status":"publish","type":"product","link":"https:\/\/cultivers.es\/pt-pt\/fertilizantes\/fertilizante-universal-para-interiores-e-varandas\/","title":{"rendered":"Fertilizante universal para interiores e varandas"},"content":{"rendered":"<p>Este fertilizante l\u00edquido universal \u00e9 a solu\u00e7\u00e3o ideal para o cuidado das tuas plantas de interior e de varanda. F\u00e1cil de aplicar, basta agitar o frasco, espremer o doseador 4 vezes (10 ml), diluir em 1 litro de \u00e1gua e regar a cada 15 dias. A sua f\u00f3rmula equilibrada NPK 4-1-7 fornece os macronutrientes essenciais (azoto, f\u00f3sforo, pot\u00e1ssio) e os micronutrientes como o boro, o ferro, o mangan\u00eas, o molibd\u00e9nio e o zinco, garantindo um crescimento vigoroso e uma frutifica\u00e7\u00e3o saud\u00e1vel.  <\/p>\n<p>Al\u00e9m disso, este fertilizante inclui amino\u00e1cidos que melhoram a assimila\u00e7\u00e3o dos nutrientes e actuam como bioestimulantes, facilitando a recupera\u00e7\u00e3o das plantas em situa\u00e7\u00f5es de stress. 100% natural e ecol\u00f3gico, \u00e9 totalmente inofensivo para os animais, o que o torna uma op\u00e7\u00e3o segura e eficaz para manter as tuas plantas saud\u00e1veis e fortes durante todo o ano. Perfeito para qualquer tipo de planta de casa ou varanda.  <\/p>\n","protected":false},"excerpt":{"rendered":"<ul>\n<li>Adubo <strong>universal e ecol\u00f3gico:<\/strong> Adubo ecol\u00f3gico para plantas de interior e exterior. 100% natural, amigo do ambiente e seguro para os animais. <\/li>\n<li><strong>Aplica\u00e7\u00e3o f\u00e1cil:<\/strong> Basta agitar o frasco, espremer o doseador 4 vezes (10 ml), diluir em 1 litro de \u00e1gua e regar as tuas plantas de 15 em 15 dias.<\/li>\n<li><strong>Desenvolvimento e recupera\u00e7\u00e3o \u00f3ptimos:<\/strong> Este adubo facilita o crescimento das plantas mesmo em situa\u00e7\u00f5es de stress, favorecendo a sua r\u00e1pida recupera\u00e7\u00e3o.<\/li>\n<li><strong>Nutri\u00e7\u00e3o completa e equilibrada:<\/strong> Com uma solu\u00e7\u00e3o NPK 4-1-7, fornece os macronutrientes essenciais (azoto, f\u00f3sforo, pot\u00e1ssio) e micronutrientes como o boro, o ferro, o mangan\u00eas, o molibd\u00e9nio e o zinco.<\/li>\n<li><strong>Melhora a assimila\u00e7\u00e3o dos nutrientes:<\/strong> Cont\u00e9m amino\u00e1cidos que promovem a absor\u00e7\u00e3o de nutrientes, actuando como um bioestimulante natural.<\/li>\n<\/ul>\n","protected":false},"featured_media":27669,"comment_status":"open","ping_status":"closed","template":"","meta":{"_acf_changed":false},"product_brand":[],"product_cat":[1284],"product_tag":[],"class_list":{"0":"post-38574","1":"product","2":"type-product","3":"status-publish","4":"has-post-thumbnail","6":"product_cat-plantas-de-interior-e-varanda","8":"first","9":"instock","10":"taxable","11":"shipping-taxable","12":"purchasable","13":"product-type-variable"},"acf":[],"_links":{"self":[{"href":"https:\/\/cultivers.es\/pt-pt\/wp-json\/wp\/v2\/product\/38574","targetHints":{"allow":["GET"]}}],"collection":[{"href":"https:\/\/cultivers.es\/pt-pt\/wp-json\/wp\/v2\/product"}],"about":[{"href":"https:\/\/cultivers.es\/pt-pt\/wp-json\/wp\/v2\/types\/product"}],"replies":[{"embeddable":true,"href":"https:\/\/cultivers.es\/pt-pt\/wp-json\/wp\/v2\/comments?post=38574"}],"wp:featuredmedia":[{"embeddable":true,"href":"https:\/\/cultivers.es\/pt-pt\/wp-json\/wp\/v2\/media\/27669"}],"wp:attachment":[{"href":"https:\/\/cultivers.es\/pt-pt\/wp-json\/wp\/v2\/media?parent=38574"}],"wp:term":[{"taxonomy":"product_brand","embeddable":true,"href":"https:\/\/cultivers.es\/pt-pt\/wp-json\/wp\/v2\/product_brand?post=38574"},{"taxonomy":"product_cat","embeddable":true,"href":"https:\/\/cultivers.es\/pt-pt\/wp-json\/wp\/v2\/product_cat?post=38574"},{"taxonomy":"product_tag","embeddable":true,"href":"https:\/\/cultivers.es\/pt-pt\/wp-json\/wp\/v2\/product_tag?post=38574"}],"curies":[{"name":"wp","href":"https:\/\/api.w.org\/{rel}","templated":true}]}}