{"id":38623,"date":"2024-08-14T07:27:43","date_gmt":"2024-08-14T07:27:43","guid":{"rendered":"https:\/\/cultivers.es\/abonos\/bomba-de-sementes-de-flores-da-mae\/"},"modified":"2025-09-22T04:48:43","modified_gmt":"2025-09-22T04:48:43","slug":"bomba-de-sementes-de-flores-da-mae","status":"publish","type":"product","link":"https:\/\/cultivers.es\/pt-pt\/fertilizantes\/bomba-de-sementes-de-flores-da-mae\/","title":{"rendered":"Bomba de sementes de flores da m\u00e3e"},"content":{"rendered":"","protected":false},"excerpt":{"rendered":"<p>A bomba de sementes <strong>&#8220;Mother is Flower&#8221;<\/strong> \u00e9 uma celebra\u00e7\u00e3o da vida e da beleza da natureza. Esta mistura foi especialmente concebida para honrar a fertilidade e a abund\u00e2ncia da terra, criando um ambiente cheio de cor e biodiversidade. Cont\u00e9m uma sele\u00e7\u00e3o de sementes org\u00e2nicas que se transformar\u00e3o num jardim de flores com v\u00e1rias cores e texturas, perfeito para atrair polinizadores como abelhas e borboletas.  <\/p>\n<p>Ideal para jardins, hortas urbanas ou mesmo para grandes vasos, esta bomba de sementes \u00e9 f\u00e1cil de usar: basta deix\u00e1-la cair na terra, regar um pouco e deixar a magia acontecer. <strong>&#8220;M\u00e3e \u00e9 Flor&#8221;<\/strong> tem como objetivo n\u00e3o s\u00f3 embelezar os espa\u00e7os, mas tamb\u00e9m contribuir para o equil\u00edbrio ecol\u00f3gico e para a preserva\u00e7\u00e3o das esp\u00e9cies de flores aut\u00f3ctones.<\/p>\n<p><strong>Variedades que incluem estas bombas:<\/strong> <strong>Antirrhinum majus, Calendula officinalis, Centaura cyanus, Cosmos sulphereus, Linum usitatissimum, Nigella damascena, Vaccaria hispanica, Lupinus angustifolius, Lupinus luteus, Eschscholzia californica, Callistephus chinensis.<\/strong><\/p>\n<ul>\n<li>6 bolas de sementes, \u00d8 2,5 cm, substrato org\u00e2nico, p\u00f3 de argila, sementes org\u00e2nicas.<\/li>\n<li>Flores decorativas: mistura variada que d\u00e1 flores durante todo o ver\u00e3o.<\/li>\n<li>Cont\u00e9m, entre outros: cent\u00e1urea, cosmos e papoila.<\/li>\n<li>Altura da planta: 60-100 cm.<\/li>\n<li>Sementeira: In\u00edcio da primavera (janeiro - maio).<\/li>\n<li>Pressiona ligeiramente o torr\u00e3o no solo preparado. As sementes precisam de luz e humidade para germinar. <\/li>\n<\/ul>\n<p>Aproveita esta oportunidade para te ligares \u00e0 natureza de uma forma simples e significativa - cria o teu canto de vida e cor com <strong>&#8220;M\u00e3e \u00e9 Flor&#8221;<\/strong>! <\/p>\n","protected":false},"featured_media":31380,"comment_status":"open","ping_status":"closed","template":"","meta":{"_acf_changed":false},"product_brand":[],"product_cat":[1302,427],"product_tag":[1578],"class_list":{"0":"post-38623","1":"product","2":"type-product","3":"status-publish","4":"has-post-thumbnail","6":"product_cat-bombas-de-sementes","7":"product_cat-sementes-organicas-2","8":"product_tag-eco","10":"first","11":"instock","12":"sale","13":"taxable","14":"shipping-taxable","15":"purchasable","16":"product-type-simple"},"acf":[],"_links":{"self":[{"href":"https:\/\/cultivers.es\/pt-pt\/wp-json\/wp\/v2\/product\/38623","targetHints":{"allow":["GET"]}}],"collection":[{"href":"https:\/\/cultivers.es\/pt-pt\/wp-json\/wp\/v2\/product"}],"about":[{"href":"https:\/\/cultivers.es\/pt-pt\/wp-json\/wp\/v2\/types\/product"}],"replies":[{"embeddable":true,"href":"https:\/\/cultivers.es\/pt-pt\/wp-json\/wp\/v2\/comments?post=38623"}],"wp:featuredmedia":[{"embeddable":true,"href":"https:\/\/cultivers.es\/pt-pt\/wp-json\/wp\/v2\/media\/31380"}],"wp:attachment":[{"href":"https:\/\/cultivers.es\/pt-pt\/wp-json\/wp\/v2\/media?parent=38623"}],"wp:term":[{"taxonomy":"product_brand","embeddable":true,"href":"https:\/\/cultivers.es\/pt-pt\/wp-json\/wp\/v2\/product_brand?post=38623"},{"taxonomy":"product_cat","embeddable":true,"href":"https:\/\/cultivers.es\/pt-pt\/wp-json\/wp\/v2\/product_cat?post=38623"},{"taxonomy":"product_tag","embeddable":true,"href":"https:\/\/cultivers.es\/pt-pt\/wp-json\/wp\/v2\/product_tag?post=38623"}],"curies":[{"name":"wp","href":"https:\/\/api.w.org\/{rel}","templated":true}]}}